{"id":8,"date":"2022-12-19T15:49:32","date_gmt":"2022-12-19T15:49:32","guid":{"rendered":"https:\/\/molinapanama.com\/demoes\/?page_id=8"},"modified":"2023-03-15T02:49:53","modified_gmt":"2023-03-15T02:49:53","slug":"inicio","status":"publish","type":"page","link":"https:\/\/molinapanama.com\/es\/","title":{"rendered":"Inicio"},"content":{"rendered":"\t\t<div data-elementor-type=\"wp-page\" data-elementor-id=\"8\" class=\"elementor elementor-8\" data-elementor-post-type=\"page\">\n\t\t\t\t\t\t<section class=\"elementor-section elementor-top-section elementor-element elementor-element-453f0cb elementor-section-full_width elementor-section-height-min-height elementor-section-stretched elementor-section-height-default elementor-section-items-middle\" data-id=\"453f0cb\" data-element_type=\"section\" data-e-type=\"section\" data-settings=\"{&quot;stretch_section&quot;:&quot;section-stretched&quot;}\">\n\t\t\t\t\t\t<div class=\"elementor-container elementor-column-gap-no\">\n\t\t\t\t\t<div class=\"elementor-column elementor-col-100 elementor-top-column elementor-element elementor-element-02741f7\" data-id=\"02741f7\" data-element_type=\"column\" data-e-type=\"column\">\n\t\t\t<div class=\"elementor-widget-wrap elementor-element-populated\">\n\t\t\t\t\t\t<div class=\"elementor-element elementor-element-3bb00ef elementor--h-position-center elementor--v-position-middle elementor-arrows-position-inside elementor-pagination-position-inside elementor-widget elementor-widget-slides\" data-id=\"3bb00ef\" data-element_type=\"widget\" data-e-type=\"widget\" data-settings=\"{&quot;navigation&quot;:&quot;both&quot;,&quot;autoplay&quot;:&quot;yes&quot;,&quot;pause_on_hover&quot;:&quot;yes&quot;,&quot;pause_on_interaction&quot;:&quot;yes&quot;,&quot;autoplay_speed&quot;:5000,&quot;infinite&quot;:&quot;yes&quot;,&quot;transition&quot;:&quot;slide&quot;,&quot;transition_speed&quot;:500}\" data-widget_type=\"slides.default\">\n\t\t\t\t<div class=\"elementor-widget-container\">\n\t\t\t\t\t\t\t\t\t<div class=\"elementor-swiper\">\n\t\t\t\t\t<div class=\"elementor-slides-wrapper elementor-main-swiper swiper\" role=\"region\" aria-roledescription=\"carousel\" aria-label=\"Slides\" dir=\"ltr\" data-animation=\"fadeInUp\">\n\t\t\t\t<div class=\"swiper-wrapper elementor-slides\">\n\t\t\t\t\t\t\t\t\t\t<div class=\"elementor-repeater-item-aaea6b4 swiper-slide\" role=\"group\" aria-roledescription=\"slide\"><div class=\"swiper-slide-bg\" role=\"img\" aria-label=\"\"><\/div><a class=\"swiper-slide-inner\" href=\"https:\/\/molinapanama.com\/es\/nosotros\/\"><div class=\"swiper-slide-contents\"><div class=\"elementor-slide-heading\">Bienvenidos Somos<br> Molina y Asociados<\/div><div class=\"elementor-slide-description\">Su firma de abogados en Panam\u00e1<\/div><div  class=\"elementor-button elementor-slide-button elementor-size-sm\">Leer m\u00e1s<\/div><\/div><\/a><\/div><div class=\"elementor-repeater-item-f0d7aa7 swiper-slide\" role=\"group\" aria-roledescription=\"slide\"><div class=\"swiper-slide-bg\" role=\"img\" aria-label=\"\"><\/div><a class=\"swiper-slide-inner\" href=\"https:\/\/molinapanama.com\/es\/areas-de-practica\/derecho-corporativo\/\"><div class=\"swiper-slide-contents\"><div class=\"elementor-slide-heading\">Derecho Corporativo<br> y Contratos<\/div><div class=\"elementor-slide-description\">Contamos con personal especialista en Derecho Corporativo y Contratos<\/div><div  class=\"elementor-button elementor-slide-button elementor-size-sm\">Leer m\u00e1s<\/div><\/div><\/a><\/div><div class=\"elementor-repeater-item-c8fe188 swiper-slide\" role=\"group\" aria-roledescription=\"slide\"><div class=\"swiper-slide-bg\" role=\"img\" aria-label=\"\"><\/div><a class=\"swiper-slide-inner\" href=\"https:\/\/molinapanama.com\/es\/sobre-panama\/\"><div class=\"swiper-slide-contents\"><div class=\"elementor-slide-heading\">Panam\u00e1<br>Centro de Negocios<\/div><div  class=\"elementor-button elementor-slide-button elementor-size-sm\">Leer m\u00e1s<\/div><\/div><\/a><\/div>\t\t\t\t<\/div>\n\t\t\t\t\t\t\t\t\t\t\t\t\t\t\t<div class=\"elementor-swiper-button elementor-swiper-button-prev\" role=\"button\" tabindex=\"0\" aria-label=\"Previous slide\">\n\t\t\t\t\t\t\t<i aria-hidden=\"true\" class=\"eicon-chevron-left\"><\/i>\t\t\t\t\t\t<\/div>\n\t\t\t\t\t\t<div class=\"elementor-swiper-button elementor-swiper-button-next\" role=\"button\" tabindex=\"0\" aria-label=\"Next slide\">\n\t\t\t\t\t\t\t<i aria-hidden=\"true\" class=\"eicon-chevron-right\"><\/i>\t\t\t\t\t\t<\/div>\n\t\t\t\t\t\t\t\t\t\t\t\t\t\t\t\t<div class=\"swiper-pagination\"><\/div>\n\t\t\t\t\t\t\t\t\t\t\t\t<\/div>\n\t\t\t\t<\/div>\n\t\t\t\t\t\t\t\t<\/div>\n\t\t\t\t<\/div>\n\t\t\t\t\t<\/div>\n\t\t<\/div>\n\t\t\t\t\t<\/div>\n\t\t<\/section>\n\t\t\t\t<section class=\"elementor-section elementor-top-section elementor-element elementor-element-75d18e4 elementor-section-boxed elementor-section-height-default elementor-section-height-default\" data-id=\"75d18e4\" data-element_type=\"section\" data-e-type=\"section\">\n\t\t\t\t\t\t<div class=\"elementor-container elementor-column-gap-default\">\n\t\t\t\t\t<div class=\"elementor-column elementor-col-100 elementor-top-column elementor-element elementor-element-794c778\" data-id=\"794c778\" data-element_type=\"column\" data-e-type=\"column\">\n\t\t\t<div class=\"elementor-widget-wrap elementor-element-populated\">\n\t\t\t\t\t\t<div class=\"elementor-element elementor-element-918f6ed elementor-view-default elementor-invisible elementor-widget elementor-widget-icon\" data-id=\"918f6ed\" data-element_type=\"widget\" data-e-type=\"widget\" data-settings=\"{&quot;_animation&quot;:&quot;fadeIn&quot;}\" data-widget_type=\"icon.default\">\n\t\t\t\t<div class=\"elementor-widget-container\">\n\t\t\t\t\t\t\t<div class=\"elementor-icon-wrapper\">\n\t\t\t<div class=\"elementor-icon\">\n\t\t\t<i aria-hidden=\"true\" class=\"fas fa-university\"><\/i>\t\t\t<\/div>\n\t\t<\/div>\n\t\t\t\t\t\t<\/div>\n\t\t\t\t<\/div>\n\t\t\t\t\t<\/div>\n\t\t<\/div>\n\t\t\t\t\t<\/div>\n\t\t<\/section>\n\t\t\t\t<section class=\"elementor-section elementor-top-section elementor-element elementor-element-53c173f elementor-section-boxed elementor-section-height-default elementor-section-height-default\" data-id=\"53c173f\" data-element_type=\"section\" data-e-type=\"section\">\n\t\t\t\t\t\t<div class=\"elementor-container elementor-column-gap-default\">\n\t\t\t\t\t<div class=\"elementor-column elementor-col-100 elementor-top-column elementor-element elementor-element-3dd78e5\" data-id=\"3dd78e5\" data-element_type=\"column\" data-e-type=\"column\">\n\t\t\t<div class=\"elementor-widget-wrap elementor-element-populated\">\n\t\t\t\t\t\t<div class=\"elementor-element elementor-element-8bc1790 elementor-invisible elementor-widget elementor-widget-heading\" data-id=\"8bc1790\" data-element_type=\"widget\" data-e-type=\"widget\" data-settings=\"{&quot;_animation&quot;:&quot;fadeInLeft&quot;}\" data-widget_type=\"heading.default\">\n\t\t\t\t<div class=\"elementor-widget-container\">\n\t\t\t\t\t<h1 class=\"elementor-heading-title elementor-size-default\">Bienvenido<\/h1>\t\t\t\t<\/div>\n\t\t\t\t<\/div>\n\t\t\t\t\t<\/div>\n\t\t<\/div>\n\t\t\t\t\t<\/div>\n\t\t<\/section>\n\t\t\t\t<section class=\"elementor-section elementor-top-section elementor-element elementor-element-c7b0d8a elementor-section-boxed elementor-section-height-default elementor-section-height-default\" data-id=\"c7b0d8a\" data-element_type=\"section\" data-e-type=\"section\">\n\t\t\t\t\t\t<div class=\"elementor-container elementor-column-gap-default\">\n\t\t\t\t\t<div class=\"elementor-column elementor-col-100 elementor-top-column elementor-element elementor-element-3ef1cc0\" data-id=\"3ef1cc0\" data-element_type=\"column\" data-e-type=\"column\">\n\t\t\t<div class=\"elementor-widget-wrap elementor-element-populated\">\n\t\t\t\t\t\t<div class=\"elementor-element elementor-element-47914fc elementor-invisible elementor-widget elementor-widget-text-editor\" data-id=\"47914fc\" data-element_type=\"widget\" data-e-type=\"widget\" data-settings=\"{&quot;_animation&quot;:&quot;fadeInRight&quot;}\" data-widget_type=\"text-editor.default\">\n\t\t\t\t<div class=\"elementor-widget-container\">\n\t\t\t\t\t\t\t\t\t<p>Molina y Asociados, su firma de abogados en Panam\u00e1 en asuntos de derecho corporativo, contratos comerciales, derecho laboral y planificaci\u00f3n de patrimonios. Nos preciamos de nuestro servicio altamente especializado, personalizado y a la medida de las necesidades de nuestra selecta clientela.<\/p>\t\t\t\t\t\t\t\t<\/div>\n\t\t\t\t<\/div>\n\t\t\t\t\t<\/div>\n\t\t<\/div>\n\t\t\t\t\t<\/div>\n\t\t<\/section>\n\t\t\t\t<\/div>\n\t\t","protected":false},"excerpt":{"rendered":"<p>Bienvenidos Somos Molina y AsociadosSu firma de abogados en Panam\u00e1Leer m\u00e1sDerecho Corporativo y ContratosContamos con personal especialista en Derecho Corporativo y ContratosLeer m\u00e1sPanam\u00e1 Centro de NegociosLeer m\u00e1s Previous Next Bienvenido Molina y Asociados, su firma de abogados en Panam\u00e1 en asuntos de derecho corporativo, contratos comerciales, derecho laboral y planificaci\u00f3n de patrimonios. Nos preciamos de [&hellip;]<\/p>\n","protected":false},"author":1,"featured_media":0,"parent":0,"menu_order":0,"comment_status":"closed","ping_status":"closed","template":"elementor_header_footer","meta":{"footnotes":""},"class_list":["post-8","page","type-page","status-publish","hentry","entry"],"yoast_head":"<!-- This site is optimized with the Yoast SEO plugin v27.4 - https:\/\/yoast.com\/product\/yoast-seo-wordpress\/ -->\n<title>Molina y Asociados \u2013 Abogados<\/title>\n<meta name=\"description\" content=\"Abogados en Panam\u00e1 especializados en derecho mercantil, contratos mercantiles y civiles, derecho laboral, contratos de trabajo, demandas laborales, procedimiento administrativo sancionatorio - Molina y Asociados - Cont\u00e1ctanos hoy mismo.\" \/>\n<meta name=\"robots\" content=\"index, follow, max-snippet:-1, max-image-preview:large, max-video-preview:-1\" \/>\n<link rel=\"canonical\" href=\"https:\/\/molinapanama.com\/es\/\" \/>\n<meta property=\"og:locale\" content=\"es_ES\" \/>\n<meta property=\"og:type\" content=\"article\" \/>\n<meta property=\"og:title\" content=\"Molina y Asociados \u2013 Abogados\" \/>\n<meta property=\"og:description\" content=\"Abogados en Panam\u00e1 especializados en derecho mercantil, contratos mercantiles y civiles, derecho laboral, contratos de trabajo, demandas laborales, procedimiento administrativo sancionatorio - Molina y Asociados - Cont\u00e1ctanos hoy mismo.\" \/>\n<meta property=\"og:url\" content=\"https:\/\/molinapanama.com\/es\/\" \/>\n<meta property=\"og:site_name\" content=\"Molina y Asociados - Abogados en Panam\u00e1.\" \/>\n<meta property=\"article:modified_time\" content=\"2023-03-15T02:49:53+00:00\" \/>\n<meta name=\"twitter:card\" content=\"summary_large_image\" \/>\n<meta name=\"twitter:label1\" content=\"Tiempo de lectura\" \/>\n\t<meta name=\"twitter:data1\" content=\"1 minuto\" \/>\n<script type=\"application\/ld+json\" class=\"yoast-schema-graph\">{\"@context\":\"https:\\\/\\\/schema.org\",\"@graph\":[{\"@type\":\"WebPage\",\"@id\":\"https:\\\/\\\/molinapanama.com\\\/es\\\/\",\"url\":\"https:\\\/\\\/molinapanama.com\\\/es\\\/\",\"name\":\"Molina y Asociados \u2013 Abogados\",\"isPartOf\":{\"@id\":\"https:\\\/\\\/molinapanama.com\\\/es\\\/#website\"},\"datePublished\":\"2022-12-19T15:49:32+00:00\",\"dateModified\":\"2023-03-15T02:49:53+00:00\",\"description\":\"Abogados en Panam\u00e1 especializados en derecho mercantil, contratos mercantiles y civiles, derecho laboral, contratos de trabajo, demandas laborales, procedimiento administrativo sancionatorio - Molina y Asociados - Cont\u00e1ctanos hoy mismo.\",\"breadcrumb\":{\"@id\":\"https:\\\/\\\/molinapanama.com\\\/es\\\/#breadcrumb\"},\"inLanguage\":\"es\",\"potentialAction\":[{\"@type\":\"ReadAction\",\"target\":[\"https:\\\/\\\/molinapanama.com\\\/es\\\/\"]}]},{\"@type\":\"BreadcrumbList\",\"@id\":\"https:\\\/\\\/molinapanama.com\\\/es\\\/#breadcrumb\",\"itemListElement\":[{\"@type\":\"ListItem\",\"position\":1,\"name\":\"Portada\",\"item\":\"https:\\\/\\\/molinapanama.com\\\/es\\\/\"},{\"@type\":\"ListItem\",\"position\":2,\"name\":\"Inicio\"}]},{\"@type\":\"WebSite\",\"@id\":\"https:\\\/\\\/molinapanama.com\\\/es\\\/#website\",\"url\":\"https:\\\/\\\/molinapanama.com\\\/es\\\/\",\"name\":\"Molina y Asociados - Abogados en Panam\u00e1.\",\"description\":\"\",\"publisher\":{\"@id\":\"https:\\\/\\\/molinapanama.com\\\/es\\\/#organization\"},\"potentialAction\":[{\"@type\":\"SearchAction\",\"target\":{\"@type\":\"EntryPoint\",\"urlTemplate\":\"https:\\\/\\\/molinapanama.com\\\/es\\\/?s={search_term_string}\"},\"query-input\":{\"@type\":\"PropertyValueSpecification\",\"valueRequired\":true,\"valueName\":\"search_term_string\"}}],\"inLanguage\":\"es\"},{\"@type\":\"Organization\",\"@id\":\"https:\\\/\\\/molinapanama.com\\\/es\\\/#organization\",\"name\":\"Molina y Asociados - Abogados en Panam\u00e1.\",\"url\":\"https:\\\/\\\/molinapanama.com\\\/es\\\/\",\"logo\":{\"@type\":\"ImageObject\",\"inLanguage\":\"es\",\"@id\":\"https:\\\/\\\/molinapanama.com\\\/es\\\/#\\\/schema\\\/logo\\\/image\\\/\",\"url\":\"https:\\\/\\\/molinapanama.com\\\/es\\\/wp-content\\\/uploads\\\/2022\\\/12\\\/logo-molina-y-asociados.png\",\"contentUrl\":\"https:\\\/\\\/molinapanama.com\\\/es\\\/wp-content\\\/uploads\\\/2022\\\/12\\\/logo-molina-y-asociados.png\",\"width\":467,\"height\":101,\"caption\":\"Molina y Asociados - Abogados en Panam\u00e1.\"},\"image\":{\"@id\":\"https:\\\/\\\/molinapanama.com\\\/es\\\/#\\\/schema\\\/logo\\\/image\\\/\"}}]}<\/script>\n<!-- \/ Yoast SEO plugin. -->","yoast_head_json":{"title":"Molina y Asociados \u2013 Abogados","description":"Abogados en Panam\u00e1 especializados en derecho mercantil, contratos mercantiles y civiles, derecho laboral, contratos de trabajo, demandas laborales, procedimiento administrativo sancionatorio - Molina y Asociados - Cont\u00e1ctanos hoy mismo.","robots":{"index":"index","follow":"follow","max-snippet":"max-snippet:-1","max-image-preview":"max-image-preview:large","max-video-preview":"max-video-preview:-1"},"canonical":"https:\/\/molinapanama.com\/es\/","og_locale":"es_ES","og_type":"article","og_title":"Molina y Asociados \u2013 Abogados","og_description":"Abogados en Panam\u00e1 especializados en derecho mercantil, contratos mercantiles y civiles, derecho laboral, contratos de trabajo, demandas laborales, procedimiento administrativo sancionatorio - Molina y Asociados - Cont\u00e1ctanos hoy mismo.","og_url":"https:\/\/molinapanama.com\/es\/","og_site_name":"Molina y Asociados - Abogados en Panam\u00e1.","article_modified_time":"2023-03-15T02:49:53+00:00","twitter_card":"summary_large_image","twitter_misc":{"Tiempo de lectura":"1 minuto"},"schema":{"@context":"https:\/\/schema.org","@graph":[{"@type":"WebPage","@id":"https:\/\/molinapanama.com\/es\/","url":"https:\/\/molinapanama.com\/es\/","name":"Molina y Asociados \u2013 Abogados","isPartOf":{"@id":"https:\/\/molinapanama.com\/es\/#website"},"datePublished":"2022-12-19T15:49:32+00:00","dateModified":"2023-03-15T02:49:53+00:00","description":"Abogados en Panam\u00e1 especializados en derecho mercantil, contratos mercantiles y civiles, derecho laboral, contratos de trabajo, demandas laborales, procedimiento administrativo sancionatorio - Molina y Asociados - Cont\u00e1ctanos hoy mismo.","breadcrumb":{"@id":"https:\/\/molinapanama.com\/es\/#breadcrumb"},"inLanguage":"es","potentialAction":[{"@type":"ReadAction","target":["https:\/\/molinapanama.com\/es\/"]}]},{"@type":"BreadcrumbList","@id":"https:\/\/molinapanama.com\/es\/#breadcrumb","itemListElement":[{"@type":"ListItem","position":1,"name":"Portada","item":"https:\/\/molinapanama.com\/es\/"},{"@type":"ListItem","position":2,"name":"Inicio"}]},{"@type":"WebSite","@id":"https:\/\/molinapanama.com\/es\/#website","url":"https:\/\/molinapanama.com\/es\/","name":"Molina y Asociados - Abogados en Panam\u00e1.","description":"","publisher":{"@id":"https:\/\/molinapanama.com\/es\/#organization"},"potentialAction":[{"@type":"SearchAction","target":{"@type":"EntryPoint","urlTemplate":"https:\/\/molinapanama.com\/es\/?s={search_term_string}"},"query-input":{"@type":"PropertyValueSpecification","valueRequired":true,"valueName":"search_term_string"}}],"inLanguage":"es"},{"@type":"Organization","@id":"https:\/\/molinapanama.com\/es\/#organization","name":"Molina y Asociados - Abogados en Panam\u00e1.","url":"https:\/\/molinapanama.com\/es\/","logo":{"@type":"ImageObject","inLanguage":"es","@id":"https:\/\/molinapanama.com\/es\/#\/schema\/logo\/image\/","url":"https:\/\/molinapanama.com\/es\/wp-content\/uploads\/2022\/12\/logo-molina-y-asociados.png","contentUrl":"https:\/\/molinapanama.com\/es\/wp-content\/uploads\/2022\/12\/logo-molina-y-asociados.png","width":467,"height":101,"caption":"Molina y Asociados - Abogados en Panam\u00e1."},"image":{"@id":"https:\/\/molinapanama.com\/es\/#\/schema\/logo\/image\/"}}]}},"_links":{"self":[{"href":"https:\/\/molinapanama.com\/es\/wp-json\/wp\/v2\/pages\/8","targetHints":{"allow":["GET"]}}],"collection":[{"href":"https:\/\/molinapanama.com\/es\/wp-json\/wp\/v2\/pages"}],"about":[{"href":"https:\/\/molinapanama.com\/es\/wp-json\/wp\/v2\/types\/page"}],"author":[{"embeddable":true,"href":"https:\/\/molinapanama.com\/es\/wp-json\/wp\/v2\/users\/1"}],"replies":[{"embeddable":true,"href":"https:\/\/molinapanama.com\/es\/wp-json\/wp\/v2\/comments?post=8"}],"version-history":[{"count":183,"href":"https:\/\/molinapanama.com\/es\/wp-json\/wp\/v2\/pages\/8\/revisions"}],"predecessor-version":[{"id":1269,"href":"https:\/\/molinapanama.com\/es\/wp-json\/wp\/v2\/pages\/8\/revisions\/1269"}],"wp:attachment":[{"href":"https:\/\/molinapanama.com\/es\/wp-json\/wp\/v2\/media?parent=8"}],"curies":[{"name":"wp","href":"https:\/\/api.w.org\/{rel}","templated":true}]}}