{"id":776,"date":"2022-12-26T15:15:54","date_gmt":"2022-12-26T15:15:54","guid":{"rendered":"https:\/\/molinapanama.com\/demoes\/?page_id=776"},"modified":"2026-01-15T22:46:10","modified_gmt":"2026-01-15T22:46:10","slug":"procesos-administrativos","status":"publish","type":"page","link":"https:\/\/molinapanama.com\/es\/areas-de-practica\/procesos-administrativos\/","title":{"rendered":"Procesos administrativos"},"content":{"rendered":"\t\t<div data-elementor-type=\"wp-page\" data-elementor-id=\"776\" class=\"elementor elementor-776\" data-elementor-post-type=\"page\">\n\t\t\t\t\t\t<section class=\"elementor-section elementor-top-section elementor-element elementor-element-89c5a19 elementor-section-boxed elementor-section-height-default elementor-section-height-default\" data-id=\"89c5a19\" data-element_type=\"section\" data-e-type=\"section\">\n\t\t\t\t\t\t<div class=\"elementor-container elementor-column-gap-default\">\n\t\t\t\t\t<div class=\"elementor-column elementor-col-100 elementor-top-column elementor-element elementor-element-38d701f\" data-id=\"38d701f\" data-element_type=\"column\" data-e-type=\"column\">\n\t\t\t<div class=\"elementor-widget-wrap elementor-element-populated\">\n\t\t\t\t\t\t<div class=\"elementor-element elementor-element-2f9316d elementor-widget elementor-widget-heading\" data-id=\"2f9316d\" data-element_type=\"widget\" data-e-type=\"widget\" data-widget_type=\"heading.default\">\n\t\t\t\t<div class=\"elementor-widget-container\">\n\t\t\t\t\t<h1 class=\"elementor-heading-title elementor-size-default\">Procesos administrativos<\/h1>\t\t\t\t<\/div>\n\t\t\t\t<\/div>\n\t\t\t\t\t<\/div>\n\t\t<\/div>\n\t\t\t\t\t<\/div>\n\t\t<\/section>\n\t\t\t\t<section class=\"elementor-section elementor-top-section elementor-element elementor-element-83e4234 elementor-section-boxed elementor-section-height-default elementor-section-height-default\" data-id=\"83e4234\" data-element_type=\"section\" data-e-type=\"section\">\n\t\t\t\t\t\t<div class=\"elementor-container elementor-column-gap-default\">\n\t\t\t\t\t<div class=\"elementor-column elementor-col-100 elementor-top-column elementor-element elementor-element-67558dc\" data-id=\"67558dc\" data-element_type=\"column\" data-e-type=\"column\">\n\t\t\t<div class=\"elementor-widget-wrap elementor-element-populated\">\n\t\t\t\t\t\t<div class=\"elementor-element elementor-element-2de66b9 elementor-widget elementor-widget-text-editor\" data-id=\"2de66b9\" data-element_type=\"widget\" data-e-type=\"widget\" data-widget_type=\"text-editor.default\">\n\t\t\t\t<div class=\"elementor-widget-container\">\n\t\t\t\t\t\t\t\t\t<p><strong>Procesos administrativos y ante la jurisdicci\u00f3n de lo Contencioso-Administrativo<\/strong><\/p>\n<p><span style=\"font-size: 14px; color: var( --e-global-color-text );\">Brindamos asesor\u00eda y representaci\u00f3n en procesos administrativos. Tenemos amplia experiencia en procedimiento administrativo sancionador ante la Administraci\u00f3n P\u00fablica (Ministerio de Ambiente \u2013 MiAmbiente, municipios, Ministerio de Econom\u00eda y Finanzas, Ministerio de Comercio e Industrias, Superintendencia del Mercado de Valores, Junta T\u00e9cnica de Bienes Ra\u00edces, y dem\u00e1s entidades del Ramo Administrativo), y en procesos ante la jurisdicci\u00f3n de lo contencioso-administrativo, incluyendo procesos de nulidad, de plena jurisdicci\u00f3n.<\/span><\/p>\t\t\t\t\t\t\t\t<\/div>\n\t\t\t\t<\/div>\n\t\t\t\t\t<\/div>\n\t\t<\/div>\n\t\t\t\t\t<\/div>\n\t\t<\/section>\n\t\t\t\t<\/div>\n\t\t","protected":false},"excerpt":{"rendered":"<p>Procesos administrativos Procesos administrativos y ante la jurisdicci\u00f3n de lo Contencioso-Administrativo Brindamos asesor\u00eda y representaci\u00f3n en procesos administrativos. Tenemos amplia experiencia en procedimiento administrativo sancionador ante la Administraci\u00f3n P\u00fablica (Ministerio de Ambiente \u2013 MiAmbiente, municipios, Ministerio de Econom\u00eda y Finanzas, Ministerio de Comercio e Industrias, Superintendencia del Mercado de Valores, Junta T\u00e9cnica de Bienes Ra\u00edces, [&hellip;]<\/p>\n","protected":false},"author":1,"featured_media":0,"parent":81,"menu_order":0,"comment_status":"closed","ping_status":"closed","template":"","meta":{"footnotes":""},"class_list":["post-776","page","type-page","status-publish","hentry","entry"],"yoast_head":"<!-- This site is optimized with the Yoast SEO plugin v27.4 - https:\/\/yoast.com\/product\/yoast-seo-wordpress\/ -->\n<title>Procesos administrativos - Molina y Asociados - Abogados en Panam\u00e1.<\/title>\n<meta name=\"robots\" content=\"index, follow, max-snippet:-1, max-image-preview:large, max-video-preview:-1\" \/>\n<link rel=\"canonical\" href=\"https:\/\/molinapanama.com\/es\/areas-de-practica\/procesos-administrativos\/\" \/>\n<meta property=\"og:locale\" content=\"es_ES\" \/>\n<meta property=\"og:type\" content=\"article\" \/>\n<meta property=\"og:title\" content=\"Procesos administrativos - Molina y Asociados - Abogados en Panam\u00e1.\" \/>\n<meta property=\"og:description\" content=\"Procesos administrativos Procesos administrativos y ante la jurisdicci\u00f3n de lo Contencioso-Administrativo Brindamos asesor\u00eda y representaci\u00f3n en procesos administrativos. Tenemos amplia experiencia en procedimiento administrativo sancionador ante la Administraci\u00f3n P\u00fablica (Ministerio de Ambiente \u2013 MiAmbiente, municipios, Ministerio de Econom\u00eda y Finanzas, Ministerio de Comercio e Industrias, Superintendencia del Mercado de Valores, Junta T\u00e9cnica de Bienes Ra\u00edces, [&hellip;]\" \/>\n<meta property=\"og:url\" content=\"https:\/\/molinapanama.com\/es\/areas-de-practica\/procesos-administrativos\/\" \/>\n<meta property=\"og:site_name\" content=\"Molina y Asociados - Abogados en Panam\u00e1.\" \/>\n<meta property=\"article:modified_time\" content=\"2026-01-15T22:46:10+00:00\" \/>\n<meta name=\"twitter:card\" content=\"summary_large_image\" \/>\n<meta name=\"twitter:label1\" content=\"Tiempo de lectura\" \/>\n\t<meta name=\"twitter:data1\" content=\"1 minuto\" \/>\n<script type=\"application\/ld+json\" class=\"yoast-schema-graph\">{\"@context\":\"https:\\\/\\\/schema.org\",\"@graph\":[{\"@type\":\"WebPage\",\"@id\":\"https:\\\/\\\/molinapanama.com\\\/es\\\/areas-de-practica\\\/procesos-administrativos\\\/\",\"url\":\"https:\\\/\\\/molinapanama.com\\\/es\\\/areas-de-practica\\\/procesos-administrativos\\\/\",\"name\":\"Procesos administrativos - Molina y Asociados - Abogados en Panam\u00e1.\",\"isPartOf\":{\"@id\":\"https:\\\/\\\/molinapanama.com\\\/es\\\/#website\"},\"datePublished\":\"2022-12-26T15:15:54+00:00\",\"dateModified\":\"2026-01-15T22:46:10+00:00\",\"breadcrumb\":{\"@id\":\"https:\\\/\\\/molinapanama.com\\\/es\\\/areas-de-practica\\\/procesos-administrativos\\\/#breadcrumb\"},\"inLanguage\":\"es\",\"potentialAction\":[{\"@type\":\"ReadAction\",\"target\":[\"https:\\\/\\\/molinapanama.com\\\/es\\\/areas-de-practica\\\/procesos-administrativos\\\/\"]}]},{\"@type\":\"BreadcrumbList\",\"@id\":\"https:\\\/\\\/molinapanama.com\\\/es\\\/areas-de-practica\\\/procesos-administrativos\\\/#breadcrumb\",\"itemListElement\":[{\"@type\":\"ListItem\",\"position\":1,\"name\":\"Portada\",\"item\":\"https:\\\/\\\/molinapanama.com\\\/es\\\/\"},{\"@type\":\"ListItem\",\"position\":2,\"name\":\"\u00c1reas de practica\",\"item\":\"https:\\\/\\\/molinapanama.com\\\/es\\\/areas-de-practica\\\/\"},{\"@type\":\"ListItem\",\"position\":3,\"name\":\"Procesos administrativos\"}]},{\"@type\":\"WebSite\",\"@id\":\"https:\\\/\\\/molinapanama.com\\\/es\\\/#website\",\"url\":\"https:\\\/\\\/molinapanama.com\\\/es\\\/\",\"name\":\"Molina y Asociados - Abogados en Panam\u00e1.\",\"description\":\"\",\"publisher\":{\"@id\":\"https:\\\/\\\/molinapanama.com\\\/es\\\/#organization\"},\"potentialAction\":[{\"@type\":\"SearchAction\",\"target\":{\"@type\":\"EntryPoint\",\"urlTemplate\":\"https:\\\/\\\/molinapanama.com\\\/es\\\/?s={search_term_string}\"},\"query-input\":{\"@type\":\"PropertyValueSpecification\",\"valueRequired\":true,\"valueName\":\"search_term_string\"}}],\"inLanguage\":\"es\"},{\"@type\":\"Organization\",\"@id\":\"https:\\\/\\\/molinapanama.com\\\/es\\\/#organization\",\"name\":\"Molina y Asociados - Abogados en Panam\u00e1.\",\"url\":\"https:\\\/\\\/molinapanama.com\\\/es\\\/\",\"logo\":{\"@type\":\"ImageObject\",\"inLanguage\":\"es\",\"@id\":\"https:\\\/\\\/molinapanama.com\\\/es\\\/#\\\/schema\\\/logo\\\/image\\\/\",\"url\":\"https:\\\/\\\/molinapanama.com\\\/es\\\/wp-content\\\/uploads\\\/2022\\\/12\\\/logo-molina-y-asociados.png\",\"contentUrl\":\"https:\\\/\\\/molinapanama.com\\\/es\\\/wp-content\\\/uploads\\\/2022\\\/12\\\/logo-molina-y-asociados.png\",\"width\":467,\"height\":101,\"caption\":\"Molina y Asociados - Abogados en Panam\u00e1.\"},\"image\":{\"@id\":\"https:\\\/\\\/molinapanama.com\\\/es\\\/#\\\/schema\\\/logo\\\/image\\\/\"}}]}<\/script>\n<!-- \/ Yoast SEO plugin. -->","yoast_head_json":{"title":"Procesos administrativos - Molina y Asociados - Abogados en Panam\u00e1.","robots":{"index":"index","follow":"follow","max-snippet":"max-snippet:-1","max-image-preview":"max-image-preview:large","max-video-preview":"max-video-preview:-1"},"canonical":"https:\/\/molinapanama.com\/es\/areas-de-practica\/procesos-administrativos\/","og_locale":"es_ES","og_type":"article","og_title":"Procesos administrativos - Molina y Asociados - Abogados en Panam\u00e1.","og_description":"Procesos administrativos Procesos administrativos y ante la jurisdicci\u00f3n de lo Contencioso-Administrativo Brindamos asesor\u00eda y representaci\u00f3n en procesos administrativos. Tenemos amplia experiencia en procedimiento administrativo sancionador ante la Administraci\u00f3n P\u00fablica (Ministerio de Ambiente \u2013 MiAmbiente, municipios, Ministerio de Econom\u00eda y Finanzas, Ministerio de Comercio e Industrias, Superintendencia del Mercado de Valores, Junta T\u00e9cnica de Bienes Ra\u00edces, [&hellip;]","og_url":"https:\/\/molinapanama.com\/es\/areas-de-practica\/procesos-administrativos\/","og_site_name":"Molina y Asociados - Abogados en Panam\u00e1.","article_modified_time":"2026-01-15T22:46:10+00:00","twitter_card":"summary_large_image","twitter_misc":{"Tiempo de lectura":"1 minuto"},"schema":{"@context":"https:\/\/schema.org","@graph":[{"@type":"WebPage","@id":"https:\/\/molinapanama.com\/es\/areas-de-practica\/procesos-administrativos\/","url":"https:\/\/molinapanama.com\/es\/areas-de-practica\/procesos-administrativos\/","name":"Procesos administrativos - Molina y Asociados - Abogados en Panam\u00e1.","isPartOf":{"@id":"https:\/\/molinapanama.com\/es\/#website"},"datePublished":"2022-12-26T15:15:54+00:00","dateModified":"2026-01-15T22:46:10+00:00","breadcrumb":{"@id":"https:\/\/molinapanama.com\/es\/areas-de-practica\/procesos-administrativos\/#breadcrumb"},"inLanguage":"es","potentialAction":[{"@type":"ReadAction","target":["https:\/\/molinapanama.com\/es\/areas-de-practica\/procesos-administrativos\/"]}]},{"@type":"BreadcrumbList","@id":"https:\/\/molinapanama.com\/es\/areas-de-practica\/procesos-administrativos\/#breadcrumb","itemListElement":[{"@type":"ListItem","position":1,"name":"Portada","item":"https:\/\/molinapanama.com\/es\/"},{"@type":"ListItem","position":2,"name":"\u00c1reas de practica","item":"https:\/\/molinapanama.com\/es\/areas-de-practica\/"},{"@type":"ListItem","position":3,"name":"Procesos administrativos"}]},{"@type":"WebSite","@id":"https:\/\/molinapanama.com\/es\/#website","url":"https:\/\/molinapanama.com\/es\/","name":"Molina y Asociados - Abogados en Panam\u00e1.","description":"","publisher":{"@id":"https:\/\/molinapanama.com\/es\/#organization"},"potentialAction":[{"@type":"SearchAction","target":{"@type":"EntryPoint","urlTemplate":"https:\/\/molinapanama.com\/es\/?s={search_term_string}"},"query-input":{"@type":"PropertyValueSpecification","valueRequired":true,"valueName":"search_term_string"}}],"inLanguage":"es"},{"@type":"Organization","@id":"https:\/\/molinapanama.com\/es\/#organization","name":"Molina y Asociados - Abogados en Panam\u00e1.","url":"https:\/\/molinapanama.com\/es\/","logo":{"@type":"ImageObject","inLanguage":"es","@id":"https:\/\/molinapanama.com\/es\/#\/schema\/logo\/image\/","url":"https:\/\/molinapanama.com\/es\/wp-content\/uploads\/2022\/12\/logo-molina-y-asociados.png","contentUrl":"https:\/\/molinapanama.com\/es\/wp-content\/uploads\/2022\/12\/logo-molina-y-asociados.png","width":467,"height":101,"caption":"Molina y Asociados - Abogados en Panam\u00e1."},"image":{"@id":"https:\/\/molinapanama.com\/es\/#\/schema\/logo\/image\/"}}]}},"_links":{"self":[{"href":"https:\/\/molinapanama.com\/es\/wp-json\/wp\/v2\/pages\/776","targetHints":{"allow":["GET"]}}],"collection":[{"href":"https:\/\/molinapanama.com\/es\/wp-json\/wp\/v2\/pages"}],"about":[{"href":"https:\/\/molinapanama.com\/es\/wp-json\/wp\/v2\/types\/page"}],"author":[{"embeddable":true,"href":"https:\/\/molinapanama.com\/es\/wp-json\/wp\/v2\/users\/1"}],"replies":[{"embeddable":true,"href":"https:\/\/molinapanama.com\/es\/wp-json\/wp\/v2\/comments?post=776"}],"version-history":[{"count":17,"href":"https:\/\/molinapanama.com\/es\/wp-json\/wp\/v2\/pages\/776\/revisions"}],"predecessor-version":[{"id":1637,"href":"https:\/\/molinapanama.com\/es\/wp-json\/wp\/v2\/pages\/776\/revisions\/1637"}],"up":[{"embeddable":true,"href":"https:\/\/molinapanama.com\/es\/wp-json\/wp\/v2\/pages\/81"}],"wp:attachment":[{"href":"https:\/\/molinapanama.com\/es\/wp-json\/wp\/v2\/media?parent=776"}],"curies":[{"name":"wp","href":"https:\/\/api.w.org\/{rel}","templated":true}]}}