{"id":763,"date":"2022-12-26T15:03:17","date_gmt":"2022-12-26T15:03:17","guid":{"rendered":"https:\/\/molinapanama.com\/demoes\/?page_id=763"},"modified":"2026-01-21T19:51:18","modified_gmt":"2026-01-21T19:51:18","slug":"abogado-en-derecho-laboral-panama","status":"publish","type":"page","link":"https:\/\/molinapanama.com\/es\/areas-de-practica\/abogado-en-derecho-laboral-panama\/","title":{"rendered":"Derecho Laboral"},"content":{"rendered":"\t\t<div data-elementor-type=\"wp-page\" data-elementor-id=\"763\" class=\"elementor elementor-763\" data-elementor-post-type=\"page\">\n\t\t\t\t\t\t<section class=\"elementor-section elementor-top-section elementor-element elementor-element-89c5a19 elementor-section-boxed elementor-section-height-default elementor-section-height-default\" data-id=\"89c5a19\" data-element_type=\"section\">\n\t\t\t\t\t\t<div class=\"elementor-container elementor-column-gap-default\">\n\t\t\t\t\t<div class=\"elementor-column elementor-col-100 elementor-top-column elementor-element elementor-element-38d701f\" data-id=\"38d701f\" data-element_type=\"column\">\n\t\t\t<div class=\"elementor-widget-wrap elementor-element-populated\">\n\t\t\t\t\t\t<div class=\"elementor-element elementor-element-2f9316d elementor-widget elementor-widget-heading\" data-id=\"2f9316d\" data-element_type=\"widget\" data-widget_type=\"heading.default\">\n\t\t\t\t<div class=\"elementor-widget-container\">\n\t\t\t\t\t<h1 class=\"elementor-heading-title elementor-size-default\">Derecho Laboral<\/h1>\t\t\t\t<\/div>\n\t\t\t\t<\/div>\n\t\t\t\t\t<\/div>\n\t\t<\/div>\n\t\t\t\t\t<\/div>\n\t\t<\/section>\n\t\t\t\t<section class=\"elementor-section elementor-top-section elementor-element elementor-element-83e4234 elementor-section-boxed elementor-section-height-default elementor-section-height-default\" data-id=\"83e4234\" data-element_type=\"section\">\n\t\t\t\t\t\t<div class=\"elementor-container elementor-column-gap-default\">\n\t\t\t\t\t<div class=\"elementor-column elementor-col-100 elementor-top-column elementor-element elementor-element-67558dc\" data-id=\"67558dc\" data-element_type=\"column\">\n\t\t\t<div class=\"elementor-widget-wrap elementor-element-populated\">\n\t\t\t\t\t\t<div class=\"elementor-element elementor-element-2de66b9 elementor-widget elementor-widget-text-editor\" data-id=\"2de66b9\" data-element_type=\"widget\" data-widget_type=\"text-editor.default\">\n\t\t\t\t<div class=\"elementor-widget-container\">\n\t\t\t\t\t\t\t\t\t<p><strong>Derecho Laboral (Individual y Colectivo)<\/strong><\/p><p>La relaci\u00f3n jur\u00eddica entre el empleador y el trabajador est\u00e1 regida por principios y normas muy diferentes a las que rigen las relaciones jur\u00eddicas contractuales de car\u00e1cter civil o comercial. La legislaci\u00f3n laboral en Panam\u00e1 parte de la premisa fundamental de que la relaci\u00f3n laboral es una en que el trabajador se encuentra en situaci\u00f3n de subordinaci\u00f3n frente al empleador, y por tanto en desventaja. De esta concepci\u00f3n derivan toda una serie de principios y normas especiales en el \u00e1mbito de las relaciones de trabajo, que requieren consideraci\u00f3n especial, diferente a los que rigen las relaciones de car\u00e1cter civil o comercial.<\/p><p>Es por esto que toda empresa requiere contemplar en detalle los aspectos jur\u00eddicos de sus relaciones con su personal, desde antes del inicio de toda relaci\u00f3n de trabajo, durante esta, y al momento de darla por terminada. Nosotros le ofrecemos asesor\u00eda especializada en este ramo, en particular sobre:<\/p><ul><li>Redacci\u00f3n y revisi\u00f3n de contratos individuales de trabajo.<\/li><li>Recomendaci\u00f3n sobre el tipo de contrato de trabajo m\u00e1s apropiado para cada relaci\u00f3n (por tiempo indefinido, por tiempo definido o por obra determinada).<\/li><li>Confecci\u00f3n de <a href=\"https:\/\/molinapanama.com\/es\/reglamento-interno-trabajo\/\">Reglamento Interno de Trabajo<\/a> (obligatorio para empresas con m\u00e1s de diez trabajadores) y <a href=\"https:\/\/www.mitradel.gob.pa\/empleadores\/aprobacion-de-reglamentos-internos\/\">tramitaci\u00f3n de su reconocimiento ante el Ministerio de Trabajo y Desarrollo Laboral<\/a>.<\/li><li>Obtenci\u00f3n de permisos de trabajo para trabajadores extranjeros.<\/li><li>Terminaci\u00f3n de relaciones de trabajo, incluyendo la elaboraci\u00f3n del documento respectivo (carta de despido o documento de terminaci\u00f3n por mutuo acuerdo) y el c\u00e1lculo de las prestaciones laborales para el trabajador.<\/li><li>Negociaci\u00f3n en procesos de conciliaci\u00f3n laboral, o en procesos judiciales laborales.<\/li><li>Verificaci\u00f3n de c\u00e1lculos de prestaciones.<\/li><li>Asesoramiento en materia de <a href=\"https:\/\/molinapanama.com\/es\/el-despido-laboral\/\">despido<\/a>.<\/li><li>Representaci\u00f3n judicial en procesos de trabajo por despido injustificado ante las Juntas de Conciliaci\u00f3n y Decisi\u00f3n.<\/li><li>Representaci\u00f3n judicial en procesos de reintegro y reclamo de prestaciones laborales.<\/li><\/ul><p>Perm\u00edtanos asesorarle en materia laboral para una adecuada administraci\u00f3n de los riesgos laborales de su empresa. Tambi\u00e9n asesoramos trabajadores.<\/p>\t\t\t\t\t\t\t\t<\/div>\n\t\t\t\t<\/div>\n\t\t\t\t\t<\/div>\n\t\t<\/div>\n\t\t\t\t\t<\/div>\n\t\t<\/section>\n\t\t\t\t<section class=\"elementor-section elementor-top-section elementor-element elementor-element-7795291 elementor-section-boxed elementor-section-height-default elementor-section-height-default\" data-id=\"7795291\" data-element_type=\"section\">\n\t\t\t\t\t\t<div class=\"elementor-container elementor-column-gap-default\">\n\t\t\t\t\t<div class=\"elementor-column elementor-col-100 elementor-top-column elementor-element elementor-element-14f69c3\" data-id=\"14f69c3\" data-element_type=\"column\">\n\t\t\t<div class=\"elementor-widget-wrap elementor-element-populated\">\n\t\t\t\t\t\t<div class=\"elementor-element elementor-element-030f939 elementor-widget elementor-widget-text-editor\" data-id=\"030f939\" data-element_type=\"widget\" data-widget_type=\"text-editor.default\">\n\t\t\t\t<div class=\"elementor-widget-container\">\n\t\t\t\t\t\t\t\t\t<h2>Algunos de nuestros art\u00edculos sobre derecho laboral<\/h2><ul><li><a href=\"https:\/\/molinapanama.com\/es\/el-periodo-probatorio-en-el-contrato-de-trabajo\/\">El per\u00edodo probatorio en el contrato de trabajo<\/a><\/li><li><a href=\"https:\/\/molinapanama.com\/es\/causales-despido-actos-violencia-del-trabajador\/\">Los actos de violencia del trabajador como causal de despido<\/a><\/li><li><a href=\"https:\/\/molinapanama.com\/es\/el-mal-uso-del-contrato-de-trabajo-por-tiempo-definido\/\">El mal uso del contrato de trabajo por tiempo definido<\/a><\/li><li><a href=\"https:\/\/molinapanama.com\/es\/el-preaviso-por-renuncia-del-trabajador\/\">El preaviso por renuncia del trabajador<\/a><\/li><li><a href=\"https:\/\/molinapanama.com\/es\/causal-de-despido-ausencias-injustificadas\/\">El despido por ausencias injustificadas<\/a><\/li><li><a href=\"https:\/\/molinapanama.com\/es\/el-despido-laboral\/\">El despido laboral<\/a><\/li><li><a href=\"https:\/\/molinapanama.com\/es\/despido-por-desobediencia-de-ordenes-del-empleador\/\">El despido por desobediencia de \u00f3rdenes del empleador<\/a><\/li><li><a href=\"https:\/\/molinapanama.com\/es\/el-despido-con-preaviso\/\">El despido con preaviso<\/a><\/li><li><a href=\"https:\/\/molinapanama.com\/es\/el-mutuo-acuerdo-laboral\/\">El mutuo acuerdo laboral<\/a><\/li><li><a href=\"https:\/\/molinapanama.com\/es\/causales-despido-falta-grave-probidad-honradez-del-trabajador\/\">La causal de despido de falta grave de probidad u honradez del trabajador<\/a><\/li><li><a href=\"https:\/\/molinapanama.com\/es\/las-ausencias-en-dias-lunes-como-causal-despido\/\">Las ausencias en d\u00edas lunes como causal de despido<\/a><\/li><li><a href=\"https:\/\/molinapanama.com\/es\/anticipo-de-salario-al-trabajador\/\">El anticipo de salario del empleador al trabajador<\/a><\/li><li><a href=\"https:\/\/molinapanama.com\/es\/el-trabajador-domestico\/\">El trabajador dom\u00e9stico<\/a><\/li><li><a href=\"https:\/\/molinapanama.com\/es\/reglamento-interno-trabajo\/\">El Reglamento Interno de Trabajo<\/a><\/li><li><a href=\"https:\/\/molinapanama.com\/es\/las-tardanzas-la-relacion-trabajo\/\">Las tardanzas en la relaci\u00f3n de trabajo<\/a><\/li><\/ul>\t\t\t\t\t\t\t\t<\/div>\n\t\t\t\t<\/div>\n\t\t\t\t\t<\/div>\n\t\t<\/div>\n\t\t\t\t\t<\/div>\n\t\t<\/section>\n\t\t\t\t<section class=\"elementor-section elementor-top-section elementor-element elementor-element-99444ec elementor-section-boxed elementor-section-height-default elementor-section-height-default\" data-id=\"99444ec\" data-element_type=\"section\">\n\t\t\t\t\t\t<div class=\"elementor-container elementor-column-gap-default\">\n\t\t\t\t\t<div class=\"elementor-column elementor-col-100 elementor-top-column elementor-element elementor-element-4a71ed6\" data-id=\"4a71ed6\" data-element_type=\"column\">\n\t\t\t<div class=\"elementor-widget-wrap elementor-element-populated\">\n\t\t\t\t\t\t<div class=\"elementor-element elementor-element-1b9236d elementor-widget elementor-widget-image\" data-id=\"1b9236d\" data-element_type=\"widget\" data-widget_type=\"image.default\">\n\t\t\t\t<div class=\"elementor-widget-container\">\n\t\t\t\t\t\t\t\t\t\t\t\t\t\t\t<img fetchpriority=\"high\" decoding=\"async\" width=\"1024\" height=\"1024\" src=\"https:\/\/molinapanama.com\/es\/wp-content\/uploads\/2023\/11\/DALL\u00b7E-2023-11-03-19.09.05-Conceptual-image-illustrating-Individual-Work-Relations-in-a-traditional-Western-office.-Picture-a-classic-office-with-wooden-furniture-bookshelves.png\" class=\"attachment-large size-large wp-image-1518\" alt=\"\" srcset=\"https:\/\/molinapanama.com\/es\/wp-content\/uploads\/2023\/11\/DALL\u00b7E-2023-11-03-19.09.05-Conceptual-image-illustrating-Individual-Work-Relations-in-a-traditional-Western-office.-Picture-a-classic-office-with-wooden-furniture-bookshelves.png 1024w, https:\/\/molinapanama.com\/es\/wp-content\/uploads\/2023\/11\/DALL\u00b7E-2023-11-03-19.09.05-Conceptual-image-illustrating-Individual-Work-Relations-in-a-traditional-Western-office.-Picture-a-classic-office-with-wooden-furniture-bookshelves-300x300.png 300w, https:\/\/molinapanama.com\/es\/wp-content\/uploads\/2023\/11\/DALL\u00b7E-2023-11-03-19.09.05-Conceptual-image-illustrating-Individual-Work-Relations-in-a-traditional-Western-office.-Picture-a-classic-office-with-wooden-furniture-bookshelves-150x150.png 150w, https:\/\/molinapanama.com\/es\/wp-content\/uploads\/2023\/11\/DALL\u00b7E-2023-11-03-19.09.05-Conceptual-image-illustrating-Individual-Work-Relations-in-a-traditional-Western-office.-Picture-a-classic-office-with-wooden-furniture-bookshelves-768x768.png 768w, https:\/\/molinapanama.com\/es\/wp-content\/uploads\/2023\/11\/DALL\u00b7E-2023-11-03-19.09.05-Conceptual-image-illustrating-Individual-Work-Relations-in-a-traditional-Western-office.-Picture-a-classic-office-with-wooden-furniture-bookshelves-600x600.png 600w\" sizes=\"(max-width: 1024px) 100vw, 1024px\" \/>\t\t\t\t\t\t\t\t\t\t\t\t\t\t\t<\/div>\n\t\t\t\t<\/div>\n\t\t\t\t\t<\/div>\n\t\t<\/div>\n\t\t\t\t\t<\/div>\n\t\t<\/section>\n\t\t\t\t<\/div>\n\t\t","protected":false},"excerpt":{"rendered":"<p>Derecho Laboral Derecho Laboral (Individual y Colectivo) La relaci\u00f3n jur\u00eddica entre el empleador y el trabajador est\u00e1 regida por principios y normas muy diferentes a las que rigen las relaciones jur\u00eddicas contractuales de car\u00e1cter civil o comercial. La legislaci\u00f3n laboral en Panam\u00e1 parte de la premisa fundamental de que la relaci\u00f3n laboral es una en [&hellip;]<\/p>\n","protected":false},"author":1,"featured_media":0,"parent":81,"menu_order":0,"comment_status":"closed","ping_status":"closed","template":"","meta":{"footnotes":""},"class_list":["post-763","page","type-page","status-publish","hentry","entry"],"yoast_head":"<!-- This site is optimized with the Yoast SEO plugin v26.7 - https:\/\/yoast.com\/wordpress\/plugins\/seo\/ -->\n<title>Abogado en derecho laboral en Panam\u00e1, contratos de Trabajo<\/title>\n<meta name=\"description\" content=\"Contratos de trabajo en Panam\u00e1, despidos, mutuo acuerdo, reglamento interno de trabajo, derecho laboral, abogado laboral - MOLINA Y ASOCIADOS\" \/>\n<meta name=\"robots\" content=\"index, follow, max-snippet:-1, max-image-preview:large, max-video-preview:-1\" \/>\n<link rel=\"canonical\" href=\"https:\/\/molinapanama.com\/es\/areas-de-practica\/abogado-en-derecho-laboral-panama\/\" \/>\n<meta property=\"og:locale\" content=\"es_ES\" \/>\n<meta property=\"og:type\" content=\"article\" \/>\n<meta property=\"og:title\" content=\"Abogado en derecho laboral en Panam\u00e1, contratos de Trabajo\" \/>\n<meta property=\"og:description\" content=\"Contratos de trabajo en Panam\u00e1, despidos, mutuo acuerdo, reglamento interno de trabajo, derecho laboral, abogado laboral - MOLINA Y ASOCIADOS\" \/>\n<meta property=\"og:url\" content=\"https:\/\/molinapanama.com\/es\/areas-de-practica\/abogado-en-derecho-laboral-panama\/\" \/>\n<meta property=\"og:site_name\" content=\"Molina y Asociados - Abogados en Panam\u00e1.\" \/>\n<meta property=\"article:modified_time\" content=\"2026-01-21T19:51:18+00:00\" \/>\n<meta name=\"twitter:card\" content=\"summary_large_image\" \/>\n<meta name=\"twitter:label1\" content=\"Tiempo de lectura\" \/>\n\t<meta name=\"twitter:data1\" content=\"2 minutos\" \/>\n<script type=\"application\/ld+json\" class=\"yoast-schema-graph\">{\"@context\":\"https:\/\/schema.org\",\"@graph\":[{\"@type\":\"WebPage\",\"@id\":\"https:\/\/molinapanama.com\/es\/areas-de-practica\/abogado-en-derecho-laboral-panama\/\",\"url\":\"https:\/\/molinapanama.com\/es\/areas-de-practica\/abogado-en-derecho-laboral-panama\/\",\"name\":\"Abogado en derecho laboral en Panam\u00e1, contratos de Trabajo\",\"isPartOf\":{\"@id\":\"https:\/\/molinapanama.com\/es\/#website\"},\"datePublished\":\"2022-12-26T15:03:17+00:00\",\"dateModified\":\"2026-01-21T19:51:18+00:00\",\"description\":\"Contratos de trabajo en Panam\u00e1, despidos, mutuo acuerdo, reglamento interno de trabajo, derecho laboral, abogado laboral - MOLINA Y ASOCIADOS\",\"breadcrumb\":{\"@id\":\"https:\/\/molinapanama.com\/es\/areas-de-practica\/abogado-en-derecho-laboral-panama\/#breadcrumb\"},\"inLanguage\":\"es\",\"potentialAction\":[{\"@type\":\"ReadAction\",\"target\":[\"https:\/\/molinapanama.com\/es\/areas-de-practica\/abogado-en-derecho-laboral-panama\/\"]}]},{\"@type\":\"BreadcrumbList\",\"@id\":\"https:\/\/molinapanama.com\/es\/areas-de-practica\/abogado-en-derecho-laboral-panama\/#breadcrumb\",\"itemListElement\":[{\"@type\":\"ListItem\",\"position\":1,\"name\":\"Portada\",\"item\":\"https:\/\/molinapanama.com\/es\/\"},{\"@type\":\"ListItem\",\"position\":2,\"name\":\"\u00c1reas de practica\",\"item\":\"https:\/\/molinapanama.com\/es\/areas-de-practica\/\"},{\"@type\":\"ListItem\",\"position\":3,\"name\":\"Derecho Laboral\"}]},{\"@type\":\"WebSite\",\"@id\":\"https:\/\/molinapanama.com\/es\/#website\",\"url\":\"https:\/\/molinapanama.com\/es\/\",\"name\":\"Molina y Asociados - Abogados en Panam\u00e1.\",\"description\":\"\",\"publisher\":{\"@id\":\"https:\/\/molinapanama.com\/es\/#organization\"},\"potentialAction\":[{\"@type\":\"SearchAction\",\"target\":{\"@type\":\"EntryPoint\",\"urlTemplate\":\"https:\/\/molinapanama.com\/es\/?s={search_term_string}\"},\"query-input\":{\"@type\":\"PropertyValueSpecification\",\"valueRequired\":true,\"valueName\":\"search_term_string\"}}],\"inLanguage\":\"es\"},{\"@type\":\"Organization\",\"@id\":\"https:\/\/molinapanama.com\/es\/#organization\",\"name\":\"Molina y Asociados - Abogados en Panam\u00e1.\",\"url\":\"https:\/\/molinapanama.com\/es\/\",\"logo\":{\"@type\":\"ImageObject\",\"inLanguage\":\"es\",\"@id\":\"https:\/\/molinapanama.com\/es\/#\/schema\/logo\/image\/\",\"url\":\"https:\/\/molinapanama.com\/es\/wp-content\/uploads\/2022\/12\/logo-molina-y-asociados.png\",\"contentUrl\":\"https:\/\/molinapanama.com\/es\/wp-content\/uploads\/2022\/12\/logo-molina-y-asociados.png\",\"width\":467,\"height\":101,\"caption\":\"Molina y Asociados - Abogados en Panam\u00e1.\"},\"image\":{\"@id\":\"https:\/\/molinapanama.com\/es\/#\/schema\/logo\/image\/\"}}]}<\/script>\n<!-- \/ Yoast SEO plugin. -->","yoast_head_json":{"title":"Abogado en derecho laboral en Panam\u00e1, contratos de Trabajo","description":"Contratos de trabajo en Panam\u00e1, despidos, mutuo acuerdo, reglamento interno de trabajo, derecho laboral, abogado laboral - MOLINA Y ASOCIADOS","robots":{"index":"index","follow":"follow","max-snippet":"max-snippet:-1","max-image-preview":"max-image-preview:large","max-video-preview":"max-video-preview:-1"},"canonical":"https:\/\/molinapanama.com\/es\/areas-de-practica\/abogado-en-derecho-laboral-panama\/","og_locale":"es_ES","og_type":"article","og_title":"Abogado en derecho laboral en Panam\u00e1, contratos de Trabajo","og_description":"Contratos de trabajo en Panam\u00e1, despidos, mutuo acuerdo, reglamento interno de trabajo, derecho laboral, abogado laboral - MOLINA Y ASOCIADOS","og_url":"https:\/\/molinapanama.com\/es\/areas-de-practica\/abogado-en-derecho-laboral-panama\/","og_site_name":"Molina y Asociados - Abogados en Panam\u00e1.","article_modified_time":"2026-01-21T19:51:18+00:00","twitter_card":"summary_large_image","twitter_misc":{"Tiempo de lectura":"2 minutos"},"schema":{"@context":"https:\/\/schema.org","@graph":[{"@type":"WebPage","@id":"https:\/\/molinapanama.com\/es\/areas-de-practica\/abogado-en-derecho-laboral-panama\/","url":"https:\/\/molinapanama.com\/es\/areas-de-practica\/abogado-en-derecho-laboral-panama\/","name":"Abogado en derecho laboral en Panam\u00e1, contratos de Trabajo","isPartOf":{"@id":"https:\/\/molinapanama.com\/es\/#website"},"datePublished":"2022-12-26T15:03:17+00:00","dateModified":"2026-01-21T19:51:18+00:00","description":"Contratos de trabajo en Panam\u00e1, despidos, mutuo acuerdo, reglamento interno de trabajo, derecho laboral, abogado laboral - MOLINA Y ASOCIADOS","breadcrumb":{"@id":"https:\/\/molinapanama.com\/es\/areas-de-practica\/abogado-en-derecho-laboral-panama\/#breadcrumb"},"inLanguage":"es","potentialAction":[{"@type":"ReadAction","target":["https:\/\/molinapanama.com\/es\/areas-de-practica\/abogado-en-derecho-laboral-panama\/"]}]},{"@type":"BreadcrumbList","@id":"https:\/\/molinapanama.com\/es\/areas-de-practica\/abogado-en-derecho-laboral-panama\/#breadcrumb","itemListElement":[{"@type":"ListItem","position":1,"name":"Portada","item":"https:\/\/molinapanama.com\/es\/"},{"@type":"ListItem","position":2,"name":"\u00c1reas de practica","item":"https:\/\/molinapanama.com\/es\/areas-de-practica\/"},{"@type":"ListItem","position":3,"name":"Derecho Laboral"}]},{"@type":"WebSite","@id":"https:\/\/molinapanama.com\/es\/#website","url":"https:\/\/molinapanama.com\/es\/","name":"Molina y Asociados - Abogados en Panam\u00e1.","description":"","publisher":{"@id":"https:\/\/molinapanama.com\/es\/#organization"},"potentialAction":[{"@type":"SearchAction","target":{"@type":"EntryPoint","urlTemplate":"https:\/\/molinapanama.com\/es\/?s={search_term_string}"},"query-input":{"@type":"PropertyValueSpecification","valueRequired":true,"valueName":"search_term_string"}}],"inLanguage":"es"},{"@type":"Organization","@id":"https:\/\/molinapanama.com\/es\/#organization","name":"Molina y Asociados - Abogados en Panam\u00e1.","url":"https:\/\/molinapanama.com\/es\/","logo":{"@type":"ImageObject","inLanguage":"es","@id":"https:\/\/molinapanama.com\/es\/#\/schema\/logo\/image\/","url":"https:\/\/molinapanama.com\/es\/wp-content\/uploads\/2022\/12\/logo-molina-y-asociados.png","contentUrl":"https:\/\/molinapanama.com\/es\/wp-content\/uploads\/2022\/12\/logo-molina-y-asociados.png","width":467,"height":101,"caption":"Molina y Asociados - Abogados en Panam\u00e1."},"image":{"@id":"https:\/\/molinapanama.com\/es\/#\/schema\/logo\/image\/"}}]}},"_links":{"self":[{"href":"https:\/\/molinapanama.com\/es\/wp-json\/wp\/v2\/pages\/763","targetHints":{"allow":["GET"]}}],"collection":[{"href":"https:\/\/molinapanama.com\/es\/wp-json\/wp\/v2\/pages"}],"about":[{"href":"https:\/\/molinapanama.com\/es\/wp-json\/wp\/v2\/types\/page"}],"author":[{"embeddable":true,"href":"https:\/\/molinapanama.com\/es\/wp-json\/wp\/v2\/users\/1"}],"replies":[{"embeddable":true,"href":"https:\/\/molinapanama.com\/es\/wp-json\/wp\/v2\/comments?post=763"}],"version-history":[{"count":18,"href":"https:\/\/molinapanama.com\/es\/wp-json\/wp\/v2\/pages\/763\/revisions"}],"predecessor-version":[{"id":1695,"href":"https:\/\/molinapanama.com\/es\/wp-json\/wp\/v2\/pages\/763\/revisions\/1695"}],"up":[{"embeddable":true,"href":"https:\/\/molinapanama.com\/es\/wp-json\/wp\/v2\/pages\/81"}],"wp:attachment":[{"href":"https:\/\/molinapanama.com\/es\/wp-json\/wp\/v2\/media?parent=763"}],"curies":[{"name":"wp","href":"https:\/\/api.w.org\/{rel}","templated":true}]}}