{"id":748,"date":"2022-12-26T14:31:14","date_gmt":"2022-12-26T14:31:14","guid":{"rendered":"https:\/\/molinapanama.com\/demoes\/?page_id=748"},"modified":"2026-01-19T21:34:03","modified_gmt":"2026-01-19T21:34:03","slug":"bienes-raices","status":"publish","type":"page","link":"https:\/\/molinapanama.com\/es\/areas-de-practica\/bienes-raices\/","title":{"rendered":"Bienes Ra\u00edces"},"content":{"rendered":"\t\t<div data-elementor-type=\"wp-page\" data-elementor-id=\"748\" class=\"elementor elementor-748\" data-elementor-post-type=\"page\">\n\t\t\t\t\t\t<section class=\"elementor-section elementor-top-section elementor-element elementor-element-89c5a19 elementor-section-boxed elementor-section-height-default elementor-section-height-default\" data-id=\"89c5a19\" data-element_type=\"section\" data-e-type=\"section\">\n\t\t\t\t\t\t<div class=\"elementor-container elementor-column-gap-default\">\n\t\t\t\t\t<div class=\"elementor-column elementor-col-100 elementor-top-column elementor-element elementor-element-38d701f\" data-id=\"38d701f\" data-element_type=\"column\" data-e-type=\"column\">\n\t\t\t<div class=\"elementor-widget-wrap elementor-element-populated\">\n\t\t\t\t\t\t<div class=\"elementor-element elementor-element-2f9316d elementor-widget elementor-widget-heading\" data-id=\"2f9316d\" data-element_type=\"widget\" data-e-type=\"widget\" data-widget_type=\"heading.default\">\n\t\t\t\t<div class=\"elementor-widget-container\">\n\t\t\t\t\t<h1 class=\"elementor-heading-title elementor-size-default\">Bienes Ra\u00edces<\/h1>\t\t\t\t<\/div>\n\t\t\t\t<\/div>\n\t\t\t\t\t<\/div>\n\t\t<\/div>\n\t\t\t\t\t<\/div>\n\t\t<\/section>\n\t\t\t\t<section class=\"elementor-section elementor-top-section elementor-element elementor-element-83e4234 elementor-section-boxed elementor-section-height-default elementor-section-height-default\" data-id=\"83e4234\" data-element_type=\"section\" data-e-type=\"section\">\n\t\t\t\t\t\t<div class=\"elementor-container elementor-column-gap-default\">\n\t\t\t\t\t<div class=\"elementor-column elementor-col-100 elementor-top-column elementor-element elementor-element-67558dc\" data-id=\"67558dc\" data-element_type=\"column\" data-e-type=\"column\">\n\t\t\t<div class=\"elementor-widget-wrap elementor-element-populated\">\n\t\t\t\t\t\t<div class=\"elementor-element elementor-element-2de66b9 elementor-widget elementor-widget-text-editor\" data-id=\"2de66b9\" data-element_type=\"widget\" data-e-type=\"widget\" data-widget_type=\"text-editor.default\">\n\t\t\t\t<div class=\"elementor-widget-container\">\n\t\t\t\t\t\t\t\t\t<p>Poseemos amplia experiencia en materia de contratos sobre bienes ra\u00edces de naturaleza comercial, industrial y residencial.<\/p><p>En materia inmobiliaria, podemos asesorarle en lo siguiente:<\/p><ul><li>Compraventa<\/li><li>Promesa de compraventa<\/li><li>Arrendamientos<\/li><li>Opci\u00f3n de compra<\/li><li>Hipoteca y anticresis<\/li><li>Usufructo<\/li><li>Propiedad Horizontal<\/li><li>Impuesto de Inmuebles<\/li><\/ul><h2>Calculadoras de Impuesto de Inmuebles<\/h2><div>Ponemos a tu disposici\u00f3n nuestras calculadoras de Impuesto de Inmueble:<\/div><ol><li>Calculadora seg\u00fan <a href=\"https:\/\/molinapanama.com\/es\/areas-de-practica\/bienes-raices\/calculadora-de-impuesto-de-inmueble-tarifa-progresiva-combinada\/\">Tabla Progresiva Combinada<\/a> (art. 766-A del C\u00f3digo Fiscal).<\/li><li>Calculadora para bienes inmuebles sujetos al beneficio fiscal de <a href=\"https:\/\/molinapanama.com\/es\/areas-de-practica\/bienes-raices\/calculadora-de-impuesto-de-inmueble-patrimonio-familiar-tributario\/\">Patrimonio Familiar Tributario o Vivienda Principal<\/a> (art. 766 del C\u00f3digo Fiscal).<\/li><\/ol><div>Utiliza las calculadoras para estimar tu impuesto de inmueble desde antes de adquirir esa propiedad que quieres comprar.<\/div><div>\u00a0<\/div><h2>Algunos de nuestros art\u00edculos sobre temas de bienes ra\u00edces<\/h2><ul><li><a href=\"https:\/\/molinapanama.com\/es\/impuesto-de-inmuebles\/\">Impuesto de Inmuebles<\/a><\/li><li><a href=\"https:\/\/molinapanama.com\/es\/patrimonio-familiar-tributario-y-vivienda-principal\/\">Patrimonio Familiar Tributario o Vivienda Principal<\/a><\/li><li><a href=\"https:\/\/molinapanama.com\/es\/fideicomiso-de-garantia-vs-la-hipoteca\/\">El fideicomiso de garant\u00eda vs. la hipoteca<\/a><\/li><li><a href=\"https:\/\/molinapanama.com\/es\/wp-admin\/post.php?post=1478&amp;action=edit&amp;classic-editor#:~:text=http%3A\/\/molinapanama.com\/es\/pasos%2Dprevios%2Da%2D%E2%80%A6prar%2Dun%2Dinmueble\/\">Pasos previos a vender o comprar un inmueble<\/a><\/li><li><a href=\"https:\/\/molinapanama.com\/es\/el-fondo-para-imprevistos-propiedad-horizontal\/\">El Fondo para Imprevistos &#8211; Propiedad Horizontal<\/a><\/li><\/ul>\t\t\t\t\t\t\t\t<\/div>\n\t\t\t\t<\/div>\n\t\t\t\t\t<\/div>\n\t\t<\/div>\n\t\t\t\t\t<\/div>\n\t\t<\/section>\n\t\t\t\t<section class=\"elementor-section elementor-top-section elementor-element elementor-element-2f7fb2e elementor-section-boxed elementor-section-height-default elementor-section-height-default\" data-id=\"2f7fb2e\" data-element_type=\"section\" data-e-type=\"section\">\n\t\t\t\t\t\t<div class=\"elementor-container elementor-column-gap-default\">\n\t\t\t\t\t<div class=\"elementor-column elementor-col-100 elementor-top-column elementor-element elementor-element-d9ea3a3\" data-id=\"d9ea3a3\" data-element_type=\"column\" data-e-type=\"column\">\n\t\t\t<div class=\"elementor-widget-wrap elementor-element-populated\">\n\t\t\t\t\t\t<div class=\"elementor-element elementor-element-1b2633d elementor-widget elementor-widget-image\" data-id=\"1b2633d\" data-element_type=\"widget\" data-e-type=\"widget\" data-widget_type=\"image.default\">\n\t\t\t\t<div class=\"elementor-widget-container\">\n\t\t\t\t\t\t\t\t\t\t\t\t\t\t\t<img fetchpriority=\"high\" decoding=\"async\" width=\"1024\" height=\"1024\" src=\"https:\/\/molinapanama.com\/es\/wp-content\/uploads\/2023\/11\/DALL\u00b7E-2023-11-03-18.52.27-Conceptual-image-illustrating-Real-Estate.-Display-a-life-sized-family-house-as-the-backdrop-surrounded-by-lush-greenery.-In-the-foreground-set-wi.png\" class=\"attachment-large size-large wp-image-1509\" alt=\"\" srcset=\"https:\/\/molinapanama.com\/es\/wp-content\/uploads\/2023\/11\/DALL\u00b7E-2023-11-03-18.52.27-Conceptual-image-illustrating-Real-Estate.-Display-a-life-sized-family-house-as-the-backdrop-surrounded-by-lush-greenery.-In-the-foreground-set-wi.png 1024w, https:\/\/molinapanama.com\/es\/wp-content\/uploads\/2023\/11\/DALL\u00b7E-2023-11-03-18.52.27-Conceptual-image-illustrating-Real-Estate.-Display-a-life-sized-family-house-as-the-backdrop-surrounded-by-lush-greenery.-In-the-foreground-set-wi-300x300.png 300w, https:\/\/molinapanama.com\/es\/wp-content\/uploads\/2023\/11\/DALL\u00b7E-2023-11-03-18.52.27-Conceptual-image-illustrating-Real-Estate.-Display-a-life-sized-family-house-as-the-backdrop-surrounded-by-lush-greenery.-In-the-foreground-set-wi-150x150.png 150w, https:\/\/molinapanama.com\/es\/wp-content\/uploads\/2023\/11\/DALL\u00b7E-2023-11-03-18.52.27-Conceptual-image-illustrating-Real-Estate.-Display-a-life-sized-family-house-as-the-backdrop-surrounded-by-lush-greenery.-In-the-foreground-set-wi-768x768.png 768w, https:\/\/molinapanama.com\/es\/wp-content\/uploads\/2023\/11\/DALL\u00b7E-2023-11-03-18.52.27-Conceptual-image-illustrating-Real-Estate.-Display-a-life-sized-family-house-as-the-backdrop-surrounded-by-lush-greenery.-In-the-foreground-set-wi-600x600.png 600w\" sizes=\"(max-width: 1024px) 100vw, 1024px\" \/>\t\t\t\t\t\t\t\t\t\t\t\t\t\t\t<\/div>\n\t\t\t\t<\/div>\n\t\t\t\t\t<\/div>\n\t\t<\/div>\n\t\t\t\t\t<\/div>\n\t\t<\/section>\n\t\t\t\t<\/div>\n\t\t","protected":false},"excerpt":{"rendered":"<p>Bienes Ra\u00edces Poseemos amplia experiencia en materia de contratos sobre bienes ra\u00edces de naturaleza comercial, industrial y residencial. En materia inmobiliaria, podemos asesorarle en lo siguiente: Compraventa Promesa de compraventa Arrendamientos Opci\u00f3n de compra Hipoteca y anticresis Usufructo Propiedad Horizontal Impuesto de Inmuebles Calculadoras de Impuesto de Inmuebles Ponemos a tu disposici\u00f3n nuestras calculadoras de [&hellip;]<\/p>\n","protected":false},"author":1,"featured_media":0,"parent":81,"menu_order":0,"comment_status":"closed","ping_status":"closed","template":"","meta":{"footnotes":""},"class_list":["post-748","page","type-page","status-publish","hentry","entry"],"yoast_head":"<!-- This site is optimized with the Yoast SEO plugin v27.4 - https:\/\/yoast.com\/product\/yoast-seo-wordpress\/ -->\n<title>Bienes Ra\u00edces - Molina y Asociados - Abogados en Panam\u00e1.<\/title>\n<meta name=\"description\" content=\"Asesor\u00eda legal sobre bienes ra\u00edces en Panam\u00e1. Compraventas, alquileres, y otras operaciones con bienes inmuebles.\" \/>\n<meta name=\"robots\" content=\"index, follow, max-snippet:-1, max-image-preview:large, max-video-preview:-1\" \/>\n<link rel=\"canonical\" href=\"https:\/\/molinapanama.com\/es\/areas-de-practica\/bienes-raices\/\" \/>\n<meta property=\"og:locale\" content=\"es_ES\" \/>\n<meta property=\"og:type\" content=\"article\" \/>\n<meta property=\"og:title\" content=\"Bienes Ra\u00edces - Molina y Asociados - Abogados en Panam\u00e1.\" \/>\n<meta property=\"og:description\" content=\"Asesor\u00eda legal sobre bienes ra\u00edces en Panam\u00e1. Compraventas, alquileres, y otras operaciones con bienes inmuebles.\" \/>\n<meta property=\"og:url\" content=\"https:\/\/molinapanama.com\/es\/areas-de-practica\/bienes-raices\/\" \/>\n<meta property=\"og:site_name\" content=\"Molina y Asociados - Abogados en Panam\u00e1.\" \/>\n<meta property=\"article:modified_time\" content=\"2026-01-19T21:34:03+00:00\" \/>\n<meta name=\"twitter:card\" content=\"summary_large_image\" \/>\n<meta name=\"twitter:label1\" content=\"Tiempo de lectura\" \/>\n\t<meta name=\"twitter:data1\" content=\"1 minuto\" \/>\n<script type=\"application\/ld+json\" class=\"yoast-schema-graph\">{\"@context\":\"https:\\\/\\\/schema.org\",\"@graph\":[{\"@type\":\"WebPage\",\"@id\":\"https:\\\/\\\/molinapanama.com\\\/es\\\/areas-de-practica\\\/bienes-raices\\\/\",\"url\":\"https:\\\/\\\/molinapanama.com\\\/es\\\/areas-de-practica\\\/bienes-raices\\\/\",\"name\":\"Bienes Ra\u00edces - Molina y Asociados - Abogados en Panam\u00e1.\",\"isPartOf\":{\"@id\":\"https:\\\/\\\/molinapanama.com\\\/es\\\/#website\"},\"datePublished\":\"2022-12-26T14:31:14+00:00\",\"dateModified\":\"2026-01-19T21:34:03+00:00\",\"description\":\"Asesor\u00eda legal sobre bienes ra\u00edces en Panam\u00e1. Compraventas, alquileres, y otras operaciones con bienes inmuebles.\",\"breadcrumb\":{\"@id\":\"https:\\\/\\\/molinapanama.com\\\/es\\\/areas-de-practica\\\/bienes-raices\\\/#breadcrumb\"},\"inLanguage\":\"es\",\"potentialAction\":[{\"@type\":\"ReadAction\",\"target\":[\"https:\\\/\\\/molinapanama.com\\\/es\\\/areas-de-practica\\\/bienes-raices\\\/\"]}]},{\"@type\":\"BreadcrumbList\",\"@id\":\"https:\\\/\\\/molinapanama.com\\\/es\\\/areas-de-practica\\\/bienes-raices\\\/#breadcrumb\",\"itemListElement\":[{\"@type\":\"ListItem\",\"position\":1,\"name\":\"Portada\",\"item\":\"https:\\\/\\\/molinapanama.com\\\/es\\\/\"},{\"@type\":\"ListItem\",\"position\":2,\"name\":\"\u00c1reas de practica\",\"item\":\"https:\\\/\\\/molinapanama.com\\\/es\\\/areas-de-practica\\\/\"},{\"@type\":\"ListItem\",\"position\":3,\"name\":\"Bienes Ra\u00edces\"}]},{\"@type\":\"WebSite\",\"@id\":\"https:\\\/\\\/molinapanama.com\\\/es\\\/#website\",\"url\":\"https:\\\/\\\/molinapanama.com\\\/es\\\/\",\"name\":\"Molina y Asociados - Abogados en Panam\u00e1.\",\"description\":\"\",\"publisher\":{\"@id\":\"https:\\\/\\\/molinapanama.com\\\/es\\\/#organization\"},\"potentialAction\":[{\"@type\":\"SearchAction\",\"target\":{\"@type\":\"EntryPoint\",\"urlTemplate\":\"https:\\\/\\\/molinapanama.com\\\/es\\\/?s={search_term_string}\"},\"query-input\":{\"@type\":\"PropertyValueSpecification\",\"valueRequired\":true,\"valueName\":\"search_term_string\"}}],\"inLanguage\":\"es\"},{\"@type\":\"Organization\",\"@id\":\"https:\\\/\\\/molinapanama.com\\\/es\\\/#organization\",\"name\":\"Molina y Asociados - Abogados en Panam\u00e1.\",\"url\":\"https:\\\/\\\/molinapanama.com\\\/es\\\/\",\"logo\":{\"@type\":\"ImageObject\",\"inLanguage\":\"es\",\"@id\":\"https:\\\/\\\/molinapanama.com\\\/es\\\/#\\\/schema\\\/logo\\\/image\\\/\",\"url\":\"https:\\\/\\\/molinapanama.com\\\/es\\\/wp-content\\\/uploads\\\/2022\\\/12\\\/logo-molina-y-asociados.png\",\"contentUrl\":\"https:\\\/\\\/molinapanama.com\\\/es\\\/wp-content\\\/uploads\\\/2022\\\/12\\\/logo-molina-y-asociados.png\",\"width\":467,\"height\":101,\"caption\":\"Molina y Asociados - Abogados en Panam\u00e1.\"},\"image\":{\"@id\":\"https:\\\/\\\/molinapanama.com\\\/es\\\/#\\\/schema\\\/logo\\\/image\\\/\"}}]}<\/script>\n<!-- \/ Yoast SEO plugin. -->","yoast_head_json":{"title":"Bienes Ra\u00edces - Molina y Asociados - Abogados en Panam\u00e1.","description":"Asesor\u00eda legal sobre bienes ra\u00edces en Panam\u00e1. Compraventas, alquileres, y otras operaciones con bienes inmuebles.","robots":{"index":"index","follow":"follow","max-snippet":"max-snippet:-1","max-image-preview":"max-image-preview:large","max-video-preview":"max-video-preview:-1"},"canonical":"https:\/\/molinapanama.com\/es\/areas-de-practica\/bienes-raices\/","og_locale":"es_ES","og_type":"article","og_title":"Bienes Ra\u00edces - Molina y Asociados - Abogados en Panam\u00e1.","og_description":"Asesor\u00eda legal sobre bienes ra\u00edces en Panam\u00e1. Compraventas, alquileres, y otras operaciones con bienes inmuebles.","og_url":"https:\/\/molinapanama.com\/es\/areas-de-practica\/bienes-raices\/","og_site_name":"Molina y Asociados - Abogados en Panam\u00e1.","article_modified_time":"2026-01-19T21:34:03+00:00","twitter_card":"summary_large_image","twitter_misc":{"Tiempo de lectura":"1 minuto"},"schema":{"@context":"https:\/\/schema.org","@graph":[{"@type":"WebPage","@id":"https:\/\/molinapanama.com\/es\/areas-de-practica\/bienes-raices\/","url":"https:\/\/molinapanama.com\/es\/areas-de-practica\/bienes-raices\/","name":"Bienes Ra\u00edces - Molina y Asociados - Abogados en Panam\u00e1.","isPartOf":{"@id":"https:\/\/molinapanama.com\/es\/#website"},"datePublished":"2022-12-26T14:31:14+00:00","dateModified":"2026-01-19T21:34:03+00:00","description":"Asesor\u00eda legal sobre bienes ra\u00edces en Panam\u00e1. Compraventas, alquileres, y otras operaciones con bienes inmuebles.","breadcrumb":{"@id":"https:\/\/molinapanama.com\/es\/areas-de-practica\/bienes-raices\/#breadcrumb"},"inLanguage":"es","potentialAction":[{"@type":"ReadAction","target":["https:\/\/molinapanama.com\/es\/areas-de-practica\/bienes-raices\/"]}]},{"@type":"BreadcrumbList","@id":"https:\/\/molinapanama.com\/es\/areas-de-practica\/bienes-raices\/#breadcrumb","itemListElement":[{"@type":"ListItem","position":1,"name":"Portada","item":"https:\/\/molinapanama.com\/es\/"},{"@type":"ListItem","position":2,"name":"\u00c1reas de practica","item":"https:\/\/molinapanama.com\/es\/areas-de-practica\/"},{"@type":"ListItem","position":3,"name":"Bienes Ra\u00edces"}]},{"@type":"WebSite","@id":"https:\/\/molinapanama.com\/es\/#website","url":"https:\/\/molinapanama.com\/es\/","name":"Molina y Asociados - Abogados en Panam\u00e1.","description":"","publisher":{"@id":"https:\/\/molinapanama.com\/es\/#organization"},"potentialAction":[{"@type":"SearchAction","target":{"@type":"EntryPoint","urlTemplate":"https:\/\/molinapanama.com\/es\/?s={search_term_string}"},"query-input":{"@type":"PropertyValueSpecification","valueRequired":true,"valueName":"search_term_string"}}],"inLanguage":"es"},{"@type":"Organization","@id":"https:\/\/molinapanama.com\/es\/#organization","name":"Molina y Asociados - Abogados en Panam\u00e1.","url":"https:\/\/molinapanama.com\/es\/","logo":{"@type":"ImageObject","inLanguage":"es","@id":"https:\/\/molinapanama.com\/es\/#\/schema\/logo\/image\/","url":"https:\/\/molinapanama.com\/es\/wp-content\/uploads\/2022\/12\/logo-molina-y-asociados.png","contentUrl":"https:\/\/molinapanama.com\/es\/wp-content\/uploads\/2022\/12\/logo-molina-y-asociados.png","width":467,"height":101,"caption":"Molina y Asociados - Abogados en Panam\u00e1."},"image":{"@id":"https:\/\/molinapanama.com\/es\/#\/schema\/logo\/image\/"}}]}},"_links":{"self":[{"href":"https:\/\/molinapanama.com\/es\/wp-json\/wp\/v2\/pages\/748","targetHints":{"allow":["GET"]}}],"collection":[{"href":"https:\/\/molinapanama.com\/es\/wp-json\/wp\/v2\/pages"}],"about":[{"href":"https:\/\/molinapanama.com\/es\/wp-json\/wp\/v2\/types\/page"}],"author":[{"embeddable":true,"href":"https:\/\/molinapanama.com\/es\/wp-json\/wp\/v2\/users\/1"}],"replies":[{"embeddable":true,"href":"https:\/\/molinapanama.com\/es\/wp-json\/wp\/v2\/comments?post=748"}],"version-history":[{"count":38,"href":"https:\/\/molinapanama.com\/es\/wp-json\/wp\/v2\/pages\/748\/revisions"}],"predecessor-version":[{"id":1687,"href":"https:\/\/molinapanama.com\/es\/wp-json\/wp\/v2\/pages\/748\/revisions\/1687"}],"up":[{"embeddable":true,"href":"https:\/\/molinapanama.com\/es\/wp-json\/wp\/v2\/pages\/81"}],"wp:attachment":[{"href":"https:\/\/molinapanama.com\/es\/wp-json\/wp\/v2\/media?parent=748"}],"curies":[{"name":"wp","href":"https:\/\/api.w.org\/{rel}","templated":true}]}}