{"id":628,"date":"2022-12-22T14:49:50","date_gmt":"2022-12-22T14:49:50","guid":{"rendered":"https:\/\/molinapanama.com\/demoes\/?page_id=628"},"modified":"2022-12-27T15:26:06","modified_gmt":"2022-12-27T15:26:06","slug":"enlcaces","status":"publish","type":"page","link":"https:\/\/molinapanama.com\/es\/enlcaces\/","title":{"rendered":"Enlaces"},"content":{"rendered":"\t\t<div data-elementor-type=\"wp-page\" data-elementor-id=\"628\" class=\"elementor elementor-628\" data-elementor-post-type=\"page\">\n\t\t\t\t\t\t<section class=\"elementor-section elementor-top-section elementor-element elementor-element-056df08 elementor-section-height-min-height elementor-section-boxed elementor-section-height-default elementor-section-items-middle\" data-id=\"056df08\" data-element_type=\"section\" data-e-type=\"section\">\n\t\t\t\t\t\t<div class=\"elementor-container elementor-column-gap-default\">\n\t\t\t\t\t<div class=\"elementor-column elementor-col-100 elementor-top-column elementor-element elementor-element-3ef3041\" data-id=\"3ef3041\" data-element_type=\"column\" data-e-type=\"column\">\n\t\t\t<div class=\"elementor-widget-wrap elementor-element-populated\">\n\t\t\t\t\t\t<div class=\"elementor-element elementor-element-3c79407 elementor-widget elementor-widget-heading\" data-id=\"3c79407\" data-element_type=\"widget\" data-e-type=\"widget\" data-widget_type=\"heading.default\">\n\t\t\t\t<div class=\"elementor-widget-container\">\n\t\t\t\t\t<h2 class=\"elementor-heading-title elementor-size-default\">Enlaces de inter\u00e9s de Panam\u00e1<\/h2>\t\t\t\t<\/div>\n\t\t\t\t<\/div>\n\t\t\t\t\t<\/div>\n\t\t<\/div>\n\t\t\t\t\t<\/div>\n\t\t<\/section>\n\t\t\t\t<section class=\"elementor-section elementor-top-section elementor-element elementor-element-8ca5a72 elementor-section-height-min-height elementor-section-boxed elementor-section-height-default elementor-section-items-middle\" data-id=\"8ca5a72\" data-element_type=\"section\" data-e-type=\"section\">\n\t\t\t\t\t\t<div class=\"elementor-container elementor-column-gap-default\">\n\t\t\t\t\t<div class=\"elementor-column elementor-col-100 elementor-top-column elementor-element elementor-element-03677e0\" data-id=\"03677e0\" data-element_type=\"column\" data-e-type=\"column\">\n\t\t\t<div class=\"elementor-widget-wrap elementor-element-populated\">\n\t\t\t\t\t\t<div class=\"elementor-element elementor-element-8e1ad61 elementor-widget elementor-widget-text-editor\" data-id=\"8e1ad61\" data-element_type=\"widget\" data-e-type=\"widget\" data-widget_type=\"text-editor.default\">\n\t\t\t\t<div class=\"elementor-widget-container\">\n\t\t\t\t\t\t\t\t\t<div class=\"vc_row wpb_row vc_row-fluid vc_custom_1500342448868\"><div class=\"wpb_column vc_column_container vc_col-sm-12 sc_layouts_column_icons_position_left\"><div class=\"vc_column-inner \"><div class=\"wpb_wrapper\"><div class=\"wpb_text_column wpb_content_element \"><div class=\"wpb_wrapper\"><a href=\"https:\/\/www.atp.gob.pa\/\" target=\"_blank\" rel=\"noopener\">Autoridad de Turismo de Panam\u00e1<\/a><\/div><\/div><div><a href=\"https:\/\/www.atp.gob.pa\/\" target=\"_blank\" rel=\"noopener\"><img decoding=\"async\" class=\"alignleft  wp-image-637\" src=\"https:\/\/molinapanama.com\/es\/wp-content\/uploads\/2022\/12\/atp.jpg\" alt=\"\" width=\"128\" height=\"105\" \/><\/a><\/div><\/div><\/div><\/div><\/div>\t\t\t\t\t\t\t\t<\/div>\n\t\t\t\t<\/div>\n\t\t\t\t\t<\/div>\n\t\t<\/div>\n\t\t\t\t\t<\/div>\n\t\t<\/section>\n\t\t\t\t<section class=\"elementor-section elementor-top-section elementor-element elementor-element-d622d8e elementor-section-height-min-height elementor-section-boxed elementor-section-height-default elementor-section-items-middle\" data-id=\"d622d8e\" data-element_type=\"section\" data-e-type=\"section\">\n\t\t\t\t\t\t<div class=\"elementor-container elementor-column-gap-default\">\n\t\t\t\t\t<div class=\"elementor-column elementor-col-100 elementor-top-column elementor-element elementor-element-9cf6a01\" data-id=\"9cf6a01\" data-element_type=\"column\" data-e-type=\"column\">\n\t\t\t<div class=\"elementor-widget-wrap elementor-element-populated\">\n\t\t\t\t\t\t<div class=\"elementor-element elementor-element-3d6898b elementor-widget elementor-widget-text-editor\" data-id=\"3d6898b\" data-element_type=\"widget\" data-e-type=\"widget\" data-widget_type=\"text-editor.default\">\n\t\t\t\t<div class=\"elementor-widget-container\">\n\t\t\t\t\t\t\t\t\t<div class=\"vc_row wpb_row vc_row-fluid vc_custom_1500342448868\"><div class=\"wpb_column vc_column_container vc_col-sm-12 sc_layouts_column_icons_position_left\"><div class=\"vc_column-inner \"><div class=\"wpb_wrapper\"><div class=\"wpb_text_column wpb_content_element \"><div class=\"wpb_wrapper\"><a href=\"https:\/\/www.superbancos.gob.pa\/\" target=\"_blank\" rel=\"noopener\">Superintendencia de Bancos<\/a><\/div><\/div><\/div><div><a href=\"https:\/\/www.superbancos.gob.pa\/\" target=\"_blank\" rel=\"noopener\"><img decoding=\"async\" class=\"alignleft  wp-image-641\" src=\"https:\/\/molinapanama.com\/es\/wp-content\/uploads\/2022\/12\/pic2-1.jpg\" alt=\"\" width=\"226\" height=\"97\" srcset=\"https:\/\/molinapanama.com\/es\/wp-content\/uploads\/2022\/12\/pic2-1.jpg 333w, https:\/\/molinapanama.com\/es\/wp-content\/uploads\/2022\/12\/pic2-1-300x129.jpg 300w\" sizes=\"(max-width: 226px) 100vw, 226px\" \/><\/a><\/div><\/div><\/div><\/div>\t\t\t\t\t\t\t\t<\/div>\n\t\t\t\t<\/div>\n\t\t\t\t\t<\/div>\n\t\t<\/div>\n\t\t\t\t\t<\/div>\n\t\t<\/section>\n\t\t\t\t<section class=\"elementor-section elementor-top-section elementor-element elementor-element-2e886a2 elementor-section-height-min-height elementor-section-boxed elementor-section-height-default elementor-section-items-middle\" data-id=\"2e886a2\" data-element_type=\"section\" data-e-type=\"section\">\n\t\t\t\t\t\t<div class=\"elementor-container elementor-column-gap-default\">\n\t\t\t\t\t<div class=\"elementor-column elementor-col-100 elementor-top-column elementor-element elementor-element-10ca408\" data-id=\"10ca408\" data-element_type=\"column\" data-e-type=\"column\">\n\t\t\t<div class=\"elementor-widget-wrap elementor-element-populated\">\n\t\t\t\t\t\t<div class=\"elementor-element elementor-element-f2032b5 elementor-widget elementor-widget-text-editor\" data-id=\"f2032b5\" data-element_type=\"widget\" data-e-type=\"widget\" data-widget_type=\"text-editor.default\">\n\t\t\t\t<div class=\"elementor-widget-container\">\n\t\t\t\t\t\t\t\t\t<div class=\"vc_row wpb_row vc_row-fluid vc_custom_1500342448868\"><div class=\"wpb_column vc_column_container vc_col-sm-12 sc_layouts_column_icons_position_left\"><div class=\"vc_column-inner \"><div class=\"wpb_wrapper\"><div class=\"wpb_text_column wpb_content_element \"><div class=\"wpb_wrapper\"><a href=\"https:\/\/supervalores.gob.pa\/\" target=\"_blank\" rel=\"noopener\">Superintendencia del Mercado de Valores<\/a><\/div><\/div><\/div><div><a href=\"https:\/\/supervalores.gob.pa\/\" target=\"_blank\" rel=\"noopener\"><img decoding=\"async\" class=\"alignleft  wp-image-645\" src=\"https:\/\/molinapanama.com\/es\/wp-content\/uploads\/2022\/12\/pic3-logos.jpg\" alt=\"\" width=\"193\" height=\"74\" \/><\/a><\/div><\/div><\/div><\/div>\t\t\t\t\t\t\t\t<\/div>\n\t\t\t\t<\/div>\n\t\t\t\t\t<\/div>\n\t\t<\/div>\n\t\t\t\t\t<\/div>\n\t\t<\/section>\n\t\t\t\t<section class=\"elementor-section elementor-top-section elementor-element elementor-element-6dcca74 elementor-section-height-min-height elementor-section-boxed elementor-section-height-default elementor-section-items-middle\" data-id=\"6dcca74\" data-element_type=\"section\" data-e-type=\"section\">\n\t\t\t\t\t\t<div class=\"elementor-container elementor-column-gap-default\">\n\t\t\t\t\t<div class=\"elementor-column elementor-col-100 elementor-top-column elementor-element elementor-element-399e77e\" data-id=\"399e77e\" data-element_type=\"column\" data-e-type=\"column\">\n\t\t\t<div class=\"elementor-widget-wrap elementor-element-populated\">\n\t\t\t\t\t\t<div class=\"elementor-element elementor-element-aea52f6 elementor-widget elementor-widget-text-editor\" data-id=\"aea52f6\" data-element_type=\"widget\" data-e-type=\"widget\" data-widget_type=\"text-editor.default\">\n\t\t\t\t<div class=\"elementor-widget-container\">\n\t\t\t\t\t\t\t\t\t<div class=\"vc_row wpb_row vc_row-fluid vc_custom_1500342448868\"><div class=\"wpb_column vc_column_container vc_col-sm-12 sc_layouts_column_icons_position_left\"><div class=\"vc_column-inner \"><div class=\"wpb_wrapper\"><div class=\"wpb_text_column wpb_content_element \"><div class=\"wpb_wrapper\"><a href=\"https:\/\/www.mef.gob.pa\/\" target=\"_blank\" rel=\"noopener\">Ministerio de Econom\u00eda y Finanzas<\/a><\/div><\/div><\/div><div><a href=\"https:\/\/www.mef.gob.pa\/\" target=\"_blank\" rel=\"noopener\"><img loading=\"lazy\" decoding=\"async\" class=\"alignleft  wp-image-650\" src=\"https:\/\/molinapanama.com\/es\/wp-content\/uploads\/2022\/12\/pic-4-logos.jpg\" alt=\"\" width=\"179\" height=\"109\" \/><\/a><\/div><\/div><\/div><\/div>\t\t\t\t\t\t\t\t<\/div>\n\t\t\t\t<\/div>\n\t\t\t\t\t<\/div>\n\t\t<\/div>\n\t\t\t\t\t<\/div>\n\t\t<\/section>\n\t\t\t\t<section class=\"elementor-section elementor-top-section elementor-element elementor-element-3667133 elementor-section-height-min-height elementor-section-boxed elementor-section-height-default elementor-section-items-middle\" data-id=\"3667133\" data-element_type=\"section\" data-e-type=\"section\">\n\t\t\t\t\t\t<div class=\"elementor-container elementor-column-gap-default\">\n\t\t\t\t\t<div class=\"elementor-column elementor-col-100 elementor-top-column elementor-element elementor-element-58b4797\" data-id=\"58b4797\" data-element_type=\"column\" data-e-type=\"column\">\n\t\t\t<div class=\"elementor-widget-wrap elementor-element-populated\">\n\t\t\t\t\t\t<div class=\"elementor-element elementor-element-c6bf7c7 elementor-widget elementor-widget-text-editor\" data-id=\"c6bf7c7\" data-element_type=\"widget\" data-e-type=\"widget\" data-widget_type=\"text-editor.default\">\n\t\t\t\t<div class=\"elementor-widget-container\">\n\t\t\t\t\t\t\t\t\t<div class=\"vc_row wpb_row vc_row-fluid vc_custom_1500342448868\"><div class=\"wpb_column vc_column_container vc_col-sm-12 sc_layouts_column_icons_position_left\"><div class=\"vc_column-inner \"><div class=\"wpb_wrapper\"><div class=\"wpb_text_column wpb_content_element \"><div class=\"wpb_wrapper\"><a href=\"https:\/\/mici.gob.pa\/\" target=\"_blank\" rel=\"noopener\">Ministerio de Comercio e Industrias<\/a><\/div><\/div><\/div><div><a href=\"https:\/\/mici.gob.pa\/\" target=\"_blank\" rel=\"noopener\"><img loading=\"lazy\" decoding=\"async\" class=\"alignleft  wp-image-655\" src=\"https:\/\/molinapanama.com\/es\/wp-content\/uploads\/2022\/12\/pic-5-logos.jpg\" alt=\"\" width=\"185\" height=\"103\" \/><\/a><\/div><\/div><\/div><\/div>\t\t\t\t\t\t\t\t<\/div>\n\t\t\t\t<\/div>\n\t\t\t\t\t<\/div>\n\t\t<\/div>\n\t\t\t\t\t<\/div>\n\t\t<\/section>\n\t\t\t\t<section class=\"elementor-section elementor-top-section elementor-element elementor-element-bd53e92 elementor-section-height-min-height elementor-section-boxed elementor-section-height-default elementor-section-items-middle\" data-id=\"bd53e92\" data-element_type=\"section\" data-e-type=\"section\">\n\t\t\t\t\t\t<div class=\"elementor-container elementor-column-gap-default\">\n\t\t\t\t\t<div class=\"elementor-column elementor-col-100 elementor-top-column elementor-element elementor-element-e9560a2\" data-id=\"e9560a2\" data-element_type=\"column\" data-e-type=\"column\">\n\t\t\t<div class=\"elementor-widget-wrap elementor-element-populated\">\n\t\t\t\t\t\t<div class=\"elementor-element elementor-element-c164971 elementor-widget elementor-widget-text-editor\" data-id=\"c164971\" data-element_type=\"widget\" data-e-type=\"widget\" data-widget_type=\"text-editor.default\">\n\t\t\t\t<div class=\"elementor-widget-container\">\n\t\t\t\t\t\t\t\t\t<div class=\"vc_row wpb_row vc_row-fluid vc_custom_1500342448868\"><div class=\"wpb_column vc_column_container vc_col-sm-12 sc_layouts_column_icons_position_left\"><div class=\"vc_column-inner \"><div class=\"wpb_wrapper\"><div class=\"wpb_text_column wpb_content_element \"><div class=\"wpb_wrapper\"><a href=\"https:\/\/www.panamaemprende.gob.pa\/\" target=\"_blank\" rel=\"noopener\">Portal Panam\u00e1 Emprende<\/a><\/div><\/div><\/div><div><a href=\"https:\/\/www.panamaemprende.gob.pa\/\" target=\"_blank\" rel=\"noopener\"><img loading=\"lazy\" decoding=\"async\" class=\"alignleft  wp-image-660\" src=\"https:\/\/molinapanama.com\/es\/wp-content\/uploads\/2022\/12\/pic-6-logos.jpg\" alt=\"\" width=\"201\" height=\"97\" \/><\/a><\/div><\/div><\/div><\/div>\t\t\t\t\t\t\t\t<\/div>\n\t\t\t\t<\/div>\n\t\t\t\t\t<\/div>\n\t\t<\/div>\n\t\t\t\t\t<\/div>\n\t\t<\/section>\n\t\t\t\t<\/div>\n\t\t","protected":false},"excerpt":{"rendered":"<p>Enlaces de inter\u00e9s de Panam\u00e1 Autoridad de Turismo de Panam\u00e1Superintendencia de BancosSuperintendencia del Mercado de ValoresMinisterio de Econom\u00eda y FinanzasMinisterio de Comercio e IndustriasPortal Panam\u00e1 Emprende<\/p>\n","protected":false},"author":1,"featured_media":0,"parent":0,"menu_order":0,"comment_status":"closed","ping_status":"closed","template":"","meta":{"footnotes":""},"class_list":["post-628","page","type-page","status-publish","hentry","entry"],"yoast_head":"<!-- This site is optimized with the Yoast SEO plugin v27.4 - https:\/\/yoast.com\/product\/yoast-seo-wordpress\/ -->\n<title>Enlaces - Molina y Asociados - Abogados en Panam\u00e1.<\/title>\n<meta name=\"robots\" content=\"index, follow, max-snippet:-1, max-image-preview:large, max-video-preview:-1\" \/>\n<link rel=\"canonical\" href=\"https:\/\/molinapanama.com\/es\/enlcaces\/\" \/>\n<meta property=\"og:locale\" content=\"es_ES\" \/>\n<meta property=\"og:type\" content=\"article\" \/>\n<meta property=\"og:title\" content=\"Enlaces - Molina y Asociados - Abogados en Panam\u00e1.\" \/>\n<meta property=\"og:description\" content=\"Enlaces de inter\u00e9s de Panam\u00e1 Autoridad de Turismo de Panam\u00e1Superintendencia de BancosSuperintendencia del Mercado de ValoresMinisterio de Econom\u00eda y FinanzasMinisterio de Comercio e IndustriasPortal Panam\u00e1 Emprende\" \/>\n<meta property=\"og:url\" content=\"https:\/\/molinapanama.com\/es\/enlcaces\/\" \/>\n<meta property=\"og:site_name\" content=\"Molina y Asociados - Abogados en Panam\u00e1.\" \/>\n<meta property=\"article:modified_time\" content=\"2022-12-27T15:26:06+00:00\" \/>\n<meta property=\"og:image\" content=\"https:\/\/molinapanama.com\/es\/wp-content\/uploads\/2022\/12\/atp.jpg\" \/>\n<meta name=\"twitter:card\" content=\"summary_large_image\" \/>\n<script type=\"application\/ld+json\" class=\"yoast-schema-graph\">{\"@context\":\"https:\\\/\\\/schema.org\",\"@graph\":[{\"@type\":\"WebPage\",\"@id\":\"https:\\\/\\\/molinapanama.com\\\/es\\\/enlcaces\\\/\",\"url\":\"https:\\\/\\\/molinapanama.com\\\/es\\\/enlcaces\\\/\",\"name\":\"Enlaces - Molina y Asociados - Abogados en Panam\u00e1.\",\"isPartOf\":{\"@id\":\"https:\\\/\\\/molinapanama.com\\\/es\\\/#website\"},\"primaryImageOfPage\":{\"@id\":\"https:\\\/\\\/molinapanama.com\\\/es\\\/enlcaces\\\/#primaryimage\"},\"image\":{\"@id\":\"https:\\\/\\\/molinapanama.com\\\/es\\\/enlcaces\\\/#primaryimage\"},\"thumbnailUrl\":\"https:\\\/\\\/molinapanama.com\\\/es\\\/wp-content\\\/uploads\\\/2022\\\/12\\\/atp.jpg\",\"datePublished\":\"2022-12-22T14:49:50+00:00\",\"dateModified\":\"2022-12-27T15:26:06+00:00\",\"breadcrumb\":{\"@id\":\"https:\\\/\\\/molinapanama.com\\\/es\\\/enlcaces\\\/#breadcrumb\"},\"inLanguage\":\"es\",\"potentialAction\":[{\"@type\":\"ReadAction\",\"target\":[\"https:\\\/\\\/molinapanama.com\\\/es\\\/enlcaces\\\/\"]}]},{\"@type\":\"ImageObject\",\"inLanguage\":\"es\",\"@id\":\"https:\\\/\\\/molinapanama.com\\\/es\\\/enlcaces\\\/#primaryimage\",\"url\":\"https:\\\/\\\/molinapanama.com\\\/es\\\/wp-content\\\/uploads\\\/2022\\\/12\\\/atp.jpg\",\"contentUrl\":\"https:\\\/\\\/molinapanama.com\\\/es\\\/wp-content\\\/uploads\\\/2022\\\/12\\\/atp.jpg\",\"width\":264,\"height\":216},{\"@type\":\"BreadcrumbList\",\"@id\":\"https:\\\/\\\/molinapanama.com\\\/es\\\/enlcaces\\\/#breadcrumb\",\"itemListElement\":[{\"@type\":\"ListItem\",\"position\":1,\"name\":\"Portada\",\"item\":\"https:\\\/\\\/molinapanama.com\\\/es\\\/\"},{\"@type\":\"ListItem\",\"position\":2,\"name\":\"Enlaces\"}]},{\"@type\":\"WebSite\",\"@id\":\"https:\\\/\\\/molinapanama.com\\\/es\\\/#website\",\"url\":\"https:\\\/\\\/molinapanama.com\\\/es\\\/\",\"name\":\"Molina y Asociados - Abogados en Panam\u00e1.\",\"description\":\"\",\"publisher\":{\"@id\":\"https:\\\/\\\/molinapanama.com\\\/es\\\/#organization\"},\"potentialAction\":[{\"@type\":\"SearchAction\",\"target\":{\"@type\":\"EntryPoint\",\"urlTemplate\":\"https:\\\/\\\/molinapanama.com\\\/es\\\/?s={search_term_string}\"},\"query-input\":{\"@type\":\"PropertyValueSpecification\",\"valueRequired\":true,\"valueName\":\"search_term_string\"}}],\"inLanguage\":\"es\"},{\"@type\":\"Organization\",\"@id\":\"https:\\\/\\\/molinapanama.com\\\/es\\\/#organization\",\"name\":\"Molina y Asociados - Abogados en Panam\u00e1.\",\"url\":\"https:\\\/\\\/molinapanama.com\\\/es\\\/\",\"logo\":{\"@type\":\"ImageObject\",\"inLanguage\":\"es\",\"@id\":\"https:\\\/\\\/molinapanama.com\\\/es\\\/#\\\/schema\\\/logo\\\/image\\\/\",\"url\":\"https:\\\/\\\/molinapanama.com\\\/es\\\/wp-content\\\/uploads\\\/2022\\\/12\\\/logo-molina-y-asociados.png\",\"contentUrl\":\"https:\\\/\\\/molinapanama.com\\\/es\\\/wp-content\\\/uploads\\\/2022\\\/12\\\/logo-molina-y-asociados.png\",\"width\":467,\"height\":101,\"caption\":\"Molina y Asociados - Abogados en Panam\u00e1.\"},\"image\":{\"@id\":\"https:\\\/\\\/molinapanama.com\\\/es\\\/#\\\/schema\\\/logo\\\/image\\\/\"}}]}<\/script>\n<!-- \/ Yoast SEO plugin. -->","yoast_head_json":{"title":"Enlaces - Molina y Asociados - Abogados en Panam\u00e1.","robots":{"index":"index","follow":"follow","max-snippet":"max-snippet:-1","max-image-preview":"max-image-preview:large","max-video-preview":"max-video-preview:-1"},"canonical":"https:\/\/molinapanama.com\/es\/enlcaces\/","og_locale":"es_ES","og_type":"article","og_title":"Enlaces - Molina y Asociados - Abogados en Panam\u00e1.","og_description":"Enlaces de inter\u00e9s de Panam\u00e1 Autoridad de Turismo de Panam\u00e1Superintendencia de BancosSuperintendencia del Mercado de ValoresMinisterio de Econom\u00eda y FinanzasMinisterio de Comercio e IndustriasPortal Panam\u00e1 Emprende","og_url":"https:\/\/molinapanama.com\/es\/enlcaces\/","og_site_name":"Molina y Asociados - Abogados en Panam\u00e1.","article_modified_time":"2022-12-27T15:26:06+00:00","og_image":[{"url":"https:\/\/molinapanama.com\/es\/wp-content\/uploads\/2022\/12\/atp.jpg","type":"","width":"","height":""}],"twitter_card":"summary_large_image","schema":{"@context":"https:\/\/schema.org","@graph":[{"@type":"WebPage","@id":"https:\/\/molinapanama.com\/es\/enlcaces\/","url":"https:\/\/molinapanama.com\/es\/enlcaces\/","name":"Enlaces - Molina y Asociados - Abogados en Panam\u00e1.","isPartOf":{"@id":"https:\/\/molinapanama.com\/es\/#website"},"primaryImageOfPage":{"@id":"https:\/\/molinapanama.com\/es\/enlcaces\/#primaryimage"},"image":{"@id":"https:\/\/molinapanama.com\/es\/enlcaces\/#primaryimage"},"thumbnailUrl":"https:\/\/molinapanama.com\/es\/wp-content\/uploads\/2022\/12\/atp.jpg","datePublished":"2022-12-22T14:49:50+00:00","dateModified":"2022-12-27T15:26:06+00:00","breadcrumb":{"@id":"https:\/\/molinapanama.com\/es\/enlcaces\/#breadcrumb"},"inLanguage":"es","potentialAction":[{"@type":"ReadAction","target":["https:\/\/molinapanama.com\/es\/enlcaces\/"]}]},{"@type":"ImageObject","inLanguage":"es","@id":"https:\/\/molinapanama.com\/es\/enlcaces\/#primaryimage","url":"https:\/\/molinapanama.com\/es\/wp-content\/uploads\/2022\/12\/atp.jpg","contentUrl":"https:\/\/molinapanama.com\/es\/wp-content\/uploads\/2022\/12\/atp.jpg","width":264,"height":216},{"@type":"BreadcrumbList","@id":"https:\/\/molinapanama.com\/es\/enlcaces\/#breadcrumb","itemListElement":[{"@type":"ListItem","position":1,"name":"Portada","item":"https:\/\/molinapanama.com\/es\/"},{"@type":"ListItem","position":2,"name":"Enlaces"}]},{"@type":"WebSite","@id":"https:\/\/molinapanama.com\/es\/#website","url":"https:\/\/molinapanama.com\/es\/","name":"Molina y Asociados - Abogados en Panam\u00e1.","description":"","publisher":{"@id":"https:\/\/molinapanama.com\/es\/#organization"},"potentialAction":[{"@type":"SearchAction","target":{"@type":"EntryPoint","urlTemplate":"https:\/\/molinapanama.com\/es\/?s={search_term_string}"},"query-input":{"@type":"PropertyValueSpecification","valueRequired":true,"valueName":"search_term_string"}}],"inLanguage":"es"},{"@type":"Organization","@id":"https:\/\/molinapanama.com\/es\/#organization","name":"Molina y Asociados - Abogados en Panam\u00e1.","url":"https:\/\/molinapanama.com\/es\/","logo":{"@type":"ImageObject","inLanguage":"es","@id":"https:\/\/molinapanama.com\/es\/#\/schema\/logo\/image\/","url":"https:\/\/molinapanama.com\/es\/wp-content\/uploads\/2022\/12\/logo-molina-y-asociados.png","contentUrl":"https:\/\/molinapanama.com\/es\/wp-content\/uploads\/2022\/12\/logo-molina-y-asociados.png","width":467,"height":101,"caption":"Molina y Asociados - Abogados en Panam\u00e1."},"image":{"@id":"https:\/\/molinapanama.com\/es\/#\/schema\/logo\/image\/"}}]}},"_links":{"self":[{"href":"https:\/\/molinapanama.com\/es\/wp-json\/wp\/v2\/pages\/628","targetHints":{"allow":["GET"]}}],"collection":[{"href":"https:\/\/molinapanama.com\/es\/wp-json\/wp\/v2\/pages"}],"about":[{"href":"https:\/\/molinapanama.com\/es\/wp-json\/wp\/v2\/types\/page"}],"author":[{"embeddable":true,"href":"https:\/\/molinapanama.com\/es\/wp-json\/wp\/v2\/users\/1"}],"replies":[{"embeddable":true,"href":"https:\/\/molinapanama.com\/es\/wp-json\/wp\/v2\/comments?post=628"}],"version-history":[{"count":30,"href":"https:\/\/molinapanama.com\/es\/wp-json\/wp\/v2\/pages\/628\/revisions"}],"predecessor-version":[{"id":937,"href":"https:\/\/molinapanama.com\/es\/wp-json\/wp\/v2\/pages\/628\/revisions\/937"}],"wp:attachment":[{"href":"https:\/\/molinapanama.com\/es\/wp-json\/wp\/v2\/media?parent=628"}],"curies":[{"name":"wp","href":"https:\/\/api.w.org\/{rel}","templated":true}]}}