{"id":598,"date":"2022-12-22T14:02:20","date_gmt":"2022-12-22T14:02:20","guid":{"rendered":"https:\/\/molinapanama.com\/demoes\/?page_id=598"},"modified":"2022-12-26T17:59:40","modified_gmt":"2022-12-26T17:59:40","slug":"sobre-panama","status":"publish","type":"page","link":"https:\/\/molinapanama.com\/es\/sobre-panama\/","title":{"rendered":"Sobre Panam\u00e1"},"content":{"rendered":"\t\t<div data-elementor-type=\"wp-page\" data-elementor-id=\"598\" class=\"elementor elementor-598\" data-elementor-post-type=\"page\">\n\t\t\t\t\t\t<section class=\"elementor-section elementor-top-section elementor-element elementor-element-764864f elementor-section-height-min-height elementor-section-boxed elementor-section-height-default elementor-section-items-middle\" data-id=\"764864f\" data-element_type=\"section\">\n\t\t\t\t\t\t\t<div class=\"elementor-background-overlay\"><\/div>\n\t\t\t\t\t\t\t<div class=\"elementor-container elementor-column-gap-default\">\n\t\t\t\t\t<div class=\"elementor-column elementor-col-100 elementor-top-column elementor-element elementor-element-df48602\" data-id=\"df48602\" data-element_type=\"column\">\n\t\t\t<div class=\"elementor-widget-wrap elementor-element-populated\">\n\t\t\t\t\t\t<section class=\"elementor-section elementor-inner-section elementor-element elementor-element-74b30ff elementor-section-boxed elementor-section-height-default elementor-section-height-default\" data-id=\"74b30ff\" data-element_type=\"section\">\n\t\t\t\t\t\t<div class=\"elementor-container elementor-column-gap-default\">\n\t\t\t\t\t<div class=\"elementor-column elementor-col-100 elementor-inner-column elementor-element elementor-element-c649022\" data-id=\"c649022\" data-element_type=\"column\">\n\t\t\t<div class=\"elementor-widget-wrap elementor-element-populated\">\n\t\t\t\t\t\t<div class=\"elementor-element elementor-element-67197f4 elementor-widget elementor-widget-heading\" data-id=\"67197f4\" data-element_type=\"widget\" data-widget_type=\"heading.default\">\n\t\t\t\t<div class=\"elementor-widget-container\">\n\t\t\t\t\t<h2 class=\"elementor-heading-title elementor-size-default\">Sobre Panam\u00e1<\/h2>\t\t\t\t<\/div>\n\t\t\t\t<\/div>\n\t\t\t\t\t<\/div>\n\t\t<\/div>\n\t\t\t\t\t<\/div>\n\t\t<\/section>\n\t\t\t\t<section class=\"elementor-section elementor-inner-section elementor-element elementor-element-333e038 elementor-section-boxed elementor-section-height-default elementor-section-height-default\" data-id=\"333e038\" data-element_type=\"section\">\n\t\t\t\t\t\t<div class=\"elementor-container elementor-column-gap-default\">\n\t\t\t\t\t<div class=\"elementor-column elementor-col-50 elementor-inner-column elementor-element elementor-element-29c2f26\" data-id=\"29c2f26\" data-element_type=\"column\">\n\t\t\t<div class=\"elementor-widget-wrap elementor-element-populated\">\n\t\t\t\t\t\t<div class=\"elementor-element elementor-element-9414612 elementor-widget elementor-widget-icon-box\" data-id=\"9414612\" data-element_type=\"widget\" data-widget_type=\"icon-box.default\">\n\t\t\t\t<div class=\"elementor-widget-container\">\n\t\t\t\t\t\t\t<div class=\"elementor-icon-box-wrapper\">\n\n\t\t\t\n\t\t\t\t\t\t<div class=\"elementor-icon-box-content\">\n\n\t\t\t\t\t\t\t\t\t<h5 class=\"elementor-icon-box-title\">\n\t\t\t\t\t\t<a href=\"https:\/\/molinapanama.com\/demoes\/\" >\n\t\t\t\t\t\t\tInicio\t\t\t\t\t\t<\/a>\n\t\t\t\t\t<\/h5>\n\t\t\t\t\n\t\t\t\t\n\t\t\t<\/div>\n\t\t\t\n\t\t<\/div>\n\t\t\t\t\t\t<\/div>\n\t\t\t\t<\/div>\n\t\t\t\t\t<\/div>\n\t\t<\/div>\n\t\t\t\t<div class=\"elementor-column elementor-col-50 elementor-inner-column elementor-element elementor-element-bf6d356\" data-id=\"bf6d356\" data-element_type=\"column\">\n\t\t\t<div class=\"elementor-widget-wrap elementor-element-populated\">\n\t\t\t\t\t\t<div class=\"elementor-element elementor-element-dde5159 elementor-widget elementor-widget-icon-box\" data-id=\"dde5159\" data-element_type=\"widget\" data-widget_type=\"icon-box.default\">\n\t\t\t\t<div class=\"elementor-widget-container\">\n\t\t\t\t\t\t\t<div class=\"elementor-icon-box-wrapper\">\n\n\t\t\t\n\t\t\t\t\t\t<div class=\"elementor-icon-box-content\">\n\n\t\t\t\t\t\t\t\t\t<h5 class=\"elementor-icon-box-title\">\n\t\t\t\t\t\t<span  >\n\t\t\t\t\t\t\t&gt;&gt; Sobre Panam\u00e1\t\t\t\t\t\t<\/span>\n\t\t\t\t\t<\/h5>\n\t\t\t\t\n\t\t\t\t\n\t\t\t<\/div>\n\t\t\t\n\t\t<\/div>\n\t\t\t\t\t\t<\/div>\n\t\t\t\t<\/div>\n\t\t\t\t\t<\/div>\n\t\t<\/div>\n\t\t\t\t\t<\/div>\n\t\t<\/section>\n\t\t\t\t\t<\/div>\n\t\t<\/div>\n\t\t\t\t\t<\/div>\n\t\t<\/section>\n\t\t\t\t<section class=\"elementor-section elementor-top-section elementor-element elementor-element-fad39df elementor-section-boxed elementor-section-height-default elementor-section-height-default\" data-id=\"fad39df\" data-element_type=\"section\">\n\t\t\t\t\t\t<div class=\"elementor-container elementor-column-gap-default\">\n\t\t\t\t\t<div class=\"elementor-column elementor-col-50 elementor-top-column elementor-element elementor-element-80d92d7\" data-id=\"80d92d7\" data-element_type=\"column\">\n\t\t\t<div class=\"elementor-widget-wrap elementor-element-populated\">\n\t\t\t\t\t\t<div class=\"elementor-element elementor-element-f4515a9 elementor-invisible elementor-widget elementor-widget-text-editor\" data-id=\"f4515a9\" data-element_type=\"widget\" data-settings=\"{&quot;_animation&quot;:&quot;fadeInRight&quot;}\" data-widget_type=\"text-editor.default\">\n\t\t\t\t<div class=\"elementor-widget-container\">\n\t\t\t\t\t\t\t\t\t<div class=\"wpb_column vc_column_container vc_col-sm-6 sc_layouts_column_icons_position_left\"><div class=\"vc_column-inner \"><div class=\"wpb_wrapper\"><div class=\"wpb_text_column wpb_content_element \"><div class=\"wpb_wrapper\"><p><strong>Algunos indicadores sobre Panam\u00e1<\/strong><\/p><p><strong>Superficie:<\/strong>\u00a075,517 Km2<br \/><strong>Poblaci\u00f3n:<\/strong> 4 Million (est. 2015)<br \/><strong>Densidad poblacional:<\/strong>\u00a049 hab\/Km2<br \/><strong>Moneda:<\/strong>\u00a0Balboa (Equivalente 1:1 con el D\u00f3lar Americano)<br \/><strong>PIB:<\/strong> USD 82,179 MM (2015)<br \/><strong>PIB per capita:<\/strong> USD 20,512 (2015)<br \/><strong>Gobierno:<\/strong>\u00a0Rep\u00fablica Presidencialista<br \/><strong>Idioma oficial:<\/strong>\u00a0Espa\u00f1ol<\/p><\/div><\/div><\/div><\/div><\/div>\t\t\t\t\t\t\t\t<\/div>\n\t\t\t\t<\/div>\n\t\t\t\t\t<\/div>\n\t\t<\/div>\n\t\t\t\t<div class=\"elementor-column elementor-col-50 elementor-top-column elementor-element elementor-element-4153f93\" data-id=\"4153f93\" data-element_type=\"column\">\n\t\t\t<div class=\"elementor-widget-wrap elementor-element-populated\">\n\t\t\t\t\t\t<div class=\"elementor-element elementor-element-e3a590d elementor-invisible elementor-widget elementor-widget-image\" data-id=\"e3a590d\" data-element_type=\"widget\" data-settings=\"{&quot;_animation&quot;:&quot;fadeInLeft&quot;}\" data-widget_type=\"image.default\">\n\t\t\t\t<div class=\"elementor-widget-container\">\n\t\t\t\t\t\t\t\t\t\t\t\t\t\t\t<img fetchpriority=\"high\" decoding=\"async\" width=\"1024\" height=\"512\" src=\"https:\/\/molinapanama.com\/es\/wp-content\/uploads\/2022\/12\/panama-890670_1280-1024x512.png\" class=\"attachment-large size-large wp-image-606\" alt=\"\" srcset=\"https:\/\/molinapanama.com\/es\/wp-content\/uploads\/2022\/12\/panama-890670_1280-1024x512.png 1024w, https:\/\/molinapanama.com\/es\/wp-content\/uploads\/2022\/12\/panama-890670_1280-300x150.png 300w, https:\/\/molinapanama.com\/es\/wp-content\/uploads\/2022\/12\/panama-890670_1280-768x384.png 768w, https:\/\/molinapanama.com\/es\/wp-content\/uploads\/2022\/12\/panama-890670_1280.png 1280w\" sizes=\"(max-width: 1024px) 100vw, 1024px\" \/>\t\t\t\t\t\t\t\t\t\t\t\t\t\t\t<\/div>\n\t\t\t\t<\/div>\n\t\t\t\t\t<\/div>\n\t\t<\/div>\n\t\t\t\t\t<\/div>\n\t\t<\/section>\n\t\t\t\t<section class=\"elementor-section elementor-top-section elementor-element elementor-element-8ca5a72 elementor-section-boxed elementor-section-height-default elementor-section-height-default\" data-id=\"8ca5a72\" data-element_type=\"section\">\n\t\t\t\t\t\t<div class=\"elementor-container elementor-column-gap-default\">\n\t\t\t\t\t<div class=\"elementor-column elementor-col-100 elementor-top-column elementor-element elementor-element-03677e0\" data-id=\"03677e0\" data-element_type=\"column\">\n\t\t\t<div class=\"elementor-widget-wrap elementor-element-populated\">\n\t\t\t\t\t\t<div class=\"elementor-element elementor-element-8e1ad61 elementor-widget elementor-widget-text-editor\" data-id=\"8e1ad61\" data-element_type=\"widget\" data-widget_type=\"text-editor.default\">\n\t\t\t\t<div class=\"elementor-widget-container\">\n\t\t\t\t\t\t\t\t\t<div class=\"vc_row wpb_row vc_row-fluid vc_custom_1500342448868\"><div class=\"wpb_column vc_column_container vc_col-sm-12 sc_layouts_column_icons_position_left\"><div class=\"vc_column-inner \"><div class=\"wpb_wrapper\"><div class=\"wpb_text_column wpb_content_element \"><div class=\"wpb_wrapper\"><p><strong>Datos Generales<\/strong><\/p><p>Panam\u00e1 es parte de un istmo que comprende tambi\u00e9n la mayor parte de Costa Rica. Dicho istmo constituye un puente terrestre que uni\u00f3 a los continentes de Am\u00e9rica del Sur y Am\u00e9rica del Norte, cuando se cerr\u00f3 finalmente hace aproximadamente 2.6 millones de a\u00f1os, debido a actividad volc\u00e1nica principalmente submarina.<\/p><\/div><\/div><\/div><\/div><\/div><\/div><div class=\"vc_row wpb_row vc_row-fluid\"><div class=\"wpb_column vc_column_container vc_col-sm-12 sc_layouts_column_icons_position_left\"><div class=\"vc_column-inner \"><div class=\"wpb_wrapper\"><div class=\"wpb_text_column wpb_content_element \"><div class=\"wpb_wrapper\"><p><strong>Economy<\/strong><\/p><p>Panama has a population estimated to be 3.5 million in 2010.\u00a0 Its Gross Domestic Product in 2008 was US$ 23,183, with a per capita GDP of US$ 6,829.\u00a0 Panama\u2019s Economy is primarily in the service sector, with particular emphasis on banking and financial activities; port and maritime activities; legal services, insurance; tourism, import\/export activities, and commerce in general.<\/p><p><strong>Business Climate and Living in Panama<\/strong><\/p><p>The official currency is the US Dollar.\u00a0 Panama has no Central Bank, and there is a Constitutional clause that expressly prohibits the issuance of fiat currency by the Government.\u00a0 This Constitutional clause goes back to the Constitution of 1904, and since then Panama has always benefitted from monetary and price stability.\u00a0\u00a0 There is no risk of currency devaluations from the Government, and there are no foreign exchange controls.<\/p><p>Panama has a modern Telecommunication Infrastructure, considered to be the most advanced in Central America and South America.<\/p><p>The International Banking Centre, created in the early \u201970s. It includes 90 national and international banks.\u00a0 There is also a competitive Insurance market, and a well regulated Securities market.\u00a0 Thanks to the absence of foreign exchange controls, it is possible to open bank accounts in US Dollars, Euros, or any other foreign currency, making Panama\u2019s International Banking Centre one of the most attractive and stable in the region.<\/p><p><strong>Legal System<\/strong><\/p><p>Panama has a Codified-Civil Law system.\u00a0 The Panamanian Civil Code, adopted in 1917, was inspired in the Spanish Civil Code of 1899, which in turn was inspired by the French Napoleon Code of 1804.<\/p><p>The Constitution was created in 1972, and was modified in 1978, 1983, 1994 and 2004.\u00a0 The Supreme Court of Justice is the guardian of the integrity of the Constitution, and has the power and authority to strike down as Unconstitutional, laws enacted by the National Assembly, Administrative and other acts by the Executive Branch, or any other act by any other official authority in the Republic.<\/p><p><strong>Tax System<\/strong><\/p><p>Panama has a system of territorial taxation, that is, Panama only taxes income from activities whose legal effects take place within the territory of Panama.\u00a0 Any activities whose legal effects take place outside Panama, are not subject to Income Tax, even if they were performed in or from Panama.\u00a0 The nationality of the person perceiving the income is not a factor.<\/p><\/div><div class=\"vc_row wpb_row vc_row-fluid\"><div class=\"wpb_column vc_column_container vc_col-sm-6 sc_layouts_column_icons_position_left\"><div class=\"vc_column-inner \"><div class=\"wpb_wrapper\"><div class=\"wpb_text_column wpb_content_element \"><div class=\"wpb_wrapper\"><p><strong>System of Government<\/strong><\/p><p><img decoding=\"async\" class=\"alignright  wp-image-612\" src=\"https:\/\/molinapanama.com\/es\/wp-content\/uploads\/2022\/12\/pic4-300x200.jpg\" alt=\"\" width=\"487\" height=\"325\" srcset=\"https:\/\/molinapanama.com\/es\/wp-content\/uploads\/2022\/12\/pic4-300x200.jpg 300w, https:\/\/molinapanama.com\/es\/wp-content\/uploads\/2022\/12\/pic4-768x513.jpg 768w, https:\/\/molinapanama.com\/es\/wp-content\/uploads\/2022\/12\/pic4.jpg 800w\" sizes=\"(max-width: 487px) 100vw, 487px\" \/>Panama has a Republican and Unitary (not Federal) type of government.\u00a0 Government is composed of three branches: the Executive Branch, the Legislative Branch and the Judicial Branch.<\/p><p>The President and the Ministers comprise the Executive Branch.\u00a0 The President is elected by popular vote for a period of five years.<\/p><p>The Legislative Power is exercised by the National Assembly, composed of 71 Legislators (called \u201cDiputados\u201d), who are elected by popular vote every five years, and their terms in office coincide with that of the President.<\/p><\/div><\/div><\/div><\/div><\/div><\/div><div class=\"vc_row wpb_row vc_row-fluid\"><div class=\"wpb_column vc_column_container vc_col-sm-12 sc_layouts_column_icons_position_left\"><div class=\"vc_column-inner \"><div class=\"wpb_wrapper\"><div class=\"wpb_text_column wpb_content_element \"><div class=\"wpb_wrapper\"><p>The Judicial Branch is headed by the Supreme Court of Justice, consisting of nine magistrates, each of them appointed for a period of ten years.\u00a0 The appointment of magistrates is made by the President, and must be ratified by amajority in the National Assembly.<\/p><p>There is an Electoral Court (Tribunal Electoral) totally independent and autonomous from the other Branches, charged with the organization and calling of all elections. It is also responsible for announcing election results.\u00a0 The Electoral Court also maintains the registery of voters, where every citizen with the right to vote is listed.\u00a0 In Panama, every national [natural? citizen?] person who is at least eighteen years of age has the right to vote.<\/p><\/div><\/div><\/div><\/div><\/div><\/div><\/div><\/div><\/div><\/div><\/div>\t\t\t\t\t\t\t\t<\/div>\n\t\t\t\t<\/div>\n\t\t\t\t\t<\/div>\n\t\t<\/div>\n\t\t\t\t\t<\/div>\n\t\t<\/section>\n\t\t\t\t<\/div>\n\t\t","protected":false},"excerpt":{"rendered":"<p>Sobre Panam\u00e1 Inicio >> Sobre Panam\u00e1 Algunos indicadores sobre Panam\u00e1 Superficie:\u00a075,517 Km2Poblaci\u00f3n: 4 Million (est. 2015)Densidad poblacional:\u00a049 hab\/Km2Moneda:\u00a0Balboa (Equivalente 1:1 con el D\u00f3lar Americano)PIB: USD 82,179 MM (2015)PIB per capita: USD 20,512 (2015)Gobierno:\u00a0Rep\u00fablica PresidencialistaIdioma oficial:\u00a0Espa\u00f1ol Datos Generales Panam\u00e1 es parte de un istmo que comprende tambi\u00e9n la mayor parte de Costa Rica. Dicho istmo constituye [&hellip;]<\/p>\n","protected":false},"author":1,"featured_media":0,"parent":0,"menu_order":0,"comment_status":"closed","ping_status":"closed","template":"elementor_header_footer","meta":{"footnotes":""},"class_list":["post-598","page","type-page","status-publish","hentry","entry"],"yoast_head":"<!-- This site is optimized with the Yoast SEO plugin v26.7 - https:\/\/yoast.com\/wordpress\/plugins\/seo\/ -->\n<title>Sobre Panam\u00e1 - Molina y Asociados - Abogados en Panam\u00e1.<\/title>\n<meta name=\"robots\" content=\"index, follow, max-snippet:-1, max-image-preview:large, max-video-preview:-1\" \/>\n<link rel=\"canonical\" href=\"https:\/\/molinapanama.com\/es\/sobre-panama\/\" \/>\n<meta property=\"og:locale\" content=\"es_ES\" \/>\n<meta property=\"og:type\" content=\"article\" \/>\n<meta property=\"og:title\" content=\"Sobre Panam\u00e1 - Molina y Asociados - Abogados en Panam\u00e1.\" \/>\n<meta property=\"og:description\" content=\"Sobre Panam\u00e1 Inicio &gt;&gt; Sobre Panam\u00e1 Algunos indicadores sobre Panam\u00e1 Superficie:\u00a075,517 Km2Poblaci\u00f3n: 4 Million (est. 2015)Densidad poblacional:\u00a049 hab\/Km2Moneda:\u00a0Balboa (Equivalente 1:1 con el D\u00f3lar Americano)PIB: USD 82,179 MM (2015)PIB per capita: USD 20,512 (2015)Gobierno:\u00a0Rep\u00fablica PresidencialistaIdioma oficial:\u00a0Espa\u00f1ol Datos Generales Panam\u00e1 es parte de un istmo que comprende tambi\u00e9n la mayor parte de Costa Rica. Dicho istmo constituye [&hellip;]\" \/>\n<meta property=\"og:url\" content=\"https:\/\/molinapanama.com\/es\/sobre-panama\/\" \/>\n<meta property=\"og:site_name\" content=\"Molina y Asociados - Abogados en Panam\u00e1.\" \/>\n<meta property=\"article:modified_time\" content=\"2022-12-26T17:59:40+00:00\" \/>\n<meta property=\"og:image\" content=\"https:\/\/molinapanama.com\/es\/wp-content\/uploads\/2022\/12\/panama-890670_1280-1024x512.png\" \/>\n<meta name=\"twitter:card\" content=\"summary_large_image\" \/>\n<meta name=\"twitter:label1\" content=\"Tiempo de lectura\" \/>\n\t<meta name=\"twitter:data1\" content=\"3 minutos\" \/>\n<script type=\"application\/ld+json\" class=\"yoast-schema-graph\">{\"@context\":\"https:\/\/schema.org\",\"@graph\":[{\"@type\":\"WebPage\",\"@id\":\"https:\/\/molinapanama.com\/es\/sobre-panama\/\",\"url\":\"https:\/\/molinapanama.com\/es\/sobre-panama\/\",\"name\":\"Sobre Panam\u00e1 - Molina y Asociados - Abogados en Panam\u00e1.\",\"isPartOf\":{\"@id\":\"https:\/\/molinapanama.com\/es\/#website\"},\"primaryImageOfPage\":{\"@id\":\"https:\/\/molinapanama.com\/es\/sobre-panama\/#primaryimage\"},\"image\":{\"@id\":\"https:\/\/molinapanama.com\/es\/sobre-panama\/#primaryimage\"},\"thumbnailUrl\":\"https:\/\/molinapanama.com\/es\/wp-content\/uploads\/2022\/12\/panama-890670_1280-1024x512.png\",\"datePublished\":\"2022-12-22T14:02:20+00:00\",\"dateModified\":\"2022-12-26T17:59:40+00:00\",\"breadcrumb\":{\"@id\":\"https:\/\/molinapanama.com\/es\/sobre-panama\/#breadcrumb\"},\"inLanguage\":\"es\",\"potentialAction\":[{\"@type\":\"ReadAction\",\"target\":[\"https:\/\/molinapanama.com\/es\/sobre-panama\/\"]}]},{\"@type\":\"ImageObject\",\"inLanguage\":\"es\",\"@id\":\"https:\/\/molinapanama.com\/es\/sobre-panama\/#primaryimage\",\"url\":\"https:\/\/molinapanama.com\/es\/wp-content\/uploads\/2022\/12\/panama-890670_1280.png\",\"contentUrl\":\"https:\/\/molinapanama.com\/es\/wp-content\/uploads\/2022\/12\/panama-890670_1280.png\",\"width\":1280,\"height\":640},{\"@type\":\"BreadcrumbList\",\"@id\":\"https:\/\/molinapanama.com\/es\/sobre-panama\/#breadcrumb\",\"itemListElement\":[{\"@type\":\"ListItem\",\"position\":1,\"name\":\"Portada\",\"item\":\"https:\/\/molinapanama.com\/es\/\"},{\"@type\":\"ListItem\",\"position\":2,\"name\":\"Sobre Panam\u00e1\"}]},{\"@type\":\"WebSite\",\"@id\":\"https:\/\/molinapanama.com\/es\/#website\",\"url\":\"https:\/\/molinapanama.com\/es\/\",\"name\":\"Molina y Asociados - Abogados en Panam\u00e1.\",\"description\":\"\",\"publisher\":{\"@id\":\"https:\/\/molinapanama.com\/es\/#organization\"},\"potentialAction\":[{\"@type\":\"SearchAction\",\"target\":{\"@type\":\"EntryPoint\",\"urlTemplate\":\"https:\/\/molinapanama.com\/es\/?s={search_term_string}\"},\"query-input\":{\"@type\":\"PropertyValueSpecification\",\"valueRequired\":true,\"valueName\":\"search_term_string\"}}],\"inLanguage\":\"es\"},{\"@type\":\"Organization\",\"@id\":\"https:\/\/molinapanama.com\/es\/#organization\",\"name\":\"Molina y Asociados - Abogados en Panam\u00e1.\",\"url\":\"https:\/\/molinapanama.com\/es\/\",\"logo\":{\"@type\":\"ImageObject\",\"inLanguage\":\"es\",\"@id\":\"https:\/\/molinapanama.com\/es\/#\/schema\/logo\/image\/\",\"url\":\"https:\/\/molinapanama.com\/es\/wp-content\/uploads\/2022\/12\/logo-molina-y-asociados.png\",\"contentUrl\":\"https:\/\/molinapanama.com\/es\/wp-content\/uploads\/2022\/12\/logo-molina-y-asociados.png\",\"width\":467,\"height\":101,\"caption\":\"Molina y Asociados - Abogados en Panam\u00e1.\"},\"image\":{\"@id\":\"https:\/\/molinapanama.com\/es\/#\/schema\/logo\/image\/\"}}]}<\/script>\n<!-- \/ Yoast SEO plugin. -->","yoast_head_json":{"title":"Sobre Panam\u00e1 - Molina y Asociados - Abogados en Panam\u00e1.","robots":{"index":"index","follow":"follow","max-snippet":"max-snippet:-1","max-image-preview":"max-image-preview:large","max-video-preview":"max-video-preview:-1"},"canonical":"https:\/\/molinapanama.com\/es\/sobre-panama\/","og_locale":"es_ES","og_type":"article","og_title":"Sobre Panam\u00e1 - Molina y Asociados - Abogados en Panam\u00e1.","og_description":"Sobre Panam\u00e1 Inicio >> Sobre Panam\u00e1 Algunos indicadores sobre Panam\u00e1 Superficie:\u00a075,517 Km2Poblaci\u00f3n: 4 Million (est. 2015)Densidad poblacional:\u00a049 hab\/Km2Moneda:\u00a0Balboa (Equivalente 1:1 con el D\u00f3lar Americano)PIB: USD 82,179 MM (2015)PIB per capita: USD 20,512 (2015)Gobierno:\u00a0Rep\u00fablica PresidencialistaIdioma oficial:\u00a0Espa\u00f1ol Datos Generales Panam\u00e1 es parte de un istmo que comprende tambi\u00e9n la mayor parte de Costa Rica. Dicho istmo constituye [&hellip;]","og_url":"https:\/\/molinapanama.com\/es\/sobre-panama\/","og_site_name":"Molina y Asociados - Abogados en Panam\u00e1.","article_modified_time":"2022-12-26T17:59:40+00:00","og_image":[{"url":"https:\/\/molinapanama.com\/es\/wp-content\/uploads\/2022\/12\/panama-890670_1280-1024x512.png","type":"","width":"","height":""}],"twitter_card":"summary_large_image","twitter_misc":{"Tiempo de lectura":"3 minutos"},"schema":{"@context":"https:\/\/schema.org","@graph":[{"@type":"WebPage","@id":"https:\/\/molinapanama.com\/es\/sobre-panama\/","url":"https:\/\/molinapanama.com\/es\/sobre-panama\/","name":"Sobre Panam\u00e1 - Molina y Asociados - Abogados en Panam\u00e1.","isPartOf":{"@id":"https:\/\/molinapanama.com\/es\/#website"},"primaryImageOfPage":{"@id":"https:\/\/molinapanama.com\/es\/sobre-panama\/#primaryimage"},"image":{"@id":"https:\/\/molinapanama.com\/es\/sobre-panama\/#primaryimage"},"thumbnailUrl":"https:\/\/molinapanama.com\/es\/wp-content\/uploads\/2022\/12\/panama-890670_1280-1024x512.png","datePublished":"2022-12-22T14:02:20+00:00","dateModified":"2022-12-26T17:59:40+00:00","breadcrumb":{"@id":"https:\/\/molinapanama.com\/es\/sobre-panama\/#breadcrumb"},"inLanguage":"es","potentialAction":[{"@type":"ReadAction","target":["https:\/\/molinapanama.com\/es\/sobre-panama\/"]}]},{"@type":"ImageObject","inLanguage":"es","@id":"https:\/\/molinapanama.com\/es\/sobre-panama\/#primaryimage","url":"https:\/\/molinapanama.com\/es\/wp-content\/uploads\/2022\/12\/panama-890670_1280.png","contentUrl":"https:\/\/molinapanama.com\/es\/wp-content\/uploads\/2022\/12\/panama-890670_1280.png","width":1280,"height":640},{"@type":"BreadcrumbList","@id":"https:\/\/molinapanama.com\/es\/sobre-panama\/#breadcrumb","itemListElement":[{"@type":"ListItem","position":1,"name":"Portada","item":"https:\/\/molinapanama.com\/es\/"},{"@type":"ListItem","position":2,"name":"Sobre Panam\u00e1"}]},{"@type":"WebSite","@id":"https:\/\/molinapanama.com\/es\/#website","url":"https:\/\/molinapanama.com\/es\/","name":"Molina y Asociados - Abogados en Panam\u00e1.","description":"","publisher":{"@id":"https:\/\/molinapanama.com\/es\/#organization"},"potentialAction":[{"@type":"SearchAction","target":{"@type":"EntryPoint","urlTemplate":"https:\/\/molinapanama.com\/es\/?s={search_term_string}"},"query-input":{"@type":"PropertyValueSpecification","valueRequired":true,"valueName":"search_term_string"}}],"inLanguage":"es"},{"@type":"Organization","@id":"https:\/\/molinapanama.com\/es\/#organization","name":"Molina y Asociados - Abogados en Panam\u00e1.","url":"https:\/\/molinapanama.com\/es\/","logo":{"@type":"ImageObject","inLanguage":"es","@id":"https:\/\/molinapanama.com\/es\/#\/schema\/logo\/image\/","url":"https:\/\/molinapanama.com\/es\/wp-content\/uploads\/2022\/12\/logo-molina-y-asociados.png","contentUrl":"https:\/\/molinapanama.com\/es\/wp-content\/uploads\/2022\/12\/logo-molina-y-asociados.png","width":467,"height":101,"caption":"Molina y Asociados - Abogados en Panam\u00e1."},"image":{"@id":"https:\/\/molinapanama.com\/es\/#\/schema\/logo\/image\/"}}]}},"_links":{"self":[{"href":"https:\/\/molinapanama.com\/es\/wp-json\/wp\/v2\/pages\/598","targetHints":{"allow":["GET"]}}],"collection":[{"href":"https:\/\/molinapanama.com\/es\/wp-json\/wp\/v2\/pages"}],"about":[{"href":"https:\/\/molinapanama.com\/es\/wp-json\/wp\/v2\/types\/page"}],"author":[{"embeddable":true,"href":"https:\/\/molinapanama.com\/es\/wp-json\/wp\/v2\/users\/1"}],"replies":[{"embeddable":true,"href":"https:\/\/molinapanama.com\/es\/wp-json\/wp\/v2\/comments?post=598"}],"version-history":[{"count":22,"href":"https:\/\/molinapanama.com\/es\/wp-json\/wp\/v2\/pages\/598\/revisions"}],"predecessor-version":[{"id":850,"href":"https:\/\/molinapanama.com\/es\/wp-json\/wp\/v2\/pages\/598\/revisions\/850"}],"wp:attachment":[{"href":"https:\/\/molinapanama.com\/es\/wp-json\/wp\/v2\/media?parent=598"}],"curies":[{"name":"wp","href":"https:\/\/api.w.org\/{rel}","templated":true}]}}