{"id":414,"date":"2022-12-20T18:45:28","date_gmt":"2022-12-20T18:45:28","guid":{"rendered":"https:\/\/molinapanama.com\/demoes\/?page_id=414"},"modified":"2026-01-17T03:47:10","modified_gmt":"2026-01-17T03:47:10","slug":"planificacion-de-patrimonios","status":"publish","type":"page","link":"https:\/\/molinapanama.com\/es\/areas-de-practica\/planificacion-de-patrimonios\/","title":{"rendered":"Planificaci\u00f3n de Patrimonios"},"content":{"rendered":"\t\t<div data-elementor-type=\"wp-page\" data-elementor-id=\"414\" class=\"elementor elementor-414\" data-elementor-post-type=\"page\">\n\t\t\t\t\t\t<section class=\"elementor-section elementor-top-section elementor-element elementor-element-89c5a19 elementor-section-boxed elementor-section-height-default elementor-section-height-default\" data-id=\"89c5a19\" data-element_type=\"section\" data-e-type=\"section\">\n\t\t\t\t\t\t<div class=\"elementor-container elementor-column-gap-default\">\n\t\t\t\t\t<div class=\"elementor-column elementor-col-100 elementor-top-column elementor-element elementor-element-38d701f\" data-id=\"38d701f\" data-element_type=\"column\" data-e-type=\"column\">\n\t\t\t<div class=\"elementor-widget-wrap elementor-element-populated\">\n\t\t\t\t\t\t<div class=\"elementor-element elementor-element-2f9316d elementor-widget elementor-widget-heading\" data-id=\"2f9316d\" data-element_type=\"widget\" data-e-type=\"widget\" data-widget_type=\"heading.default\">\n\t\t\t\t<div class=\"elementor-widget-container\">\n\t\t\t\t\t<h1 class=\"elementor-heading-title elementor-size-default\">Planificaci\u00f3n de Patrimonios<\/h1>\t\t\t\t<\/div>\n\t\t\t\t<\/div>\n\t\t\t\t\t<\/div>\n\t\t<\/div>\n\t\t\t\t\t<\/div>\n\t\t<\/section>\n\t\t\t\t<section class=\"elementor-section elementor-top-section elementor-element elementor-element-83e4234 elementor-section-boxed elementor-section-height-default elementor-section-height-default\" data-id=\"83e4234\" data-element_type=\"section\" data-e-type=\"section\">\n\t\t\t\t\t\t<div class=\"elementor-container elementor-column-gap-default\">\n\t\t\t\t\t<div class=\"elementor-column elementor-col-100 elementor-top-column elementor-element elementor-element-67558dc\" data-id=\"67558dc\" data-element_type=\"column\" data-e-type=\"column\">\n\t\t\t<div class=\"elementor-widget-wrap elementor-element-populated\">\n\t\t\t\t\t\t<div class=\"elementor-element elementor-element-2de66b9 elementor-widget elementor-widget-text-editor\" data-id=\"2de66b9\" data-element_type=\"widget\" data-e-type=\"widget\" data-widget_type=\"text-editor.default\">\n\t\t\t\t<div class=\"elementor-widget-container\">\n\t\t\t\t\t\t\t\t\t<p>Diversos riesgos penden en forma latente frente a todo patrimonio. Riesgos de car\u00e1cter econ\u00f3mico, litigioso, empresarial, de responsabilidad civil, riesgo pol\u00edtico, y otros. Es posible mitigar sustancialmente dichos estos riesgos y limitar su impacto en caso de eventos adversos, mediante una adecuada estructuraci\u00f3n legal del patrimonio familiar o empresarial, con el uso de veh\u00edculos jur\u00eddicos como sociedades comerciales, fundaciones de inter\u00e9s privado, fideicomisos, y con el uso de instrumentos contractuales espec\u00edficos, seg\u00fan cada situaci\u00f3n particular de la familia o empresa en cuesti\u00f3n.<\/p><p>Tambi\u00e9n, en el caso de un patrimonio familiar, es aspecto importante el planificar la sucesi\u00f3n patrimonial hacia la siguiente generaci\u00f3n. Tanto para bienes de tipo residencial como activos productivos y negocios familiares.<\/p><p>Una adecuada planificaci\u00f3n patrimonial debe procurar que la sucesi\u00f3n intergeneracional del patrimonio familiar, inclusive las empresas familiares, sea fluida, sin traumas legales y con ventajas econ\u00f3micas.<\/p><p>Tenemos amplia experiencia en la planificaci\u00f3n de patrimonios con miras a la optimizaci\u00f3n de la sucesi\u00f3n intergeneracional del patrimonio, as\u00ed como la mitigaci\u00f3n de riesgos.<\/p><h2>Algunos de nuestros art\u00edculos sobre planificaci\u00f3n patrimonial<\/h2><ul><li><a href=\"https:\/\/molinapanama.com\/es\/olvide-testar\/\">No olvide testar<\/a><\/li><li><a href=\"https:\/\/molinapanama.com\/es\/el-usufructo-vitalicio\/\">El usufructo vitalicio como m\u00e9todo de planificaci\u00f3n patrimonial sucesoria<\/a><\/li><li><a href=\"https:\/\/molinapanama.com\/es\/planifique-su-patrimonio\/\">Planifique su patrimonio<\/a><\/li><li><a href=\"https:\/\/molinapanama.com\/es\/la-importante-diferencia-entre-herencia-y-legado\/\">La importante diferencia entre herencia y legado<\/a><\/li><\/ul>\t\t\t\t\t\t\t\t<\/div>\n\t\t\t\t<\/div>\n\t\t\t\t\t<\/div>\n\t\t<\/div>\n\t\t\t\t\t<\/div>\n\t\t<\/section>\n\t\t\t\t<\/div>\n\t\t","protected":false},"excerpt":{"rendered":"<p>Planificaci\u00f3n de Patrimonios Diversos riesgos penden en forma latente frente a todo patrimonio. Riesgos de car\u00e1cter econ\u00f3mico, litigioso, empresarial, de responsabilidad civil, riesgo pol\u00edtico, y otros. Es posible mitigar sustancialmente dichos estos riesgos y limitar su impacto en caso de eventos adversos, mediante una adecuada estructuraci\u00f3n legal del patrimonio familiar o empresarial, con el uso [&hellip;]<\/p>\n","protected":false},"author":1,"featured_media":0,"parent":81,"menu_order":0,"comment_status":"closed","ping_status":"closed","template":"","meta":{"footnotes":""},"class_list":["post-414","page","type-page","status-publish","hentry","entry"],"yoast_head":"<!-- This site is optimized with the Yoast SEO plugin v27.4 - https:\/\/yoast.com\/product\/yoast-seo-wordpress\/ -->\n<title>Servicios legales en Panama de Planificaci\u00f3n de patrimonios<\/title>\n<meta name=\"description\" content=\"Abogados de planificaci\u00f3n patrimonial en Panam\u00e1 - Molina y Asociados\" \/>\n<meta name=\"robots\" content=\"index, follow, max-snippet:-1, max-image-preview:large, max-video-preview:-1\" \/>\n<link rel=\"canonical\" href=\"https:\/\/molinapanama.com\/es\/areas-de-practica\/planificacion-de-patrimonios\/\" \/>\n<meta property=\"og:locale\" content=\"es_ES\" \/>\n<meta property=\"og:type\" content=\"article\" \/>\n<meta property=\"og:title\" content=\"Servicios legales en Panama de Planificaci\u00f3n de patrimonios\" \/>\n<meta property=\"og:description\" content=\"Abogados de planificaci\u00f3n patrimonial en Panam\u00e1 - Molina y Asociados\" \/>\n<meta property=\"og:url\" content=\"https:\/\/molinapanama.com\/es\/areas-de-practica\/planificacion-de-patrimonios\/\" \/>\n<meta property=\"og:site_name\" content=\"Molina y Asociados - Abogados en Panam\u00e1.\" \/>\n<meta property=\"article:modified_time\" content=\"2026-01-17T03:47:10+00:00\" \/>\n<meta name=\"twitter:card\" content=\"summary_large_image\" \/>\n<meta name=\"twitter:label1\" content=\"Tiempo de lectura\" \/>\n\t<meta name=\"twitter:data1\" content=\"1 minuto\" \/>\n<script type=\"application\/ld+json\" class=\"yoast-schema-graph\">{\"@context\":\"https:\\\/\\\/schema.org\",\"@graph\":[{\"@type\":\"WebPage\",\"@id\":\"https:\\\/\\\/molinapanama.com\\\/es\\\/areas-de-practica\\\/planificacion-de-patrimonios\\\/\",\"url\":\"https:\\\/\\\/molinapanama.com\\\/es\\\/areas-de-practica\\\/planificacion-de-patrimonios\\\/\",\"name\":\"Servicios legales en Panama de Planificaci\u00f3n de patrimonios\",\"isPartOf\":{\"@id\":\"https:\\\/\\\/molinapanama.com\\\/es\\\/#website\"},\"datePublished\":\"2022-12-20T18:45:28+00:00\",\"dateModified\":\"2026-01-17T03:47:10+00:00\",\"description\":\"Abogados de planificaci\u00f3n patrimonial en Panam\u00e1 - Molina y Asociados\",\"breadcrumb\":{\"@id\":\"https:\\\/\\\/molinapanama.com\\\/es\\\/areas-de-practica\\\/planificacion-de-patrimonios\\\/#breadcrumb\"},\"inLanguage\":\"es\",\"potentialAction\":[{\"@type\":\"ReadAction\",\"target\":[\"https:\\\/\\\/molinapanama.com\\\/es\\\/areas-de-practica\\\/planificacion-de-patrimonios\\\/\"]}]},{\"@type\":\"BreadcrumbList\",\"@id\":\"https:\\\/\\\/molinapanama.com\\\/es\\\/areas-de-practica\\\/planificacion-de-patrimonios\\\/#breadcrumb\",\"itemListElement\":[{\"@type\":\"ListItem\",\"position\":1,\"name\":\"Portada\",\"item\":\"https:\\\/\\\/molinapanama.com\\\/es\\\/\"},{\"@type\":\"ListItem\",\"position\":2,\"name\":\"\u00c1reas de practica\",\"item\":\"https:\\\/\\\/molinapanama.com\\\/es\\\/areas-de-practica\\\/\"},{\"@type\":\"ListItem\",\"position\":3,\"name\":\"Planificaci\u00f3n de Patrimonios\"}]},{\"@type\":\"WebSite\",\"@id\":\"https:\\\/\\\/molinapanama.com\\\/es\\\/#website\",\"url\":\"https:\\\/\\\/molinapanama.com\\\/es\\\/\",\"name\":\"Molina y Asociados - Abogados en Panam\u00e1.\",\"description\":\"\",\"publisher\":{\"@id\":\"https:\\\/\\\/molinapanama.com\\\/es\\\/#organization\"},\"potentialAction\":[{\"@type\":\"SearchAction\",\"target\":{\"@type\":\"EntryPoint\",\"urlTemplate\":\"https:\\\/\\\/molinapanama.com\\\/es\\\/?s={search_term_string}\"},\"query-input\":{\"@type\":\"PropertyValueSpecification\",\"valueRequired\":true,\"valueName\":\"search_term_string\"}}],\"inLanguage\":\"es\"},{\"@type\":\"Organization\",\"@id\":\"https:\\\/\\\/molinapanama.com\\\/es\\\/#organization\",\"name\":\"Molina y Asociados - Abogados en Panam\u00e1.\",\"url\":\"https:\\\/\\\/molinapanama.com\\\/es\\\/\",\"logo\":{\"@type\":\"ImageObject\",\"inLanguage\":\"es\",\"@id\":\"https:\\\/\\\/molinapanama.com\\\/es\\\/#\\\/schema\\\/logo\\\/image\\\/\",\"url\":\"https:\\\/\\\/molinapanama.com\\\/es\\\/wp-content\\\/uploads\\\/2022\\\/12\\\/logo-molina-y-asociados.png\",\"contentUrl\":\"https:\\\/\\\/molinapanama.com\\\/es\\\/wp-content\\\/uploads\\\/2022\\\/12\\\/logo-molina-y-asociados.png\",\"width\":467,\"height\":101,\"caption\":\"Molina y Asociados - Abogados en Panam\u00e1.\"},\"image\":{\"@id\":\"https:\\\/\\\/molinapanama.com\\\/es\\\/#\\\/schema\\\/logo\\\/image\\\/\"}}]}<\/script>\n<!-- \/ Yoast SEO plugin. -->","yoast_head_json":{"title":"Servicios legales en Panama de Planificaci\u00f3n de patrimonios","description":"Abogados de planificaci\u00f3n patrimonial en Panam\u00e1 - Molina y Asociados","robots":{"index":"index","follow":"follow","max-snippet":"max-snippet:-1","max-image-preview":"max-image-preview:large","max-video-preview":"max-video-preview:-1"},"canonical":"https:\/\/molinapanama.com\/es\/areas-de-practica\/planificacion-de-patrimonios\/","og_locale":"es_ES","og_type":"article","og_title":"Servicios legales en Panama de Planificaci\u00f3n de patrimonios","og_description":"Abogados de planificaci\u00f3n patrimonial en Panam\u00e1 - Molina y Asociados","og_url":"https:\/\/molinapanama.com\/es\/areas-de-practica\/planificacion-de-patrimonios\/","og_site_name":"Molina y Asociados - Abogados en Panam\u00e1.","article_modified_time":"2026-01-17T03:47:10+00:00","twitter_card":"summary_large_image","twitter_misc":{"Tiempo de lectura":"1 minuto"},"schema":{"@context":"https:\/\/schema.org","@graph":[{"@type":"WebPage","@id":"https:\/\/molinapanama.com\/es\/areas-de-practica\/planificacion-de-patrimonios\/","url":"https:\/\/molinapanama.com\/es\/areas-de-practica\/planificacion-de-patrimonios\/","name":"Servicios legales en Panama de Planificaci\u00f3n de patrimonios","isPartOf":{"@id":"https:\/\/molinapanama.com\/es\/#website"},"datePublished":"2022-12-20T18:45:28+00:00","dateModified":"2026-01-17T03:47:10+00:00","description":"Abogados de planificaci\u00f3n patrimonial en Panam\u00e1 - Molina y Asociados","breadcrumb":{"@id":"https:\/\/molinapanama.com\/es\/areas-de-practica\/planificacion-de-patrimonios\/#breadcrumb"},"inLanguage":"es","potentialAction":[{"@type":"ReadAction","target":["https:\/\/molinapanama.com\/es\/areas-de-practica\/planificacion-de-patrimonios\/"]}]},{"@type":"BreadcrumbList","@id":"https:\/\/molinapanama.com\/es\/areas-de-practica\/planificacion-de-patrimonios\/#breadcrumb","itemListElement":[{"@type":"ListItem","position":1,"name":"Portada","item":"https:\/\/molinapanama.com\/es\/"},{"@type":"ListItem","position":2,"name":"\u00c1reas de practica","item":"https:\/\/molinapanama.com\/es\/areas-de-practica\/"},{"@type":"ListItem","position":3,"name":"Planificaci\u00f3n de Patrimonios"}]},{"@type":"WebSite","@id":"https:\/\/molinapanama.com\/es\/#website","url":"https:\/\/molinapanama.com\/es\/","name":"Molina y Asociados - Abogados en Panam\u00e1.","description":"","publisher":{"@id":"https:\/\/molinapanama.com\/es\/#organization"},"potentialAction":[{"@type":"SearchAction","target":{"@type":"EntryPoint","urlTemplate":"https:\/\/molinapanama.com\/es\/?s={search_term_string}"},"query-input":{"@type":"PropertyValueSpecification","valueRequired":true,"valueName":"search_term_string"}}],"inLanguage":"es"},{"@type":"Organization","@id":"https:\/\/molinapanama.com\/es\/#organization","name":"Molina y Asociados - Abogados en Panam\u00e1.","url":"https:\/\/molinapanama.com\/es\/","logo":{"@type":"ImageObject","inLanguage":"es","@id":"https:\/\/molinapanama.com\/es\/#\/schema\/logo\/image\/","url":"https:\/\/molinapanama.com\/es\/wp-content\/uploads\/2022\/12\/logo-molina-y-asociados.png","contentUrl":"https:\/\/molinapanama.com\/es\/wp-content\/uploads\/2022\/12\/logo-molina-y-asociados.png","width":467,"height":101,"caption":"Molina y Asociados - Abogados en Panam\u00e1."},"image":{"@id":"https:\/\/molinapanama.com\/es\/#\/schema\/logo\/image\/"}}]}},"_links":{"self":[{"href":"https:\/\/molinapanama.com\/es\/wp-json\/wp\/v2\/pages\/414","targetHints":{"allow":["GET"]}}],"collection":[{"href":"https:\/\/molinapanama.com\/es\/wp-json\/wp\/v2\/pages"}],"about":[{"href":"https:\/\/molinapanama.com\/es\/wp-json\/wp\/v2\/types\/page"}],"author":[{"embeddable":true,"href":"https:\/\/molinapanama.com\/es\/wp-json\/wp\/v2\/users\/1"}],"replies":[{"embeddable":true,"href":"https:\/\/molinapanama.com\/es\/wp-json\/wp\/v2\/comments?post=414"}],"version-history":[{"count":23,"href":"https:\/\/molinapanama.com\/es\/wp-json\/wp\/v2\/pages\/414\/revisions"}],"predecessor-version":[{"id":1657,"href":"https:\/\/molinapanama.com\/es\/wp-json\/wp\/v2\/pages\/414\/revisions\/1657"}],"up":[{"embeddable":true,"href":"https:\/\/molinapanama.com\/es\/wp-json\/wp\/v2\/pages\/81"}],"wp:attachment":[{"href":"https:\/\/molinapanama.com\/es\/wp-json\/wp\/v2\/media?parent=414"}],"curies":[{"name":"wp","href":"https:\/\/api.w.org\/{rel}","templated":true}]}}