{"id":401,"date":"2022-12-20T18:36:49","date_gmt":"2022-12-20T18:36:49","guid":{"rendered":"https:\/\/molinapanama.com\/demoes\/?page_id=401"},"modified":"2022-12-29T13:33:26","modified_gmt":"2022-12-29T13:33:26","slug":"derecho-corporativo","status":"publish","type":"page","link":"https:\/\/molinapanama.com\/es\/areas-de-practica\/derecho-corporativo\/","title":{"rendered":"Derecho Corporativo"},"content":{"rendered":"\t\t<div data-elementor-type=\"wp-page\" data-elementor-id=\"401\" class=\"elementor elementor-401\" data-elementor-post-type=\"page\">\n\t\t\t\t\t\t<section class=\"elementor-section elementor-top-section elementor-element elementor-element-89c5a19 elementor-section-boxed elementor-section-height-default elementor-section-height-default\" data-id=\"89c5a19\" data-element_type=\"section\" data-e-type=\"section\">\n\t\t\t\t\t\t<div class=\"elementor-container elementor-column-gap-default\">\n\t\t\t\t\t<div class=\"elementor-column elementor-col-100 elementor-top-column elementor-element elementor-element-38d701f\" data-id=\"38d701f\" data-element_type=\"column\" data-e-type=\"column\">\n\t\t\t<div class=\"elementor-widget-wrap elementor-element-populated\">\n\t\t\t\t\t\t<div class=\"elementor-element elementor-element-2f9316d elementor-widget elementor-widget-heading\" data-id=\"2f9316d\" data-element_type=\"widget\" data-e-type=\"widget\" data-widget_type=\"heading.default\">\n\t\t\t\t<div class=\"elementor-widget-container\">\n\t\t\t\t\t<h1 class=\"elementor-heading-title elementor-size-default\">Derecho Corportativo<\/h1>\t\t\t\t<\/div>\n\t\t\t\t<\/div>\n\t\t\t\t\t<\/div>\n\t\t<\/div>\n\t\t\t\t\t<\/div>\n\t\t<\/section>\n\t\t\t\t<section class=\"elementor-section elementor-top-section elementor-element elementor-element-83e4234 elementor-section-boxed elementor-section-height-default elementor-section-height-default\" data-id=\"83e4234\" data-element_type=\"section\" data-e-type=\"section\">\n\t\t\t\t\t\t<div class=\"elementor-container elementor-column-gap-default\">\n\t\t\t\t\t<div class=\"elementor-column elementor-col-100 elementor-top-column elementor-element elementor-element-67558dc\" data-id=\"67558dc\" data-element_type=\"column\" data-e-type=\"column\">\n\t\t\t<div class=\"elementor-widget-wrap elementor-element-populated\">\n\t\t\t\t\t\t<div class=\"elementor-element elementor-element-2de66b9 elementor-widget elementor-widget-text-editor\" data-id=\"2de66b9\" data-element_type=\"widget\" data-e-type=\"widget\" data-widget_type=\"text-editor.default\">\n\t\t\t\t<div class=\"elementor-widget-container\">\n\t\t\t\t\t\t\t\t\t<p>La sociedad por acciones es el veh\u00edculo empresarial m\u00e1s exitoso en la historia de la Humanidad. La sociedad an\u00f3nima paname\u00f1a se rige por la Ley 32 de 1927, una ley inspirada en la legislaci\u00f3n del Estado de Delaware, Estados Unidos de Am\u00e9rica, de fines del Siglo XIX. La legislaci\u00f3n de Delaware sobre corporaciones, ha sido la m\u00e1s importante fuente de inspiraci\u00f3n para que otros Estados de la Uni\u00f3n Americana adopten legislaciones liberales en materia de sociedades an\u00f3nimas.<\/p><p>La Ley 32 de 1927 no ha sufrido modificaci\u00f3n alguna desde su promulgaci\u00f3n, algo que dice mucho sobre la gran flexibilidad que tiene dicha legislaci\u00f3n, que cre\u00f3 un r\u00e9gimen altamente favorable a la incorporaci\u00f3n de sociedades, y que dio como resultado que Panam\u00e1 se convirtiese en una de las jurisdicciones de preferencia en todo el mundo para la constituci\u00f3n de sociedades an\u00f3nimas. Entre las muchas ventajas que ofrece el r\u00e9gimen paname\u00f1o de sociedades an\u00f3nimas, resaltan las siguientes:<\/p><ul><li>Fundadores: para la constituci\u00f3n de una sociedad an\u00f3nima requiere que tan s\u00f3lo un m\u00ednimo de dos personas suscriban su pacto social.<\/li><li>Capital social: La sociedad an\u00f3nima paname\u00f1a no requiere un determinado capital social para constituirse. \u00c9ste puede ser cualquier suma expresada en dinero. Tampoco se exige que el capital social sea suscrito desde el momento de la incorporaci\u00f3n, ni que \u00e9ste sea pagado antes de poder iniciar operaciones.<\/li><li>Actividades permitidas: La sociedad an\u00f3nima paname\u00f1a puede dedicarse a cualquier actividad l\u00edcita comercial, civil o industrial. La \u00fanica excepci\u00f3n es el ejercicio de profesiones liberales (Abogac\u00eda, Medicina, y otras similares), cuyo ejercicio est\u00e1 reservado a las personas naturales o a las sociedades de car\u00e1cter civil en que todos los socios sean individualmente id\u00f3neos para el ejercicio de dicha profesi\u00f3n.<\/li><li>Idioma: La sociedad puede adoptar un nombre en cualquier idioma, y tanto su pacto social, estatutos y dem\u00e1s documentaci\u00f3n interna pueden llevarse tambi\u00e9n en cualquier idioma.<\/li><li>Acciones: La sociedad puede emitir acciones con valor nominal o sin valor nominal; puede contemplar distintas clases de acciones con distintos derechos, y puede restringir los derechos de voto, preferencias, privilegios y otros derechos, para distintas clases de acciones.<\/li><li>Accionistas: Cualquier persona natural o jur\u00eddica, nacional o extranjera, puede ser accionista en una sociedad an\u00f3nima paname\u00f1a. No es requerido que la identidad de los accionistas conste en el Registro Mercantil (Secci\u00f3n Mercantil del Registro P\u00fablico), ni en ning\u00fan otro registro oficial (de all\u00ed la designaci\u00f3n de sociedad an\u00f3nima). En el caso de acciones emitidas en forma nominativa, el respectivo certificado de acciones expresar\u00e1 el nombre del accionista o titular de las acciones representadas por el certificado, y dicho nombre tambi\u00e9n debe reflejarse en el Libro de Registro de Acciones, que debe llevar la Junta Directiva, mas este es un registro privado para uso de la propia sociedad.<\/li><li>Asambleas de Accionistas: La ley no requiere la celebraci\u00f3n de asambleas de accionistas anuales, y las asambleas de accionistas que requiera el pacto social o que sean convocadas, pueden celebrarse en cualquier lugar del mundo en forma presencial, o por medios de comunicaci\u00f3n modernos (tel\u00e9fono, videoconferencia, Internet).<\/li><li>Directores: La sociedad an\u00f3nima paname\u00f1a debe tener un m\u00ednimo de tres directores, o cualquier otro n\u00famero de directores superior a tres que el pacto social establezca. Los directores no tienen que ser accionistas, salvo que as\u00ed lo disponga el pacto social. Los directores pueden ser personas naturales o personas jur\u00eddicas.<\/li><li>Dignatarios: Toda sociedad an\u00f3nima paname\u00f1a debe designar al menos tres dignatarios que son un Presidente, un Secretario y un Tesorero. Una misma persona puede desempe\u00f1ar dos o m\u00e1s cargos, y un dignatario puede, pero no tiene que ser, director, salvo que el pacto social disponga lo contrario.<\/li><\/ul><p>En nuestro despacho le asesoramos en la incorporaci\u00f3n de personas jur\u00eddicas para la realizaci\u00f3n de actividades empresariales, para comercio internacional o para ser usadas como veh\u00edculos de tenencia de bienes (inmuebles, yates, cuentas de inversi\u00f3n). Le guiamos en todos los aspectos claves del ramo corporativo, como la estructuraci\u00f3n del capital accionario, emisi\u00f3n de deuda, adopci\u00f3n de pactos sociales y estatutos hechos a la medida, reestructuraciones, fusiones y adquisiciones, liquidaciones y disoluciones.<\/p><p>Adem\u00e1s de sociedades comerciales, podemos asesorarle en la creaci\u00f3n de fundaciones de inter\u00e9s privado, y asociaciones sin fines de lucro.<\/p>\t\t\t\t\t\t\t\t<\/div>\n\t\t\t\t<\/div>\n\t\t\t\t\t<\/div>\n\t\t<\/div>\n\t\t\t\t\t<\/div>\n\t\t<\/section>\n\t\t\t\t<\/div>\n\t\t","protected":false},"excerpt":{"rendered":"<p>Derecho Corportativo La sociedad por acciones es el veh\u00edculo empresarial m\u00e1s exitoso en la historia de la Humanidad. La sociedad an\u00f3nima paname\u00f1a se rige por la Ley 32 de 1927, una ley inspirada en la legislaci\u00f3n del Estado de Delaware, Estados Unidos de Am\u00e9rica, de fines del Siglo XIX. La legislaci\u00f3n de Delaware sobre corporaciones, [&hellip;]<\/p>\n","protected":false},"author":1,"featured_media":0,"parent":81,"menu_order":0,"comment_status":"closed","ping_status":"closed","template":"","meta":{"footnotes":""},"class_list":["post-401","page","type-page","status-publish","hentry","entry"],"yoast_head":"<!-- This site is optimized with the Yoast SEO plugin v27.4 - https:\/\/yoast.com\/product\/yoast-seo-wordpress\/ -->\n<title>Abogados en derecho corporativo en Panam\u00e1<\/title>\n<meta name=\"description\" content=\"Constituci\u00f3n de Sociedades an\u00f3nimas en Panam\u00e1 - Molina y Asociados\" \/>\n<meta name=\"robots\" content=\"index, follow, max-snippet:-1, max-image-preview:large, max-video-preview:-1\" \/>\n<link rel=\"canonical\" href=\"https:\/\/molinapanama.com\/es\/areas-de-practica\/derecho-corporativo\/\" \/>\n<meta property=\"og:locale\" content=\"es_ES\" \/>\n<meta property=\"og:type\" content=\"article\" \/>\n<meta property=\"og:title\" content=\"Abogados en derecho corporativo en Panam\u00e1\" \/>\n<meta property=\"og:description\" content=\"Constituci\u00f3n de Sociedades an\u00f3nimas en Panam\u00e1 - Molina y Asociados\" \/>\n<meta property=\"og:url\" content=\"https:\/\/molinapanama.com\/es\/areas-de-practica\/derecho-corporativo\/\" \/>\n<meta property=\"og:site_name\" content=\"Molina y Asociados - Abogados en Panam\u00e1.\" \/>\n<meta property=\"article:modified_time\" content=\"2022-12-29T13:33:26+00:00\" \/>\n<meta name=\"twitter:card\" content=\"summary_large_image\" \/>\n<meta name=\"twitter:label1\" content=\"Tiempo de lectura\" \/>\n\t<meta name=\"twitter:data1\" content=\"4 minutos\" \/>\n<script type=\"application\/ld+json\" class=\"yoast-schema-graph\">{\"@context\":\"https:\\\/\\\/schema.org\",\"@graph\":[{\"@type\":\"WebPage\",\"@id\":\"https:\\\/\\\/molinapanama.com\\\/es\\\/areas-de-practica\\\/derecho-corporativo\\\/\",\"url\":\"https:\\\/\\\/molinapanama.com\\\/es\\\/areas-de-practica\\\/derecho-corporativo\\\/\",\"name\":\"Abogados en derecho corporativo en Panam\u00e1\",\"isPartOf\":{\"@id\":\"https:\\\/\\\/molinapanama.com\\\/es\\\/#website\"},\"datePublished\":\"2022-12-20T18:36:49+00:00\",\"dateModified\":\"2022-12-29T13:33:26+00:00\",\"description\":\"Constituci\u00f3n de Sociedades an\u00f3nimas en Panam\u00e1 - Molina y Asociados\",\"breadcrumb\":{\"@id\":\"https:\\\/\\\/molinapanama.com\\\/es\\\/areas-de-practica\\\/derecho-corporativo\\\/#breadcrumb\"},\"inLanguage\":\"es\",\"potentialAction\":[{\"@type\":\"ReadAction\",\"target\":[\"https:\\\/\\\/molinapanama.com\\\/es\\\/areas-de-practica\\\/derecho-corporativo\\\/\"]}]},{\"@type\":\"BreadcrumbList\",\"@id\":\"https:\\\/\\\/molinapanama.com\\\/es\\\/areas-de-practica\\\/derecho-corporativo\\\/#breadcrumb\",\"itemListElement\":[{\"@type\":\"ListItem\",\"position\":1,\"name\":\"Portada\",\"item\":\"https:\\\/\\\/molinapanama.com\\\/es\\\/\"},{\"@type\":\"ListItem\",\"position\":2,\"name\":\"\u00c1reas de practica\",\"item\":\"https:\\\/\\\/molinapanama.com\\\/es\\\/areas-de-practica\\\/\"},{\"@type\":\"ListItem\",\"position\":3,\"name\":\"Derecho Corporativo\"}]},{\"@type\":\"WebSite\",\"@id\":\"https:\\\/\\\/molinapanama.com\\\/es\\\/#website\",\"url\":\"https:\\\/\\\/molinapanama.com\\\/es\\\/\",\"name\":\"Molina y Asociados - Abogados en Panam\u00e1.\",\"description\":\"\",\"publisher\":{\"@id\":\"https:\\\/\\\/molinapanama.com\\\/es\\\/#organization\"},\"potentialAction\":[{\"@type\":\"SearchAction\",\"target\":{\"@type\":\"EntryPoint\",\"urlTemplate\":\"https:\\\/\\\/molinapanama.com\\\/es\\\/?s={search_term_string}\"},\"query-input\":{\"@type\":\"PropertyValueSpecification\",\"valueRequired\":true,\"valueName\":\"search_term_string\"}}],\"inLanguage\":\"es\"},{\"@type\":\"Organization\",\"@id\":\"https:\\\/\\\/molinapanama.com\\\/es\\\/#organization\",\"name\":\"Molina y Asociados - Abogados en Panam\u00e1.\",\"url\":\"https:\\\/\\\/molinapanama.com\\\/es\\\/\",\"logo\":{\"@type\":\"ImageObject\",\"inLanguage\":\"es\",\"@id\":\"https:\\\/\\\/molinapanama.com\\\/es\\\/#\\\/schema\\\/logo\\\/image\\\/\",\"url\":\"https:\\\/\\\/molinapanama.com\\\/es\\\/wp-content\\\/uploads\\\/2022\\\/12\\\/logo-molina-y-asociados.png\",\"contentUrl\":\"https:\\\/\\\/molinapanama.com\\\/es\\\/wp-content\\\/uploads\\\/2022\\\/12\\\/logo-molina-y-asociados.png\",\"width\":467,\"height\":101,\"caption\":\"Molina y Asociados - Abogados en Panam\u00e1.\"},\"image\":{\"@id\":\"https:\\\/\\\/molinapanama.com\\\/es\\\/#\\\/schema\\\/logo\\\/image\\\/\"}}]}<\/script>\n<!-- \/ Yoast SEO plugin. -->","yoast_head_json":{"title":"Abogados en derecho corporativo en Panam\u00e1","description":"Constituci\u00f3n de Sociedades an\u00f3nimas en Panam\u00e1 - Molina y Asociados","robots":{"index":"index","follow":"follow","max-snippet":"max-snippet:-1","max-image-preview":"max-image-preview:large","max-video-preview":"max-video-preview:-1"},"canonical":"https:\/\/molinapanama.com\/es\/areas-de-practica\/derecho-corporativo\/","og_locale":"es_ES","og_type":"article","og_title":"Abogados en derecho corporativo en Panam\u00e1","og_description":"Constituci\u00f3n de Sociedades an\u00f3nimas en Panam\u00e1 - Molina y Asociados","og_url":"https:\/\/molinapanama.com\/es\/areas-de-practica\/derecho-corporativo\/","og_site_name":"Molina y Asociados - Abogados en Panam\u00e1.","article_modified_time":"2022-12-29T13:33:26+00:00","twitter_card":"summary_large_image","twitter_misc":{"Tiempo de lectura":"4 minutos"},"schema":{"@context":"https:\/\/schema.org","@graph":[{"@type":"WebPage","@id":"https:\/\/molinapanama.com\/es\/areas-de-practica\/derecho-corporativo\/","url":"https:\/\/molinapanama.com\/es\/areas-de-practica\/derecho-corporativo\/","name":"Abogados en derecho corporativo en Panam\u00e1","isPartOf":{"@id":"https:\/\/molinapanama.com\/es\/#website"},"datePublished":"2022-12-20T18:36:49+00:00","dateModified":"2022-12-29T13:33:26+00:00","description":"Constituci\u00f3n de Sociedades an\u00f3nimas en Panam\u00e1 - Molina y Asociados","breadcrumb":{"@id":"https:\/\/molinapanama.com\/es\/areas-de-practica\/derecho-corporativo\/#breadcrumb"},"inLanguage":"es","potentialAction":[{"@type":"ReadAction","target":["https:\/\/molinapanama.com\/es\/areas-de-practica\/derecho-corporativo\/"]}]},{"@type":"BreadcrumbList","@id":"https:\/\/molinapanama.com\/es\/areas-de-practica\/derecho-corporativo\/#breadcrumb","itemListElement":[{"@type":"ListItem","position":1,"name":"Portada","item":"https:\/\/molinapanama.com\/es\/"},{"@type":"ListItem","position":2,"name":"\u00c1reas de practica","item":"https:\/\/molinapanama.com\/es\/areas-de-practica\/"},{"@type":"ListItem","position":3,"name":"Derecho Corporativo"}]},{"@type":"WebSite","@id":"https:\/\/molinapanama.com\/es\/#website","url":"https:\/\/molinapanama.com\/es\/","name":"Molina y Asociados - Abogados en Panam\u00e1.","description":"","publisher":{"@id":"https:\/\/molinapanama.com\/es\/#organization"},"potentialAction":[{"@type":"SearchAction","target":{"@type":"EntryPoint","urlTemplate":"https:\/\/molinapanama.com\/es\/?s={search_term_string}"},"query-input":{"@type":"PropertyValueSpecification","valueRequired":true,"valueName":"search_term_string"}}],"inLanguage":"es"},{"@type":"Organization","@id":"https:\/\/molinapanama.com\/es\/#organization","name":"Molina y Asociados - Abogados en Panam\u00e1.","url":"https:\/\/molinapanama.com\/es\/","logo":{"@type":"ImageObject","inLanguage":"es","@id":"https:\/\/molinapanama.com\/es\/#\/schema\/logo\/image\/","url":"https:\/\/molinapanama.com\/es\/wp-content\/uploads\/2022\/12\/logo-molina-y-asociados.png","contentUrl":"https:\/\/molinapanama.com\/es\/wp-content\/uploads\/2022\/12\/logo-molina-y-asociados.png","width":467,"height":101,"caption":"Molina y Asociados - Abogados en Panam\u00e1."},"image":{"@id":"https:\/\/molinapanama.com\/es\/#\/schema\/logo\/image\/"}}]}},"_links":{"self":[{"href":"https:\/\/molinapanama.com\/es\/wp-json\/wp\/v2\/pages\/401","targetHints":{"allow":["GET"]}}],"collection":[{"href":"https:\/\/molinapanama.com\/es\/wp-json\/wp\/v2\/pages"}],"about":[{"href":"https:\/\/molinapanama.com\/es\/wp-json\/wp\/v2\/types\/page"}],"author":[{"embeddable":true,"href":"https:\/\/molinapanama.com\/es\/wp-json\/wp\/v2\/users\/1"}],"replies":[{"embeddable":true,"href":"https:\/\/molinapanama.com\/es\/wp-json\/wp\/v2\/comments?post=401"}],"version-history":[{"count":9,"href":"https:\/\/molinapanama.com\/es\/wp-json\/wp\/v2\/pages\/401\/revisions"}],"predecessor-version":[{"id":1241,"href":"https:\/\/molinapanama.com\/es\/wp-json\/wp\/v2\/pages\/401\/revisions\/1241"}],"up":[{"embeddable":true,"href":"https:\/\/molinapanama.com\/es\/wp-json\/wp\/v2\/pages\/81"}],"wp:attachment":[{"href":"https:\/\/molinapanama.com\/es\/wp-json\/wp\/v2\/media?parent=401"}],"curies":[{"name":"wp","href":"https:\/\/api.w.org\/{rel}","templated":true}]}}