{"id":338,"date":"2022-12-20T16:53:44","date_gmt":"2022-12-20T16:53:44","guid":{"rendered":"https:\/\/molinapanama.com\/demoes\/?page_id=338"},"modified":"2022-12-29T13:29:44","modified_gmt":"2022-12-29T13:29:44","slug":"nosotros","status":"publish","type":"page","link":"https:\/\/molinapanama.com\/es\/nosotros\/","title":{"rendered":"Nosotros"},"content":{"rendered":"\t\t<div data-elementor-type=\"wp-page\" data-elementor-id=\"338\" class=\"elementor elementor-338\" data-elementor-post-type=\"page\">\n\t\t\t\t\t\t<section class=\"elementor-section elementor-top-section elementor-element elementor-element-764864f elementor-section-height-min-height elementor-section-boxed elementor-section-height-default elementor-section-items-middle\" data-id=\"764864f\" data-element_type=\"section\">\n\t\t\t\t\t\t\t<div class=\"elementor-background-overlay\"><\/div>\n\t\t\t\t\t\t\t<div class=\"elementor-container elementor-column-gap-default\">\n\t\t\t\t\t<div class=\"elementor-column elementor-col-100 elementor-top-column elementor-element elementor-element-df48602\" data-id=\"df48602\" data-element_type=\"column\">\n\t\t\t<div class=\"elementor-widget-wrap elementor-element-populated\">\n\t\t\t\t\t\t<section class=\"elementor-section elementor-inner-section elementor-element elementor-element-74b30ff elementor-section-boxed elementor-section-height-default elementor-section-height-default\" data-id=\"74b30ff\" data-element_type=\"section\">\n\t\t\t\t\t\t<div class=\"elementor-container elementor-column-gap-default\">\n\t\t\t\t\t<div class=\"elementor-column elementor-col-100 elementor-inner-column elementor-element elementor-element-c649022\" data-id=\"c649022\" data-element_type=\"column\">\n\t\t\t<div class=\"elementor-widget-wrap elementor-element-populated\">\n\t\t\t\t\t\t<div class=\"elementor-element elementor-element-67197f4 elementor-widget elementor-widget-heading\" data-id=\"67197f4\" data-element_type=\"widget\" data-widget_type=\"heading.default\">\n\t\t\t\t<div class=\"elementor-widget-container\">\n\t\t\t\t\t<h2 class=\"elementor-heading-title elementor-size-default\">Sobre Nosotros<\/h2>\t\t\t\t<\/div>\n\t\t\t\t<\/div>\n\t\t\t\t\t<\/div>\n\t\t<\/div>\n\t\t\t\t\t<\/div>\n\t\t<\/section>\n\t\t\t\t<section class=\"elementor-section elementor-inner-section elementor-element elementor-element-333e038 elementor-section-boxed elementor-section-height-default elementor-section-height-default\" data-id=\"333e038\" data-element_type=\"section\">\n\t\t\t\t\t\t<div class=\"elementor-container elementor-column-gap-default\">\n\t\t\t\t\t<div class=\"elementor-column elementor-col-50 elementor-inner-column elementor-element elementor-element-29c2f26\" data-id=\"29c2f26\" data-element_type=\"column\">\n\t\t\t<div class=\"elementor-widget-wrap elementor-element-populated\">\n\t\t\t\t\t\t<div class=\"elementor-element elementor-element-9414612 elementor-widget elementor-widget-icon-box\" data-id=\"9414612\" data-element_type=\"widget\" data-widget_type=\"icon-box.default\">\n\t\t\t\t<div class=\"elementor-widget-container\">\n\t\t\t\t\t\t\t<div class=\"elementor-icon-box-wrapper\">\n\n\t\t\t\n\t\t\t\t\t\t<div class=\"elementor-icon-box-content\">\n\n\t\t\t\t\t\t\t\t\t<h5 class=\"elementor-icon-box-title\">\n\t\t\t\t\t\t<a href=\"https:\/\/molinapanama.com\/es\/\" >\n\t\t\t\t\t\t\tInicio\t\t\t\t\t\t<\/a>\n\t\t\t\t\t<\/h5>\n\t\t\t\t\n\t\t\t\t\n\t\t\t<\/div>\n\t\t\t\n\t\t<\/div>\n\t\t\t\t\t\t<\/div>\n\t\t\t\t<\/div>\n\t\t\t\t\t<\/div>\n\t\t<\/div>\n\t\t\t\t<div class=\"elementor-column elementor-col-50 elementor-inner-column elementor-element elementor-element-bf6d356\" data-id=\"bf6d356\" data-element_type=\"column\">\n\t\t\t<div class=\"elementor-widget-wrap elementor-element-populated\">\n\t\t\t\t\t\t<div class=\"elementor-element elementor-element-dde5159 elementor-widget elementor-widget-icon-box\" data-id=\"dde5159\" data-element_type=\"widget\" data-widget_type=\"icon-box.default\">\n\t\t\t\t<div class=\"elementor-widget-container\">\n\t\t\t\t\t\t\t<div class=\"elementor-icon-box-wrapper\">\n\n\t\t\t\n\t\t\t\t\t\t<div class=\"elementor-icon-box-content\">\n\n\t\t\t\t\t\t\t\t\t<h5 class=\"elementor-icon-box-title\">\n\t\t\t\t\t\t<span  >\n\t\t\t\t\t\t\t&gt;&gt; Sobre Nosotros\t\t\t\t\t\t<\/span>\n\t\t\t\t\t<\/h5>\n\t\t\t\t\n\t\t\t\t\n\t\t\t<\/div>\n\t\t\t\n\t\t<\/div>\n\t\t\t\t\t\t<\/div>\n\t\t\t\t<\/div>\n\t\t\t\t\t<\/div>\n\t\t<\/div>\n\t\t\t\t\t<\/div>\n\t\t<\/section>\n\t\t\t\t\t<\/div>\n\t\t<\/div>\n\t\t\t\t\t<\/div>\n\t\t<\/section>\n\t\t\t\t<section class=\"elementor-section elementor-top-section elementor-element elementor-element-fad39df elementor-section-boxed elementor-section-height-default elementor-section-height-default\" data-id=\"fad39df\" data-element_type=\"section\">\n\t\t\t\t\t\t<div class=\"elementor-container elementor-column-gap-default\">\n\t\t\t\t\t<div class=\"elementor-column elementor-col-50 elementor-top-column elementor-element elementor-element-80d92d7\" data-id=\"80d92d7\" data-element_type=\"column\">\n\t\t\t<div class=\"elementor-widget-wrap elementor-element-populated\">\n\t\t\t\t\t\t<div class=\"elementor-element elementor-element-e3a590d elementor-invisible elementor-widget elementor-widget-image\" data-id=\"e3a590d\" data-element_type=\"widget\" data-settings=\"{&quot;_animation&quot;:&quot;fadeInLeft&quot;}\" data-widget_type=\"image.default\">\n\t\t\t\t<div class=\"elementor-widget-container\">\n\t\t\t\t\t\t\t\t\t\t\t\t\t\t\t<img fetchpriority=\"high\" decoding=\"async\" width=\"1024\" height=\"683\" src=\"https:\/\/molinapanama.com\/es\/wp-content\/uploads\/2022\/12\/pic2.jpg\" class=\"attachment-large size-large wp-image-163\" alt=\"\" srcset=\"https:\/\/molinapanama.com\/es\/wp-content\/uploads\/2022\/12\/pic2.jpg 1024w, https:\/\/molinapanama.com\/es\/wp-content\/uploads\/2022\/12\/pic2-300x200.jpg 300w, https:\/\/molinapanama.com\/es\/wp-content\/uploads\/2022\/12\/pic2-768x512.jpg 768w\" sizes=\"(max-width: 1024px) 100vw, 1024px\" \/>\t\t\t\t\t\t\t\t\t\t\t\t\t\t\t<\/div>\n\t\t\t\t<\/div>\n\t\t\t\t\t<\/div>\n\t\t<\/div>\n\t\t\t\t<div class=\"elementor-column elementor-col-50 elementor-top-column elementor-element elementor-element-4153f93\" data-id=\"4153f93\" data-element_type=\"column\">\n\t\t\t<div class=\"elementor-widget-wrap elementor-element-populated\">\n\t\t\t\t\t\t<div class=\"elementor-element elementor-element-f4515a9 elementor-invisible elementor-widget elementor-widget-text-editor\" data-id=\"f4515a9\" data-element_type=\"widget\" data-settings=\"{&quot;_animation&quot;:&quot;fadeInRight&quot;}\" data-widget_type=\"text-editor.default\">\n\t\t\t\t<div class=\"elementor-widget-container\">\n\t\t\t\t\t\t\t\t\t<p>\u00a0<\/p><p><strong>Jaime Ra\u00fal Molina<\/strong>\u00a0es licenciado en Derecho y Ciencias Pol\u00edticas por la Universidad de Panam\u00e1 (1998), y obtuvo un Master en Derecho Comercial (LL.M.) por la Universidad de Bristol, Inglaterra (2000). Se ha desempe\u00f1ado profesionalmente tanto en el sector privado como en el p\u00fablico. Ejerce la profesi\u00f3n de abogado desde el a\u00f1o 1998. Desde el a\u00f1o 2000 hasta fines de 2004, fungi\u00f3 como Oficial Fiduciario en el Dresdner Bank Lateinamerika, Sucursal Panam\u00e1. Posteriormente sirvi\u00f3 como asesor en la Direcci\u00f3n de Pol\u00edticas P\u00fablicas del Ministerio de Econom\u00eda y Finanzas, desde fines de 2004 hasta inicios de 2008. Desde 2008 fund\u00f3 la oficina de abogados que con el tiempo se convirti\u00f3 en lo que hoy es Molina y Asociados.<\/p><p>Ha llevado a cabo\u00a0consultor\u00edas en temas diversos, partiendo del an\u00e1lisis econ\u00f3mico del derecho.<\/p>\t\t\t\t\t\t\t\t<\/div>\n\t\t\t\t<\/div>\n\t\t\t\t\t<\/div>\n\t\t<\/div>\n\t\t\t\t\t<\/div>\n\t\t<\/section>\n\t\t\t\t<section class=\"elementor-section elementor-top-section elementor-element elementor-element-6ff2673 elementor-section-boxed elementor-section-height-default elementor-section-height-default\" data-id=\"6ff2673\" data-element_type=\"section\">\n\t\t\t\t\t\t<div class=\"elementor-container elementor-column-gap-default\">\n\t\t\t\t\t<div class=\"elementor-column elementor-col-50 elementor-top-column elementor-element elementor-element-d144d20\" data-id=\"d144d20\" data-element_type=\"column\">\n\t\t\t<div class=\"elementor-widget-wrap elementor-element-populated\">\n\t\t\t\t\t\t<div class=\"elementor-element elementor-element-c4e06fa elementor-invisible elementor-widget elementor-widget-text-editor\" data-id=\"c4e06fa\" data-element_type=\"widget\" data-settings=\"{&quot;_animation&quot;:&quot;fadeInUp&quot;}\" data-widget_type=\"text-editor.default\">\n\t\t\t\t<div class=\"elementor-widget-container\">\n\t\t\t\t\t\t\t\t\t<div class=\"wpb_column vc_column_container vc_col-sm-6 sc_layouts_column_icons_position_left\"><div class=\"vc_column-inner \"><div class=\"wpb_wrapper\"><div class=\"wpb_text_column wpb_content_element \"><div class=\"wpb_wrapper\"><p><strong>Autor\u00edas:<\/strong><\/p><ul><li>OCDE vs. Para\u00edsos Fiscales: el futuro de la competencia fiscal internacional (2001).<\/li><li>The Duty of Disclosure on the part of the Proposer of an insurance contract in the Law of England and Wales (1999).<\/li><li>La subordinaci\u00f3n jur\u00eddica y la dependencia econ\u00f3mica en la relaci\u00f3n de trabajo (1998).<\/li><\/ul><\/div><\/div><\/div><\/div><\/div>\t\t\t\t\t\t\t\t<\/div>\n\t\t\t\t<\/div>\n\t\t\t\t\t<\/div>\n\t\t<\/div>\n\t\t\t\t<div class=\"elementor-column elementor-col-50 elementor-top-column elementor-element elementor-element-e7cdbb4\" data-id=\"e7cdbb4\" data-element_type=\"column\">\n\t\t\t<div class=\"elementor-widget-wrap\">\n\t\t\t\t\t\t\t<\/div>\n\t\t<\/div>\n\t\t\t\t\t<\/div>\n\t\t<\/section>\n\t\t\t\t<\/div>\n\t\t","protected":false},"excerpt":{"rendered":"<p>Sobre Nosotros &nbsp; Inicio &gt;&gt; Sobre Nosotros Jaime Ra\u00fal Molina\u00a0es licenciado en Derecho y Ciencias Pol\u00edticas por la Universidad de Panam\u00e1 (1998), y obtuvo un Master en Derecho Comercial (LL.M.) por la Universidad de Bristol, Inglaterra (2000). Se ha desempe\u00f1ado profesionalmente tanto en el sector privado como en el p\u00fablico. Ejerce la profesi\u00f3n de abogado [&hellip;]<\/p>\n","protected":false},"author":1,"featured_media":0,"parent":0,"menu_order":0,"comment_status":"closed","ping_status":"closed","template":"elementor_header_footer","meta":{"footnotes":""},"class_list":["post-338","page","type-page","status-publish","hentry","entry"],"yoast_head":"<!-- This site is optimized with the Yoast SEO plugin v26.7 - https:\/\/yoast.com\/wordpress\/plugins\/seo\/ -->\n<title>Abogado en Panam\u00e1, Jaime Ra\u00fal Molina es licenciado en Derecho y Ciencias Pol\u00edticas<\/title>\n<meta name=\"description\" content=\"Jaime Ra\u00fal Molina es licenciado en Derecho y Ciencias Pol\u00edticas - Abogado en Panam\u00e1 Molina y Asociados\" \/>\n<meta name=\"robots\" content=\"index, follow, max-snippet:-1, max-image-preview:large, max-video-preview:-1\" \/>\n<link rel=\"canonical\" href=\"https:\/\/molinapanama.com\/es\/nosotros\/\" \/>\n<meta property=\"og:locale\" content=\"es_ES\" \/>\n<meta property=\"og:type\" content=\"article\" \/>\n<meta property=\"og:title\" content=\"Abogado en Panam\u00e1, Jaime Ra\u00fal Molina es licenciado en Derecho y Ciencias Pol\u00edticas\" \/>\n<meta property=\"og:description\" content=\"Jaime Ra\u00fal Molina es licenciado en Derecho y Ciencias Pol\u00edticas - Abogado en Panam\u00e1 Molina y Asociados\" \/>\n<meta property=\"og:url\" content=\"https:\/\/molinapanama.com\/es\/nosotros\/\" \/>\n<meta property=\"og:site_name\" content=\"Molina y Asociados - Abogados en Panam\u00e1.\" \/>\n<meta property=\"article:modified_time\" content=\"2022-12-29T13:29:44+00:00\" \/>\n<meta property=\"og:image\" content=\"https:\/\/molinapanama.com\/es\/wp-content\/uploads\/2022\/12\/pic2.jpg\" \/>\n<meta name=\"twitter:card\" content=\"summary_large_image\" \/>\n<meta name=\"twitter:label1\" content=\"Tiempo de lectura\" \/>\n\t<meta name=\"twitter:data1\" content=\"2 minutos\" \/>\n<script type=\"application\/ld+json\" class=\"yoast-schema-graph\">{\"@context\":\"https:\/\/schema.org\",\"@graph\":[{\"@type\":\"WebPage\",\"@id\":\"https:\/\/molinapanama.com\/es\/nosotros\/\",\"url\":\"https:\/\/molinapanama.com\/es\/nosotros\/\",\"name\":\"Abogado en Panam\u00e1, Jaime Ra\u00fal Molina es licenciado en Derecho y Ciencias Pol\u00edticas\",\"isPartOf\":{\"@id\":\"https:\/\/molinapanama.com\/es\/#website\"},\"primaryImageOfPage\":{\"@id\":\"https:\/\/molinapanama.com\/es\/nosotros\/#primaryimage\"},\"image\":{\"@id\":\"https:\/\/molinapanama.com\/es\/nosotros\/#primaryimage\"},\"thumbnailUrl\":\"https:\/\/molinapanama.com\/es\/wp-content\/uploads\/2022\/12\/pic2.jpg\",\"datePublished\":\"2022-12-20T16:53:44+00:00\",\"dateModified\":\"2022-12-29T13:29:44+00:00\",\"description\":\"Jaime Ra\u00fal Molina es licenciado en Derecho y Ciencias Pol\u00edticas - Abogado en Panam\u00e1 Molina y Asociados\",\"breadcrumb\":{\"@id\":\"https:\/\/molinapanama.com\/es\/nosotros\/#breadcrumb\"},\"inLanguage\":\"es\",\"potentialAction\":[{\"@type\":\"ReadAction\",\"target\":[\"https:\/\/molinapanama.com\/es\/nosotros\/\"]}]},{\"@type\":\"ImageObject\",\"inLanguage\":\"es\",\"@id\":\"https:\/\/molinapanama.com\/es\/nosotros\/#primaryimage\",\"url\":\"https:\/\/molinapanama.com\/es\/wp-content\/uploads\/2022\/12\/pic2.jpg\",\"contentUrl\":\"https:\/\/molinapanama.com\/es\/wp-content\/uploads\/2022\/12\/pic2.jpg\",\"width\":1024,\"height\":683},{\"@type\":\"BreadcrumbList\",\"@id\":\"https:\/\/molinapanama.com\/es\/nosotros\/#breadcrumb\",\"itemListElement\":[{\"@type\":\"ListItem\",\"position\":1,\"name\":\"Portada\",\"item\":\"https:\/\/molinapanama.com\/es\/\"},{\"@type\":\"ListItem\",\"position\":2,\"name\":\"Nosotros\"}]},{\"@type\":\"WebSite\",\"@id\":\"https:\/\/molinapanama.com\/es\/#website\",\"url\":\"https:\/\/molinapanama.com\/es\/\",\"name\":\"Molina y Asociados - Abogados en Panam\u00e1.\",\"description\":\"\",\"publisher\":{\"@id\":\"https:\/\/molinapanama.com\/es\/#organization\"},\"potentialAction\":[{\"@type\":\"SearchAction\",\"target\":{\"@type\":\"EntryPoint\",\"urlTemplate\":\"https:\/\/molinapanama.com\/es\/?s={search_term_string}\"},\"query-input\":{\"@type\":\"PropertyValueSpecification\",\"valueRequired\":true,\"valueName\":\"search_term_string\"}}],\"inLanguage\":\"es\"},{\"@type\":\"Organization\",\"@id\":\"https:\/\/molinapanama.com\/es\/#organization\",\"name\":\"Molina y Asociados - Abogados en Panam\u00e1.\",\"url\":\"https:\/\/molinapanama.com\/es\/\",\"logo\":{\"@type\":\"ImageObject\",\"inLanguage\":\"es\",\"@id\":\"https:\/\/molinapanama.com\/es\/#\/schema\/logo\/image\/\",\"url\":\"https:\/\/molinapanama.com\/es\/wp-content\/uploads\/2022\/12\/logo-molina-y-asociados.png\",\"contentUrl\":\"https:\/\/molinapanama.com\/es\/wp-content\/uploads\/2022\/12\/logo-molina-y-asociados.png\",\"width\":467,\"height\":101,\"caption\":\"Molina y Asociados - Abogados en Panam\u00e1.\"},\"image\":{\"@id\":\"https:\/\/molinapanama.com\/es\/#\/schema\/logo\/image\/\"}}]}<\/script>\n<!-- \/ Yoast SEO plugin. -->","yoast_head_json":{"title":"Abogado en Panam\u00e1, Jaime Ra\u00fal Molina es licenciado en Derecho y Ciencias Pol\u00edticas","description":"Jaime Ra\u00fal Molina es licenciado en Derecho y Ciencias Pol\u00edticas - Abogado en Panam\u00e1 Molina y Asociados","robots":{"index":"index","follow":"follow","max-snippet":"max-snippet:-1","max-image-preview":"max-image-preview:large","max-video-preview":"max-video-preview:-1"},"canonical":"https:\/\/molinapanama.com\/es\/nosotros\/","og_locale":"es_ES","og_type":"article","og_title":"Abogado en Panam\u00e1, Jaime Ra\u00fal Molina es licenciado en Derecho y Ciencias Pol\u00edticas","og_description":"Jaime Ra\u00fal Molina es licenciado en Derecho y Ciencias Pol\u00edticas - Abogado en Panam\u00e1 Molina y Asociados","og_url":"https:\/\/molinapanama.com\/es\/nosotros\/","og_site_name":"Molina y Asociados - Abogados en Panam\u00e1.","article_modified_time":"2022-12-29T13:29:44+00:00","og_image":[{"url":"https:\/\/molinapanama.com\/es\/wp-content\/uploads\/2022\/12\/pic2.jpg","type":"","width":"","height":""}],"twitter_card":"summary_large_image","twitter_misc":{"Tiempo de lectura":"2 minutos"},"schema":{"@context":"https:\/\/schema.org","@graph":[{"@type":"WebPage","@id":"https:\/\/molinapanama.com\/es\/nosotros\/","url":"https:\/\/molinapanama.com\/es\/nosotros\/","name":"Abogado en Panam\u00e1, Jaime Ra\u00fal Molina es licenciado en Derecho y Ciencias Pol\u00edticas","isPartOf":{"@id":"https:\/\/molinapanama.com\/es\/#website"},"primaryImageOfPage":{"@id":"https:\/\/molinapanama.com\/es\/nosotros\/#primaryimage"},"image":{"@id":"https:\/\/molinapanama.com\/es\/nosotros\/#primaryimage"},"thumbnailUrl":"https:\/\/molinapanama.com\/es\/wp-content\/uploads\/2022\/12\/pic2.jpg","datePublished":"2022-12-20T16:53:44+00:00","dateModified":"2022-12-29T13:29:44+00:00","description":"Jaime Ra\u00fal Molina es licenciado en Derecho y Ciencias Pol\u00edticas - Abogado en Panam\u00e1 Molina y Asociados","breadcrumb":{"@id":"https:\/\/molinapanama.com\/es\/nosotros\/#breadcrumb"},"inLanguage":"es","potentialAction":[{"@type":"ReadAction","target":["https:\/\/molinapanama.com\/es\/nosotros\/"]}]},{"@type":"ImageObject","inLanguage":"es","@id":"https:\/\/molinapanama.com\/es\/nosotros\/#primaryimage","url":"https:\/\/molinapanama.com\/es\/wp-content\/uploads\/2022\/12\/pic2.jpg","contentUrl":"https:\/\/molinapanama.com\/es\/wp-content\/uploads\/2022\/12\/pic2.jpg","width":1024,"height":683},{"@type":"BreadcrumbList","@id":"https:\/\/molinapanama.com\/es\/nosotros\/#breadcrumb","itemListElement":[{"@type":"ListItem","position":1,"name":"Portada","item":"https:\/\/molinapanama.com\/es\/"},{"@type":"ListItem","position":2,"name":"Nosotros"}]},{"@type":"WebSite","@id":"https:\/\/molinapanama.com\/es\/#website","url":"https:\/\/molinapanama.com\/es\/","name":"Molina y Asociados - Abogados en Panam\u00e1.","description":"","publisher":{"@id":"https:\/\/molinapanama.com\/es\/#organization"},"potentialAction":[{"@type":"SearchAction","target":{"@type":"EntryPoint","urlTemplate":"https:\/\/molinapanama.com\/es\/?s={search_term_string}"},"query-input":{"@type":"PropertyValueSpecification","valueRequired":true,"valueName":"search_term_string"}}],"inLanguage":"es"},{"@type":"Organization","@id":"https:\/\/molinapanama.com\/es\/#organization","name":"Molina y Asociados - Abogados en Panam\u00e1.","url":"https:\/\/molinapanama.com\/es\/","logo":{"@type":"ImageObject","inLanguage":"es","@id":"https:\/\/molinapanama.com\/es\/#\/schema\/logo\/image\/","url":"https:\/\/molinapanama.com\/es\/wp-content\/uploads\/2022\/12\/logo-molina-y-asociados.png","contentUrl":"https:\/\/molinapanama.com\/es\/wp-content\/uploads\/2022\/12\/logo-molina-y-asociados.png","width":467,"height":101,"caption":"Molina y Asociados - Abogados en Panam\u00e1."},"image":{"@id":"https:\/\/molinapanama.com\/es\/#\/schema\/logo\/image\/"}}]}},"_links":{"self":[{"href":"https:\/\/molinapanama.com\/es\/wp-json\/wp\/v2\/pages\/338","targetHints":{"allow":["GET"]}}],"collection":[{"href":"https:\/\/molinapanama.com\/es\/wp-json\/wp\/v2\/pages"}],"about":[{"href":"https:\/\/molinapanama.com\/es\/wp-json\/wp\/v2\/types\/page"}],"author":[{"embeddable":true,"href":"https:\/\/molinapanama.com\/es\/wp-json\/wp\/v2\/users\/1"}],"replies":[{"embeddable":true,"href":"https:\/\/molinapanama.com\/es\/wp-json\/wp\/v2\/comments?post=338"}],"version-history":[{"count":71,"href":"https:\/\/molinapanama.com\/es\/wp-json\/wp\/v2\/pages\/338\/revisions"}],"predecessor-version":[{"id":1024,"href":"https:\/\/molinapanama.com\/es\/wp-json\/wp\/v2\/pages\/338\/revisions\/1024"}],"wp:attachment":[{"href":"https:\/\/molinapanama.com\/es\/wp-json\/wp\/v2\/media?parent=338"}],"curies":[{"name":"wp","href":"https:\/\/api.w.org\/{rel}","templated":true}]}}