{"id":1711,"date":"2026-04-16T18:04:17","date_gmt":"2026-04-16T18:04:17","guid":{"rendered":"https:\/\/molinapanama.com\/es\/?page_id=1711"},"modified":"2026-04-22T16:03:38","modified_gmt":"2026-04-22T16:03:38","slug":"otros-servicios","status":"publish","type":"page","link":"https:\/\/molinapanama.com\/es\/areas-de-practica\/otros-servicios\/","title":{"rendered":"Otros servicios"},"content":{"rendered":"<h4>Traducci\u00f3n oficial de documentos espa\u00f1ol-ingl\u00e9s e ingl\u00e9s-espa\u00f1ol<\/h4>\n<p>El Lic. <strong>Jaime Ra\u00fal Molina<\/strong> cuenta con licencia de traductor p\u00fablico autorizado para los idiomas espa\u00f1ol-ingl\u00e9s y viceversa. La experiencia profesional del Lic. Molina junto con su formaci\u00f3n acad\u00e9mica de maestr\u00eda en el Reino Unido, le dan una ventaja de dominio del ingl\u00e9s jur\u00eddico, tanto con el Common Law como con el sistema de derecho civil codificado. Este bagaje permite al Lic. Molina hacer traducciones altamente precisas y contextualizadas de contratos, certificaciones oficiales, poderes, escrituras, actas corporativas, resoluciones judiciales, instrumentos notariales y otros documentos legales.<\/p>\n<p>Para traducciones oficiales, sobre todo de documentos de car\u00e1cter jur\u00eddico, cargados de vocabulario t\u00e9cnico, el Lic. Molina ofrece servicio de traducciones oficiales del espa\u00f1ol al ingl\u00e9s o viceversa.<\/p>\n","protected":false},"excerpt":{"rendered":"<p>Traducci\u00f3n oficial de documentos espa\u00f1ol-ingl\u00e9s e ingl\u00e9s-espa\u00f1ol El Lic. Jaime Ra\u00fal Molina cuenta con licencia de traductor p\u00fablico autorizado para los idiomas espa\u00f1ol-ingl\u00e9s y viceversa. La experiencia profesional del Lic. Molina junto con su formaci\u00f3n acad\u00e9mica de maestr\u00eda en el Reino Unido, le dan una ventaja de dominio del ingl\u00e9s jur\u00eddico, tanto con el Common [&hellip;]<\/p>\n","protected":false},"author":2,"featured_media":0,"parent":81,"menu_order":0,"comment_status":"closed","ping_status":"closed","template":"","meta":{"footnotes":""},"class_list":["post-1711","page","type-page","status-publish","hentry","entry"],"yoast_head":"<!-- This site is optimized with the Yoast SEO plugin v27.4 - https:\/\/yoast.com\/product\/yoast-seo-wordpress\/ -->\n<title>Otros servicios - Molina y Asociados - Abogados en Panam\u00e1.<\/title>\n<meta name=\"description\" content=\"Traducci\u00f3n oficial de documentos del ingl\u00e9s al espa\u00f1ol y del espa\u00f1ol al ingl\u00e9s.\" \/>\n<meta name=\"robots\" content=\"index, follow, max-snippet:-1, max-image-preview:large, max-video-preview:-1\" \/>\n<link rel=\"canonical\" href=\"https:\/\/molinapanama.com\/es\/areas-de-practica\/otros-servicios\/\" \/>\n<meta property=\"og:locale\" content=\"es_ES\" \/>\n<meta property=\"og:type\" content=\"article\" \/>\n<meta property=\"og:title\" content=\"Otros servicios - Molina y Asociados - Abogados en Panam\u00e1.\" \/>\n<meta property=\"og:description\" content=\"Traducci\u00f3n oficial de documentos del ingl\u00e9s al espa\u00f1ol y del espa\u00f1ol al ingl\u00e9s.\" \/>\n<meta property=\"og:url\" content=\"https:\/\/molinapanama.com\/es\/areas-de-practica\/otros-servicios\/\" \/>\n<meta property=\"og:site_name\" content=\"Molina y Asociados - Abogados en Panam\u00e1.\" \/>\n<meta property=\"article:modified_time\" content=\"2026-04-22T16:03:38+00:00\" \/>\n<meta name=\"twitter:card\" content=\"summary_large_image\" \/>\n<meta name=\"twitter:label1\" content=\"Tiempo de lectura\" \/>\n\t<meta name=\"twitter:data1\" content=\"1 minuto\" \/>\n<script type=\"application\/ld+json\" class=\"yoast-schema-graph\">{\"@context\":\"https:\\\/\\\/schema.org\",\"@graph\":[{\"@type\":\"WebPage\",\"@id\":\"https:\\\/\\\/molinapanama.com\\\/es\\\/areas-de-practica\\\/otros-servicios\\\/\",\"url\":\"https:\\\/\\\/molinapanama.com\\\/es\\\/areas-de-practica\\\/otros-servicios\\\/\",\"name\":\"Otros servicios - Molina y Asociados - Abogados en Panam\u00e1.\",\"isPartOf\":{\"@id\":\"https:\\\/\\\/molinapanama.com\\\/es\\\/#website\"},\"datePublished\":\"2026-04-16T18:04:17+00:00\",\"dateModified\":\"2026-04-22T16:03:38+00:00\",\"description\":\"Traducci\u00f3n oficial de documentos del ingl\u00e9s al espa\u00f1ol y del espa\u00f1ol al ingl\u00e9s.\",\"breadcrumb\":{\"@id\":\"https:\\\/\\\/molinapanama.com\\\/es\\\/areas-de-practica\\\/otros-servicios\\\/#breadcrumb\"},\"inLanguage\":\"es\",\"potentialAction\":[{\"@type\":\"ReadAction\",\"target\":[\"https:\\\/\\\/molinapanama.com\\\/es\\\/areas-de-practica\\\/otros-servicios\\\/\"]}]},{\"@type\":\"BreadcrumbList\",\"@id\":\"https:\\\/\\\/molinapanama.com\\\/es\\\/areas-de-practica\\\/otros-servicios\\\/#breadcrumb\",\"itemListElement\":[{\"@type\":\"ListItem\",\"position\":1,\"name\":\"Portada\",\"item\":\"https:\\\/\\\/molinapanama.com\\\/es\\\/\"},{\"@type\":\"ListItem\",\"position\":2,\"name\":\"\u00c1reas de practica\",\"item\":\"https:\\\/\\\/molinapanama.com\\\/es\\\/areas-de-practica\\\/\"},{\"@type\":\"ListItem\",\"position\":3,\"name\":\"Otros servicios\"}]},{\"@type\":\"WebSite\",\"@id\":\"https:\\\/\\\/molinapanama.com\\\/es\\\/#website\",\"url\":\"https:\\\/\\\/molinapanama.com\\\/es\\\/\",\"name\":\"Molina y Asociados - Abogados en Panam\u00e1.\",\"description\":\"\",\"publisher\":{\"@id\":\"https:\\\/\\\/molinapanama.com\\\/es\\\/#organization\"},\"potentialAction\":[{\"@type\":\"SearchAction\",\"target\":{\"@type\":\"EntryPoint\",\"urlTemplate\":\"https:\\\/\\\/molinapanama.com\\\/es\\\/?s={search_term_string}\"},\"query-input\":{\"@type\":\"PropertyValueSpecification\",\"valueRequired\":true,\"valueName\":\"search_term_string\"}}],\"inLanguage\":\"es\"},{\"@type\":\"Organization\",\"@id\":\"https:\\\/\\\/molinapanama.com\\\/es\\\/#organization\",\"name\":\"Molina y Asociados - Abogados en Panam\u00e1.\",\"url\":\"https:\\\/\\\/molinapanama.com\\\/es\\\/\",\"logo\":{\"@type\":\"ImageObject\",\"inLanguage\":\"es\",\"@id\":\"https:\\\/\\\/molinapanama.com\\\/es\\\/#\\\/schema\\\/logo\\\/image\\\/\",\"url\":\"https:\\\/\\\/molinapanama.com\\\/es\\\/wp-content\\\/uploads\\\/2022\\\/12\\\/logo-molina-y-asociados.png\",\"contentUrl\":\"https:\\\/\\\/molinapanama.com\\\/es\\\/wp-content\\\/uploads\\\/2022\\\/12\\\/logo-molina-y-asociados.png\",\"width\":467,\"height\":101,\"caption\":\"Molina y Asociados - Abogados en Panam\u00e1.\"},\"image\":{\"@id\":\"https:\\\/\\\/molinapanama.com\\\/es\\\/#\\\/schema\\\/logo\\\/image\\\/\"}}]}<\/script>\n<!-- \/ Yoast SEO plugin. -->","yoast_head_json":{"title":"Otros servicios - Molina y Asociados - Abogados en Panam\u00e1.","description":"Traducci\u00f3n oficial de documentos del ingl\u00e9s al espa\u00f1ol y del espa\u00f1ol al ingl\u00e9s.","robots":{"index":"index","follow":"follow","max-snippet":"max-snippet:-1","max-image-preview":"max-image-preview:large","max-video-preview":"max-video-preview:-1"},"canonical":"https:\/\/molinapanama.com\/es\/areas-de-practica\/otros-servicios\/","og_locale":"es_ES","og_type":"article","og_title":"Otros servicios - Molina y Asociados - Abogados en Panam\u00e1.","og_description":"Traducci\u00f3n oficial de documentos del ingl\u00e9s al espa\u00f1ol y del espa\u00f1ol al ingl\u00e9s.","og_url":"https:\/\/molinapanama.com\/es\/areas-de-practica\/otros-servicios\/","og_site_name":"Molina y Asociados - Abogados en Panam\u00e1.","article_modified_time":"2026-04-22T16:03:38+00:00","twitter_card":"summary_large_image","twitter_misc":{"Tiempo de lectura":"1 minuto"},"schema":{"@context":"https:\/\/schema.org","@graph":[{"@type":"WebPage","@id":"https:\/\/molinapanama.com\/es\/areas-de-practica\/otros-servicios\/","url":"https:\/\/molinapanama.com\/es\/areas-de-practica\/otros-servicios\/","name":"Otros servicios - Molina y Asociados - Abogados en Panam\u00e1.","isPartOf":{"@id":"https:\/\/molinapanama.com\/es\/#website"},"datePublished":"2026-04-16T18:04:17+00:00","dateModified":"2026-04-22T16:03:38+00:00","description":"Traducci\u00f3n oficial de documentos del ingl\u00e9s al espa\u00f1ol y del espa\u00f1ol al ingl\u00e9s.","breadcrumb":{"@id":"https:\/\/molinapanama.com\/es\/areas-de-practica\/otros-servicios\/#breadcrumb"},"inLanguage":"es","potentialAction":[{"@type":"ReadAction","target":["https:\/\/molinapanama.com\/es\/areas-de-practica\/otros-servicios\/"]}]},{"@type":"BreadcrumbList","@id":"https:\/\/molinapanama.com\/es\/areas-de-practica\/otros-servicios\/#breadcrumb","itemListElement":[{"@type":"ListItem","position":1,"name":"Portada","item":"https:\/\/molinapanama.com\/es\/"},{"@type":"ListItem","position":2,"name":"\u00c1reas de practica","item":"https:\/\/molinapanama.com\/es\/areas-de-practica\/"},{"@type":"ListItem","position":3,"name":"Otros servicios"}]},{"@type":"WebSite","@id":"https:\/\/molinapanama.com\/es\/#website","url":"https:\/\/molinapanama.com\/es\/","name":"Molina y Asociados - Abogados en Panam\u00e1.","description":"","publisher":{"@id":"https:\/\/molinapanama.com\/es\/#organization"},"potentialAction":[{"@type":"SearchAction","target":{"@type":"EntryPoint","urlTemplate":"https:\/\/molinapanama.com\/es\/?s={search_term_string}"},"query-input":{"@type":"PropertyValueSpecification","valueRequired":true,"valueName":"search_term_string"}}],"inLanguage":"es"},{"@type":"Organization","@id":"https:\/\/molinapanama.com\/es\/#organization","name":"Molina y Asociados - Abogados en Panam\u00e1.","url":"https:\/\/molinapanama.com\/es\/","logo":{"@type":"ImageObject","inLanguage":"es","@id":"https:\/\/molinapanama.com\/es\/#\/schema\/logo\/image\/","url":"https:\/\/molinapanama.com\/es\/wp-content\/uploads\/2022\/12\/logo-molina-y-asociados.png","contentUrl":"https:\/\/molinapanama.com\/es\/wp-content\/uploads\/2022\/12\/logo-molina-y-asociados.png","width":467,"height":101,"caption":"Molina y Asociados - Abogados en Panam\u00e1."},"image":{"@id":"https:\/\/molinapanama.com\/es\/#\/schema\/logo\/image\/"}}]}},"_links":{"self":[{"href":"https:\/\/molinapanama.com\/es\/wp-json\/wp\/v2\/pages\/1711","targetHints":{"allow":["GET"]}}],"collection":[{"href":"https:\/\/molinapanama.com\/es\/wp-json\/wp\/v2\/pages"}],"about":[{"href":"https:\/\/molinapanama.com\/es\/wp-json\/wp\/v2\/types\/page"}],"author":[{"embeddable":true,"href":"https:\/\/molinapanama.com\/es\/wp-json\/wp\/v2\/users\/2"}],"replies":[{"embeddable":true,"href":"https:\/\/molinapanama.com\/es\/wp-json\/wp\/v2\/comments?post=1711"}],"version-history":[{"count":5,"href":"https:\/\/molinapanama.com\/es\/wp-json\/wp\/v2\/pages\/1711\/revisions"}],"predecessor-version":[{"id":1719,"href":"https:\/\/molinapanama.com\/es\/wp-json\/wp\/v2\/pages\/1711\/revisions\/1719"}],"up":[{"embeddable":true,"href":"https:\/\/molinapanama.com\/es\/wp-json\/wp\/v2\/pages\/81"}],"wp:attachment":[{"href":"https:\/\/molinapanama.com\/es\/wp-json\/wp\/v2\/media?parent=1711"}],"curies":[{"name":"wp","href":"https:\/\/api.w.org\/{rel}","templated":true}]}}