{"id":1330,"date":"2023-03-29T20:58:24","date_gmt":"2023-03-29T20:58:24","guid":{"rendered":"https:\/\/molinapanama.com\/es\/?page_id=1330"},"modified":"2023-05-05T03:51:39","modified_gmt":"2023-05-05T03:51:39","slug":"calculadora-de-impuesto-de-inmueble-tarifa-progresiva-combinada","status":"publish","type":"page","link":"https:\/\/molinapanama.com\/es\/areas-de-practica\/bienes-raices\/calculadora-de-impuesto-de-inmueble-tarifa-progresiva-combinada\/","title":{"rendered":"Calculadora de Impuesto de Inmueble &#8211; Tarifa Progresiva Combinada"},"content":{"rendered":"\t\t<div data-elementor-type=\"wp-page\" data-elementor-id=\"1330\" class=\"elementor elementor-1330\" data-elementor-post-type=\"page\">\n\t\t\t\t\t\t<section class=\"elementor-section elementor-top-section elementor-element elementor-element-a5f6ce8 elementor-section-boxed elementor-section-height-default elementor-section-height-default\" data-id=\"a5f6ce8\" data-element_type=\"section\" data-e-type=\"section\">\n\t\t\t\t\t\t<div class=\"elementor-container elementor-column-gap-default\">\n\t\t\t\t\t<div class=\"elementor-column elementor-col-100 elementor-top-column elementor-element elementor-element-cdecafe\" data-id=\"cdecafe\" data-element_type=\"column\" data-e-type=\"column\">\n\t\t\t<div class=\"elementor-widget-wrap elementor-element-populated\">\n\t\t\t\t\t\t<div class=\"elementor-element elementor-element-eb3736c elementor-widget elementor-widget-html\" data-id=\"eb3736c\" data-element_type=\"widget\" data-e-type=\"widget\" data-widget_type=\"html.default\">\n\t\t\t\t<div class=\"elementor-widget-container\">\n\t\t\t\t\t<!DOCTYPE html>\n<html lang=\"en\">\n<head>\n    <meta charset=\"UTF-8\">\n    <meta name=\"viewport\" content=\"width=device-width, initial-scale=1.0\">\n\n    <style>\n        table {\n            border-collapse: collapse;\n            width: 100%;\n        }\n    \n        table, th, td {\n            border: 1px solid black;\n            padding: 8px;\n            text-align: left;\n        }\n    \n        th {\n            background-color: #f2f2f2;\n        }\n    <\/style>\n<\/head>\n<body>\n    <div>\n    <h1>Calculadora de Impuesto de Inmuebles<\/h1>\n    <h2>Tabla Progresiva Combinada (Art. 766-A del C\u00f3digo Fiscal)<\/h2>\n    <label for=\"valorCatastral\">Valor Catastral: <\/label>\n    <input type=\"number\" id=\"valorCatastral\">\n    <button onclick=\"calcularImpuestoInmueble()\">Calcular Impuesto<\/button>\n    <div id=\"tablaResultados\"><\/div>\n\t<\/div>\n    <script>\n        function calcularImpuestoInmueble() {\n            const valorCatastral = parseFloat(document.getElementById('valorCatastral').value);\n\n            let tramo1 = 0;\n            let tramo2 = 0;\n            let tramo3 = 0;\n            let tramo4 = 0;\n\n            let valorRestante = valorCatastral;\n\n            if (valorRestante > 500000) {\n                tramo4 = (valorRestante - 500000) * 0.01;\n                valorRestante = 500000;\n            }\n\n            if (valorRestante > 250000) {\n                tramo3 = (valorRestante - 250000) * 0.008;\n                valorRestante = 250000;\n            }\n\n            if (valorRestante > 30000) {\n                tramo2 = (valorRestante - 30000) * 0.006;\n                tramo1 = 0;\n            } else {\n                tramo1 = 0;\n            }\n\n            const impuestoTotal = tramo1 + tramo2 + tramo3 + tramo4;\n            mostrarTablaImpuesto(tramo1, tramo2, tramo3, tramo4, impuestoTotal);\n        }\n\n        function mostrarTablaImpuesto(tramo1, tramo2, tramo3, tramo4, total) {\n            const tablaResultados = document.getElementById('tablaResultados');\n            tablaResultados.innerHTML = `\n                <table>\n                    <tr><th>Tramo<\/th><th>Valor catastral<\/th><th>Impuesto<\/th><\/tr>\n                    <tr><td>1 (0 - 30,000)<\/td><td>USD 0 - 30,000<\/td><td>USD ${tramo1.toFixed(2)}<\/td><\/tr>\n                    <tr><td>2 (30,000.01 - 250,000)<\/td><td>USD 30,000.01 - 250,000<\/td><td>USD ${tramo2.toFixed(2)}<\/td><\/tr>\n                    <tr><td>3 (250,000.01 - 500,000)<\/td><td>USD 250,000.01 - 500,000<\/td><td>USD ${tramo3.toFixed(2)}<\/td><\/tr>\n                    <tr><td>4 (500,000.01 en adelante)<\/td><td>USD 500,000.01 en adelante<\/td><td>USD ${tramo4.toFixed(2)}<\/td><\/tr>\n                    <tr><td colspan=\"2\"><strong>Total<\/strong><\/td><td><strong>USD ${total.toFixed(2)}<\/strong><\/td><\/tr>\n                        <td><strong>USD ${total.toFixed(2)}<\/strong><\/td><\/tr>\n                <\/table>\n            `;\n        }\n    <\/script>\n<\/body>\n<\/html>\n\t\t\t\t<\/div>\n\t\t\t\t<\/div>\n\t\t\t\t<div class=\"elementor-element elementor-element-9140ada elementor-widget elementor-widget-text-editor\" data-id=\"9140ada\" data-element_type=\"widget\" data-e-type=\"widget\" data-widget_type=\"text-editor.default\">\n\t\t\t\t<div class=\"elementor-widget-container\">\n\t\t\t\t\t\t\t\t\t<p>Utilice esta calculadora para bienes inmuebles que NO est\u00e1n sometidos a r\u00e9gimen de beneficio fiscal de Patrimonio Familiar Tributario o de Vivienda Principal.<\/p><p>Para inmuebles acogidos al beneficio fiscal de <strong>Patrimonio Familiar Tributario<\/strong> o <strong>Vivienda Principal<\/strong>, utilice la calculadora correspondiente, <a href=\"https:\/\/molinapanama.com\/es\/areas-de-practica\/bienes-raices\/calculadora-de-impuesto-de-inmueble-patrimonio-familiar-tributario\/\">pulse aqu\u00ed<\/a>.<\/p>\t\t\t\t\t\t\t\t<\/div>\n\t\t\t\t<\/div>\n\t\t\t\t\t<\/div>\n\t\t<\/div>\n\t\t\t\t\t<\/div>\n\t\t<\/section>\n\t\t\t\t<section class=\"elementor-section elementor-top-section elementor-element elementor-element-1c7c317 elementor-section-boxed elementor-section-height-default elementor-section-height-default\" data-id=\"1c7c317\" data-element_type=\"section\" data-e-type=\"section\">\n\t\t\t\t\t\t<div class=\"elementor-container elementor-column-gap-default\">\n\t\t\t\t\t<div class=\"elementor-column elementor-col-100 elementor-top-column elementor-element elementor-element-0762246\" data-id=\"0762246\" data-element_type=\"column\" data-e-type=\"column\">\n\t\t\t<div class=\"elementor-widget-wrap elementor-element-populated\">\n\t\t\t\t\t\t<div class=\"elementor-element elementor-element-c500f5e elementor-widget elementor-widget-text-editor\" data-id=\"c500f5e\" data-element_type=\"widget\" data-e-type=\"widget\" data-widget_type=\"text-editor.default\">\n\t\t\t\t<div class=\"elementor-widget-container\">\n\t\t\t\t\t\t\t\t\t<p><strong>Molina y Asociados<\/strong> pone a vuestra disposici\u00f3n de modo gratuito esta herramienta con fines informativos \u00fanicamente. Su uso no genera una relaci\u00f3n abogado-cliente y los resultados por ella arrojados no constituyen una opini\u00f3n legal. Consulte con nosotros o con su profesional de confianza para una asesor\u00eda personalizada.<\/p>\t\t\t\t\t\t\t\t<\/div>\n\t\t\t\t<\/div>\n\t\t\t\t<div class=\"elementor-element elementor-element-70e5db8 elementor-widget elementor-widget-wp-widget-text\" data-id=\"70e5db8\" data-element_type=\"widget\" data-e-type=\"widget\" data-widget_type=\"wp-widget-text.default\">\n\t\t\t\t<div class=\"elementor-widget-container\">\n\t\t\t\t\t\t\t\t<div class=\"textwidget\"><\/div>\n\t\t\t\t\t\t<\/div>\n\t\t\t\t<\/div>\n\t\t\t\t\t<\/div>\n\t\t<\/div>\n\t\t\t\t\t<\/div>\n\t\t<\/section>\n\t\t\t\t<\/div>\n\t\t","protected":false},"excerpt":{"rendered":"<p>Calculadora de Impuesto de Inmuebles Tabla Progresiva Combinada (Art. 766-A del C\u00f3digo Fiscal) Valor Catastral: Calcular Impuesto Utilice esta calculadora para bienes inmuebles que NO est\u00e1n sometidos a r\u00e9gimen de beneficio fiscal de Patrimonio Familiar Tributario o de Vivienda Principal. Para inmuebles acogidos al beneficio fiscal de Patrimonio Familiar Tributario o Vivienda Principal, utilice la [&hellip;]<\/p>\n","protected":false},"author":2,"featured_media":0,"parent":748,"menu_order":0,"comment_status":"closed","ping_status":"closed","template":"","meta":{"footnotes":""},"class_list":["post-1330","page","type-page","status-publish","hentry","entry"],"yoast_head":"<!-- This site is optimized with the Yoast SEO plugin v27.4 - https:\/\/yoast.com\/product\/yoast-seo-wordpress\/ -->\n<title>Calculadora de Impuesto de Inmueble - Tarifa Progresiva Combinada - Molina y Asociados - Abogados en Panam\u00e1.<\/title>\n<meta name=\"description\" content=\"Calcule el impuesto de inmuebles de su finca, casa, apartamento o local comercial con nuestra herramienta de c\u00e1lculo.\" \/>\n<meta name=\"robots\" content=\"index, follow, max-snippet:-1, max-image-preview:large, max-video-preview:-1\" \/>\n<link rel=\"canonical\" href=\"https:\/\/molinapanama.com\/es\/areas-de-practica\/bienes-raices\/calculadora-de-impuesto-de-inmueble-tarifa-progresiva-combinada\/\" \/>\n<meta property=\"og:locale\" content=\"es_ES\" \/>\n<meta property=\"og:type\" content=\"article\" \/>\n<meta property=\"og:title\" content=\"Calculadora de Impuesto de Inmueble - Tarifa Progresiva Combinada - Molina y Asociados - Abogados en Panam\u00e1.\" \/>\n<meta property=\"og:description\" content=\"Calcule el impuesto de inmuebles de su finca, casa, apartamento o local comercial con nuestra herramienta de c\u00e1lculo.\" \/>\n<meta property=\"og:url\" content=\"https:\/\/molinapanama.com\/es\/areas-de-practica\/bienes-raices\/calculadora-de-impuesto-de-inmueble-tarifa-progresiva-combinada\/\" \/>\n<meta property=\"og:site_name\" content=\"Molina y Asociados - Abogados en Panam\u00e1.\" \/>\n<meta property=\"article:modified_time\" content=\"2023-05-05T03:51:39+00:00\" \/>\n<meta name=\"twitter:card\" content=\"summary_large_image\" \/>\n<meta name=\"twitter:label1\" content=\"Tiempo de lectura\" \/>\n\t<meta name=\"twitter:data1\" content=\"2 minutos\" \/>\n<script type=\"application\/ld+json\" class=\"yoast-schema-graph\">{\"@context\":\"https:\\\/\\\/schema.org\",\"@graph\":[{\"@type\":\"WebPage\",\"@id\":\"https:\\\/\\\/molinapanama.com\\\/es\\\/areas-de-practica\\\/bienes-raices\\\/calculadora-de-impuesto-de-inmueble-tarifa-progresiva-combinada\\\/\",\"url\":\"https:\\\/\\\/molinapanama.com\\\/es\\\/areas-de-practica\\\/bienes-raices\\\/calculadora-de-impuesto-de-inmueble-tarifa-progresiva-combinada\\\/\",\"name\":\"Calculadora de Impuesto de Inmueble - Tarifa Progresiva Combinada - Molina y Asociados - Abogados en Panam\u00e1.\",\"isPartOf\":{\"@id\":\"https:\\\/\\\/molinapanama.com\\\/es\\\/#website\"},\"datePublished\":\"2023-03-29T20:58:24+00:00\",\"dateModified\":\"2023-05-05T03:51:39+00:00\",\"description\":\"Calcule el impuesto de inmuebles de su finca, casa, apartamento o local comercial con nuestra herramienta de c\u00e1lculo.\",\"breadcrumb\":{\"@id\":\"https:\\\/\\\/molinapanama.com\\\/es\\\/areas-de-practica\\\/bienes-raices\\\/calculadora-de-impuesto-de-inmueble-tarifa-progresiva-combinada\\\/#breadcrumb\"},\"inLanguage\":\"es\",\"potentialAction\":[{\"@type\":\"ReadAction\",\"target\":[\"https:\\\/\\\/molinapanama.com\\\/es\\\/areas-de-practica\\\/bienes-raices\\\/calculadora-de-impuesto-de-inmueble-tarifa-progresiva-combinada\\\/\"]}]},{\"@type\":\"BreadcrumbList\",\"@id\":\"https:\\\/\\\/molinapanama.com\\\/es\\\/areas-de-practica\\\/bienes-raices\\\/calculadora-de-impuesto-de-inmueble-tarifa-progresiva-combinada\\\/#breadcrumb\",\"itemListElement\":[{\"@type\":\"ListItem\",\"position\":1,\"name\":\"Portada\",\"item\":\"https:\\\/\\\/molinapanama.com\\\/es\\\/\"},{\"@type\":\"ListItem\",\"position\":2,\"name\":\"\u00c1reas de practica\",\"item\":\"https:\\\/\\\/molinapanama.com\\\/es\\\/areas-de-practica\\\/\"},{\"@type\":\"ListItem\",\"position\":3,\"name\":\"Bienes Ra\u00edces\",\"item\":\"https:\\\/\\\/molinapanama.com\\\/es\\\/areas-de-practica\\\/bienes-raices\\\/\"},{\"@type\":\"ListItem\",\"position\":4,\"name\":\"Calculadora de Impuesto de Inmueble &#8211; Tarifa Progresiva Combinada\"}]},{\"@type\":\"WebSite\",\"@id\":\"https:\\\/\\\/molinapanama.com\\\/es\\\/#website\",\"url\":\"https:\\\/\\\/molinapanama.com\\\/es\\\/\",\"name\":\"Molina y Asociados - Abogados en Panam\u00e1.\",\"description\":\"\",\"publisher\":{\"@id\":\"https:\\\/\\\/molinapanama.com\\\/es\\\/#organization\"},\"potentialAction\":[{\"@type\":\"SearchAction\",\"target\":{\"@type\":\"EntryPoint\",\"urlTemplate\":\"https:\\\/\\\/molinapanama.com\\\/es\\\/?s={search_term_string}\"},\"query-input\":{\"@type\":\"PropertyValueSpecification\",\"valueRequired\":true,\"valueName\":\"search_term_string\"}}],\"inLanguage\":\"es\"},{\"@type\":\"Organization\",\"@id\":\"https:\\\/\\\/molinapanama.com\\\/es\\\/#organization\",\"name\":\"Molina y Asociados - Abogados en Panam\u00e1.\",\"url\":\"https:\\\/\\\/molinapanama.com\\\/es\\\/\",\"logo\":{\"@type\":\"ImageObject\",\"inLanguage\":\"es\",\"@id\":\"https:\\\/\\\/molinapanama.com\\\/es\\\/#\\\/schema\\\/logo\\\/image\\\/\",\"url\":\"https:\\\/\\\/molinapanama.com\\\/es\\\/wp-content\\\/uploads\\\/2022\\\/12\\\/logo-molina-y-asociados.png\",\"contentUrl\":\"https:\\\/\\\/molinapanama.com\\\/es\\\/wp-content\\\/uploads\\\/2022\\\/12\\\/logo-molina-y-asociados.png\",\"width\":467,\"height\":101,\"caption\":\"Molina y Asociados - Abogados en Panam\u00e1.\"},\"image\":{\"@id\":\"https:\\\/\\\/molinapanama.com\\\/es\\\/#\\\/schema\\\/logo\\\/image\\\/\"}}]}<\/script>\n<!-- \/ Yoast SEO plugin. -->","yoast_head_json":{"title":"Calculadora de Impuesto de Inmueble - Tarifa Progresiva Combinada - Molina y Asociados - Abogados en Panam\u00e1.","description":"Calcule el impuesto de inmuebles de su finca, casa, apartamento o local comercial con nuestra herramienta de c\u00e1lculo.","robots":{"index":"index","follow":"follow","max-snippet":"max-snippet:-1","max-image-preview":"max-image-preview:large","max-video-preview":"max-video-preview:-1"},"canonical":"https:\/\/molinapanama.com\/es\/areas-de-practica\/bienes-raices\/calculadora-de-impuesto-de-inmueble-tarifa-progresiva-combinada\/","og_locale":"es_ES","og_type":"article","og_title":"Calculadora de Impuesto de Inmueble - Tarifa Progresiva Combinada - Molina y Asociados - Abogados en Panam\u00e1.","og_description":"Calcule el impuesto de inmuebles de su finca, casa, apartamento o local comercial con nuestra herramienta de c\u00e1lculo.","og_url":"https:\/\/molinapanama.com\/es\/areas-de-practica\/bienes-raices\/calculadora-de-impuesto-de-inmueble-tarifa-progresiva-combinada\/","og_site_name":"Molina y Asociados - Abogados en Panam\u00e1.","article_modified_time":"2023-05-05T03:51:39+00:00","twitter_card":"summary_large_image","twitter_misc":{"Tiempo de lectura":"2 minutos"},"schema":{"@context":"https:\/\/schema.org","@graph":[{"@type":"WebPage","@id":"https:\/\/molinapanama.com\/es\/areas-de-practica\/bienes-raices\/calculadora-de-impuesto-de-inmueble-tarifa-progresiva-combinada\/","url":"https:\/\/molinapanama.com\/es\/areas-de-practica\/bienes-raices\/calculadora-de-impuesto-de-inmueble-tarifa-progresiva-combinada\/","name":"Calculadora de Impuesto de Inmueble - Tarifa Progresiva Combinada - Molina y Asociados - Abogados en Panam\u00e1.","isPartOf":{"@id":"https:\/\/molinapanama.com\/es\/#website"},"datePublished":"2023-03-29T20:58:24+00:00","dateModified":"2023-05-05T03:51:39+00:00","description":"Calcule el impuesto de inmuebles de su finca, casa, apartamento o local comercial con nuestra herramienta de c\u00e1lculo.","breadcrumb":{"@id":"https:\/\/molinapanama.com\/es\/areas-de-practica\/bienes-raices\/calculadora-de-impuesto-de-inmueble-tarifa-progresiva-combinada\/#breadcrumb"},"inLanguage":"es","potentialAction":[{"@type":"ReadAction","target":["https:\/\/molinapanama.com\/es\/areas-de-practica\/bienes-raices\/calculadora-de-impuesto-de-inmueble-tarifa-progresiva-combinada\/"]}]},{"@type":"BreadcrumbList","@id":"https:\/\/molinapanama.com\/es\/areas-de-practica\/bienes-raices\/calculadora-de-impuesto-de-inmueble-tarifa-progresiva-combinada\/#breadcrumb","itemListElement":[{"@type":"ListItem","position":1,"name":"Portada","item":"https:\/\/molinapanama.com\/es\/"},{"@type":"ListItem","position":2,"name":"\u00c1reas de practica","item":"https:\/\/molinapanama.com\/es\/areas-de-practica\/"},{"@type":"ListItem","position":3,"name":"Bienes Ra\u00edces","item":"https:\/\/molinapanama.com\/es\/areas-de-practica\/bienes-raices\/"},{"@type":"ListItem","position":4,"name":"Calculadora de Impuesto de Inmueble &#8211; Tarifa Progresiva Combinada"}]},{"@type":"WebSite","@id":"https:\/\/molinapanama.com\/es\/#website","url":"https:\/\/molinapanama.com\/es\/","name":"Molina y Asociados - Abogados en Panam\u00e1.","description":"","publisher":{"@id":"https:\/\/molinapanama.com\/es\/#organization"},"potentialAction":[{"@type":"SearchAction","target":{"@type":"EntryPoint","urlTemplate":"https:\/\/molinapanama.com\/es\/?s={search_term_string}"},"query-input":{"@type":"PropertyValueSpecification","valueRequired":true,"valueName":"search_term_string"}}],"inLanguage":"es"},{"@type":"Organization","@id":"https:\/\/molinapanama.com\/es\/#organization","name":"Molina y Asociados - Abogados en Panam\u00e1.","url":"https:\/\/molinapanama.com\/es\/","logo":{"@type":"ImageObject","inLanguage":"es","@id":"https:\/\/molinapanama.com\/es\/#\/schema\/logo\/image\/","url":"https:\/\/molinapanama.com\/es\/wp-content\/uploads\/2022\/12\/logo-molina-y-asociados.png","contentUrl":"https:\/\/molinapanama.com\/es\/wp-content\/uploads\/2022\/12\/logo-molina-y-asociados.png","width":467,"height":101,"caption":"Molina y Asociados - Abogados en Panam\u00e1."},"image":{"@id":"https:\/\/molinapanama.com\/es\/#\/schema\/logo\/image\/"}}]}},"_links":{"self":[{"href":"https:\/\/molinapanama.com\/es\/wp-json\/wp\/v2\/pages\/1330","targetHints":{"allow":["GET"]}}],"collection":[{"href":"https:\/\/molinapanama.com\/es\/wp-json\/wp\/v2\/pages"}],"about":[{"href":"https:\/\/molinapanama.com\/es\/wp-json\/wp\/v2\/types\/page"}],"author":[{"embeddable":true,"href":"https:\/\/molinapanama.com\/es\/wp-json\/wp\/v2\/users\/2"}],"replies":[{"embeddable":true,"href":"https:\/\/molinapanama.com\/es\/wp-json\/wp\/v2\/comments?post=1330"}],"version-history":[{"count":60,"href":"https:\/\/molinapanama.com\/es\/wp-json\/wp\/v2\/pages\/1330\/revisions"}],"predecessor-version":[{"id":1472,"href":"https:\/\/molinapanama.com\/es\/wp-json\/wp\/v2\/pages\/1330\/revisions\/1472"}],"up":[{"embeddable":true,"href":"https:\/\/molinapanama.com\/es\/wp-json\/wp\/v2\/pages\/748"}],"wp:attachment":[{"href":"https:\/\/molinapanama.com\/es\/wp-json\/wp\/v2\/media?parent=1330"}],"curies":[{"name":"wp","href":"https:\/\/api.w.org\/{rel}","templated":true}]}}