{"id":124,"date":"2022-12-19T21:43:28","date_gmt":"2022-12-19T21:43:28","guid":{"rendered":"https:\/\/molinapanama.com\/demoes\/?page_id=124"},"modified":"2023-11-04T00:00:35","modified_gmt":"2023-11-04T00:00:35","slug":"contratos","status":"publish","type":"page","link":"https:\/\/molinapanama.com\/es\/areas-de-practica\/contratos\/","title":{"rendered":"Contratos"},"content":{"rendered":"\t\t<div data-elementor-type=\"wp-page\" data-elementor-id=\"124\" class=\"elementor elementor-124\" data-elementor-post-type=\"page\">\n\t\t\t\t\t\t<section class=\"elementor-section elementor-top-section elementor-element elementor-element-89c5a19 elementor-section-boxed elementor-section-height-default elementor-section-height-default\" data-id=\"89c5a19\" data-element_type=\"section\" data-e-type=\"section\">\n\t\t\t\t\t\t<div class=\"elementor-container elementor-column-gap-default\">\n\t\t\t\t\t<div class=\"elementor-column elementor-col-100 elementor-top-column elementor-element elementor-element-38d701f\" data-id=\"38d701f\" data-element_type=\"column\" data-e-type=\"column\">\n\t\t\t<div class=\"elementor-widget-wrap elementor-element-populated\">\n\t\t\t\t\t\t<div class=\"elementor-element elementor-element-2f9316d elementor-widget elementor-widget-heading\" data-id=\"2f9316d\" data-element_type=\"widget\" data-e-type=\"widget\" data-widget_type=\"heading.default\">\n\t\t\t\t<div class=\"elementor-widget-container\">\n\t\t\t\t\t<h1 class=\"elementor-heading-title elementor-size-default\">Contratos<\/h1>\t\t\t\t<\/div>\n\t\t\t\t<\/div>\n\t\t\t\t\t<\/div>\n\t\t<\/div>\n\t\t\t\t\t<\/div>\n\t\t<\/section>\n\t\t\t\t<section class=\"elementor-section elementor-top-section elementor-element elementor-element-83e4234 elementor-section-boxed elementor-section-height-default elementor-section-height-default\" data-id=\"83e4234\" data-element_type=\"section\" data-e-type=\"section\">\n\t\t\t\t\t\t<div class=\"elementor-container elementor-column-gap-default\">\n\t\t\t\t\t<div class=\"elementor-column elementor-col-100 elementor-top-column elementor-element elementor-element-67558dc\" data-id=\"67558dc\" data-element_type=\"column\" data-e-type=\"column\">\n\t\t\t<div class=\"elementor-widget-wrap elementor-element-populated\">\n\t\t\t\t\t\t<div class=\"elementor-element elementor-element-2de66b9 elementor-widget elementor-widget-text-editor\" data-id=\"2de66b9\" data-element_type=\"widget\" data-e-type=\"widget\" data-widget_type=\"text-editor.default\">\n\t\t\t\t<div class=\"elementor-widget-container\">\n\t\t\t\t\t\t\t\t\t<p><strong>Contratos civiles y comerciales<\/strong><\/p>\n<p>El contrato es la principal fuente de derecho en toda relaci\u00f3n comercial o industrial. El contrato tiene como principal funci\u00f3n la delimitaci\u00f3n de riesgos, es decir, qu\u00e9 riesgos asume cada parte en la relaci\u00f3n comercial. Con mucha frecuencia, los conflictos legales con proveedores, distribuidores o clientes surgen a partir de un contrato poco claro, con cl\u00e1usulas ambiguas y aspectos no definidos en el documento contractual. La redacci\u00f3n de un contrato para una persona o empresa debe tomar en cuenta de modo integral su estrategia empresarial, pol\u00edtica de ventas y de administraci\u00f3n de riesgos, para que el contrato responda a las necesidades y objetivos espec\u00edficos del cliente, a la vez que se concilian con los objetivos de la otra parte en la relaci\u00f3n.<\/p>\n<p>Nosotros le asesoramos en sus relaciones contractuales con miras a facilitarle el logro de sus objetivos, para que vuestra empresa pueda administrar debidamente los riesgos inherentes a la actividad u operaci\u00f3n.<\/p>\t\t\t\t\t\t\t\t<\/div>\n\t\t\t\t<\/div>\n\t\t\t\t\t<\/div>\n\t\t<\/div>\n\t\t\t\t\t<\/div>\n\t\t<\/section>\n\t\t\t\t<section class=\"elementor-section elementor-top-section elementor-element elementor-element-959bb9c elementor-section-boxed elementor-section-height-default elementor-section-height-default\" data-id=\"959bb9c\" data-element_type=\"section\" data-e-type=\"section\">\n\t\t\t\t\t\t<div class=\"elementor-container elementor-column-gap-default\">\n\t\t\t\t\t<div class=\"elementor-column elementor-col-100 elementor-top-column elementor-element elementor-element-62e77b9\" data-id=\"62e77b9\" data-element_type=\"column\" data-e-type=\"column\">\n\t\t\t<div class=\"elementor-widget-wrap elementor-element-populated\">\n\t\t\t\t\t\t<div class=\"elementor-element elementor-element-25831e7 elementor-widget elementor-widget-image\" data-id=\"25831e7\" data-element_type=\"widget\" data-e-type=\"widget\" data-widget_type=\"image.default\">\n\t\t\t\t<div class=\"elementor-widget-container\">\n\t\t\t\t\t\t\t\t\t\t\t\t\t\t\t<img fetchpriority=\"high\" decoding=\"async\" width=\"1024\" height=\"1024\" src=\"https:\/\/molinapanama.com\/es\/wp-content\/uploads\/2023\/11\/DALL\u00b7E-2023-11-03-18.59.38-Conceptual-image-illustrating-Contractual-Advisory.-Picture-a-sophisticated-office-setting-with-a-polished-wooden-table-at-the-center.-On-the-table.png\" class=\"attachment-large size-large wp-image-1514\" alt=\"\" srcset=\"https:\/\/molinapanama.com\/es\/wp-content\/uploads\/2023\/11\/DALL\u00b7E-2023-11-03-18.59.38-Conceptual-image-illustrating-Contractual-Advisory.-Picture-a-sophisticated-office-setting-with-a-polished-wooden-table-at-the-center.-On-the-table.png 1024w, https:\/\/molinapanama.com\/es\/wp-content\/uploads\/2023\/11\/DALL\u00b7E-2023-11-03-18.59.38-Conceptual-image-illustrating-Contractual-Advisory.-Picture-a-sophisticated-office-setting-with-a-polished-wooden-table-at-the-center.-On-the-table-300x300.png 300w, https:\/\/molinapanama.com\/es\/wp-content\/uploads\/2023\/11\/DALL\u00b7E-2023-11-03-18.59.38-Conceptual-image-illustrating-Contractual-Advisory.-Picture-a-sophisticated-office-setting-with-a-polished-wooden-table-at-the-center.-On-the-table-150x150.png 150w, https:\/\/molinapanama.com\/es\/wp-content\/uploads\/2023\/11\/DALL\u00b7E-2023-11-03-18.59.38-Conceptual-image-illustrating-Contractual-Advisory.-Picture-a-sophisticated-office-setting-with-a-polished-wooden-table-at-the-center.-On-the-table-768x768.png 768w, https:\/\/molinapanama.com\/es\/wp-content\/uploads\/2023\/11\/DALL\u00b7E-2023-11-03-18.59.38-Conceptual-image-illustrating-Contractual-Advisory.-Picture-a-sophisticated-office-setting-with-a-polished-wooden-table-at-the-center.-On-the-table-600x600.png 600w\" sizes=\"(max-width: 1024px) 100vw, 1024px\" \/>\t\t\t\t\t\t\t\t\t\t\t\t\t\t\t<\/div>\n\t\t\t\t<\/div>\n\t\t\t\t\t<\/div>\n\t\t<\/div>\n\t\t\t\t\t<\/div>\n\t\t<\/section>\n\t\t\t\t<\/div>\n\t\t","protected":false},"excerpt":{"rendered":"<p>Contratos Contratos civiles y comerciales El contrato es la principal fuente de derecho en toda relaci\u00f3n comercial o industrial. El contrato tiene como principal funci\u00f3n la delimitaci\u00f3n de riesgos, es decir, qu\u00e9 riesgos asume cada parte en la relaci\u00f3n comercial. Con mucha frecuencia, los conflictos legales con proveedores, distribuidores o clientes surgen a partir de [&hellip;]<\/p>\n","protected":false},"author":1,"featured_media":0,"parent":81,"menu_order":0,"comment_status":"closed","ping_status":"closed","template":"","meta":{"footnotes":""},"class_list":["post-124","page","type-page","status-publish","hentry","entry"],"yoast_head":"<!-- This site is optimized with the Yoast SEO plugin v27.4 - https:\/\/yoast.com\/product\/yoast-seo-wordpress\/ -->\n<title>Abogados en contratos civiles en Panam\u00e1<\/title>\n<meta name=\"description\" content=\"Nosotros le asesoramos en sus relaciones contractuales en Panam\u00e1, asesoria legal en contratos civiles y comerciales. Molina y Asociados\" \/>\n<meta name=\"robots\" content=\"index, follow, max-snippet:-1, max-image-preview:large, max-video-preview:-1\" \/>\n<link rel=\"canonical\" href=\"https:\/\/molinapanama.com\/es\/areas-de-practica\/contratos\/\" \/>\n<meta property=\"og:locale\" content=\"es_ES\" \/>\n<meta property=\"og:type\" content=\"article\" \/>\n<meta property=\"og:title\" content=\"Abogados en contratos civiles en Panam\u00e1\" \/>\n<meta property=\"og:description\" content=\"Nosotros le asesoramos en sus relaciones contractuales en Panam\u00e1, asesoria legal en contratos civiles y comerciales. Molina y Asociados\" \/>\n<meta property=\"og:url\" content=\"https:\/\/molinapanama.com\/es\/areas-de-practica\/contratos\/\" \/>\n<meta property=\"og:site_name\" content=\"Molina y Asociados - Abogados en Panam\u00e1.\" \/>\n<meta property=\"article:modified_time\" content=\"2023-11-04T00:00:35+00:00\" \/>\n<meta name=\"twitter:card\" content=\"summary_large_image\" \/>\n<meta name=\"twitter:label1\" content=\"Tiempo de lectura\" \/>\n\t<meta name=\"twitter:data1\" content=\"1 minuto\" \/>\n<script type=\"application\/ld+json\" class=\"yoast-schema-graph\">{\"@context\":\"https:\\\/\\\/schema.org\",\"@graph\":[{\"@type\":\"WebPage\",\"@id\":\"https:\\\/\\\/molinapanama.com\\\/es\\\/areas-de-practica\\\/contratos\\\/\",\"url\":\"https:\\\/\\\/molinapanama.com\\\/es\\\/areas-de-practica\\\/contratos\\\/\",\"name\":\"Abogados en contratos civiles en Panam\u00e1\",\"isPartOf\":{\"@id\":\"https:\\\/\\\/molinapanama.com\\\/es\\\/#website\"},\"datePublished\":\"2022-12-19T21:43:28+00:00\",\"dateModified\":\"2023-11-04T00:00:35+00:00\",\"description\":\"Nosotros le asesoramos en sus relaciones contractuales en Panam\u00e1, asesoria legal en contratos civiles y comerciales. Molina y Asociados\",\"breadcrumb\":{\"@id\":\"https:\\\/\\\/molinapanama.com\\\/es\\\/areas-de-practica\\\/contratos\\\/#breadcrumb\"},\"inLanguage\":\"es\",\"potentialAction\":[{\"@type\":\"ReadAction\",\"target\":[\"https:\\\/\\\/molinapanama.com\\\/es\\\/areas-de-practica\\\/contratos\\\/\"]}]},{\"@type\":\"BreadcrumbList\",\"@id\":\"https:\\\/\\\/molinapanama.com\\\/es\\\/areas-de-practica\\\/contratos\\\/#breadcrumb\",\"itemListElement\":[{\"@type\":\"ListItem\",\"position\":1,\"name\":\"Portada\",\"item\":\"https:\\\/\\\/molinapanama.com\\\/es\\\/\"},{\"@type\":\"ListItem\",\"position\":2,\"name\":\"\u00c1reas de practica\",\"item\":\"https:\\\/\\\/molinapanama.com\\\/es\\\/areas-de-practica\\\/\"},{\"@type\":\"ListItem\",\"position\":3,\"name\":\"Contratos\"}]},{\"@type\":\"WebSite\",\"@id\":\"https:\\\/\\\/molinapanama.com\\\/es\\\/#website\",\"url\":\"https:\\\/\\\/molinapanama.com\\\/es\\\/\",\"name\":\"Molina y Asociados - Abogados en Panam\u00e1.\",\"description\":\"\",\"publisher\":{\"@id\":\"https:\\\/\\\/molinapanama.com\\\/es\\\/#organization\"},\"potentialAction\":[{\"@type\":\"SearchAction\",\"target\":{\"@type\":\"EntryPoint\",\"urlTemplate\":\"https:\\\/\\\/molinapanama.com\\\/es\\\/?s={search_term_string}\"},\"query-input\":{\"@type\":\"PropertyValueSpecification\",\"valueRequired\":true,\"valueName\":\"search_term_string\"}}],\"inLanguage\":\"es\"},{\"@type\":\"Organization\",\"@id\":\"https:\\\/\\\/molinapanama.com\\\/es\\\/#organization\",\"name\":\"Molina y Asociados - Abogados en Panam\u00e1.\",\"url\":\"https:\\\/\\\/molinapanama.com\\\/es\\\/\",\"logo\":{\"@type\":\"ImageObject\",\"inLanguage\":\"es\",\"@id\":\"https:\\\/\\\/molinapanama.com\\\/es\\\/#\\\/schema\\\/logo\\\/image\\\/\",\"url\":\"https:\\\/\\\/molinapanama.com\\\/es\\\/wp-content\\\/uploads\\\/2022\\\/12\\\/logo-molina-y-asociados.png\",\"contentUrl\":\"https:\\\/\\\/molinapanama.com\\\/es\\\/wp-content\\\/uploads\\\/2022\\\/12\\\/logo-molina-y-asociados.png\",\"width\":467,\"height\":101,\"caption\":\"Molina y Asociados - Abogados en Panam\u00e1.\"},\"image\":{\"@id\":\"https:\\\/\\\/molinapanama.com\\\/es\\\/#\\\/schema\\\/logo\\\/image\\\/\"}}]}<\/script>\n<!-- \/ Yoast SEO plugin. -->","yoast_head_json":{"title":"Abogados en contratos civiles en Panam\u00e1","description":"Nosotros le asesoramos en sus relaciones contractuales en Panam\u00e1, asesoria legal en contratos civiles y comerciales. Molina y Asociados","robots":{"index":"index","follow":"follow","max-snippet":"max-snippet:-1","max-image-preview":"max-image-preview:large","max-video-preview":"max-video-preview:-1"},"canonical":"https:\/\/molinapanama.com\/es\/areas-de-practica\/contratos\/","og_locale":"es_ES","og_type":"article","og_title":"Abogados en contratos civiles en Panam\u00e1","og_description":"Nosotros le asesoramos en sus relaciones contractuales en Panam\u00e1, asesoria legal en contratos civiles y comerciales. Molina y Asociados","og_url":"https:\/\/molinapanama.com\/es\/areas-de-practica\/contratos\/","og_site_name":"Molina y Asociados - Abogados en Panam\u00e1.","article_modified_time":"2023-11-04T00:00:35+00:00","twitter_card":"summary_large_image","twitter_misc":{"Tiempo de lectura":"1 minuto"},"schema":{"@context":"https:\/\/schema.org","@graph":[{"@type":"WebPage","@id":"https:\/\/molinapanama.com\/es\/areas-de-practica\/contratos\/","url":"https:\/\/molinapanama.com\/es\/areas-de-practica\/contratos\/","name":"Abogados en contratos civiles en Panam\u00e1","isPartOf":{"@id":"https:\/\/molinapanama.com\/es\/#website"},"datePublished":"2022-12-19T21:43:28+00:00","dateModified":"2023-11-04T00:00:35+00:00","description":"Nosotros le asesoramos en sus relaciones contractuales en Panam\u00e1, asesoria legal en contratos civiles y comerciales. Molina y Asociados","breadcrumb":{"@id":"https:\/\/molinapanama.com\/es\/areas-de-practica\/contratos\/#breadcrumb"},"inLanguage":"es","potentialAction":[{"@type":"ReadAction","target":["https:\/\/molinapanama.com\/es\/areas-de-practica\/contratos\/"]}]},{"@type":"BreadcrumbList","@id":"https:\/\/molinapanama.com\/es\/areas-de-practica\/contratos\/#breadcrumb","itemListElement":[{"@type":"ListItem","position":1,"name":"Portada","item":"https:\/\/molinapanama.com\/es\/"},{"@type":"ListItem","position":2,"name":"\u00c1reas de practica","item":"https:\/\/molinapanama.com\/es\/areas-de-practica\/"},{"@type":"ListItem","position":3,"name":"Contratos"}]},{"@type":"WebSite","@id":"https:\/\/molinapanama.com\/es\/#website","url":"https:\/\/molinapanama.com\/es\/","name":"Molina y Asociados - Abogados en Panam\u00e1.","description":"","publisher":{"@id":"https:\/\/molinapanama.com\/es\/#organization"},"potentialAction":[{"@type":"SearchAction","target":{"@type":"EntryPoint","urlTemplate":"https:\/\/molinapanama.com\/es\/?s={search_term_string}"},"query-input":{"@type":"PropertyValueSpecification","valueRequired":true,"valueName":"search_term_string"}}],"inLanguage":"es"},{"@type":"Organization","@id":"https:\/\/molinapanama.com\/es\/#organization","name":"Molina y Asociados - Abogados en Panam\u00e1.","url":"https:\/\/molinapanama.com\/es\/","logo":{"@type":"ImageObject","inLanguage":"es","@id":"https:\/\/molinapanama.com\/es\/#\/schema\/logo\/image\/","url":"https:\/\/molinapanama.com\/es\/wp-content\/uploads\/2022\/12\/logo-molina-y-asociados.png","contentUrl":"https:\/\/molinapanama.com\/es\/wp-content\/uploads\/2022\/12\/logo-molina-y-asociados.png","width":467,"height":101,"caption":"Molina y Asociados - Abogados en Panam\u00e1."},"image":{"@id":"https:\/\/molinapanama.com\/es\/#\/schema\/logo\/image\/"}}]}},"_links":{"self":[{"href":"https:\/\/molinapanama.com\/es\/wp-json\/wp\/v2\/pages\/124","targetHints":{"allow":["GET"]}}],"collection":[{"href":"https:\/\/molinapanama.com\/es\/wp-json\/wp\/v2\/pages"}],"about":[{"href":"https:\/\/molinapanama.com\/es\/wp-json\/wp\/v2\/types\/page"}],"author":[{"embeddable":true,"href":"https:\/\/molinapanama.com\/es\/wp-json\/wp\/v2\/users\/1"}],"replies":[{"embeddable":true,"href":"https:\/\/molinapanama.com\/es\/wp-json\/wp\/v2\/comments?post=124"}],"version-history":[{"count":14,"href":"https:\/\/molinapanama.com\/es\/wp-json\/wp\/v2\/pages\/124\/revisions"}],"predecessor-version":[{"id":1517,"href":"https:\/\/molinapanama.com\/es\/wp-json\/wp\/v2\/pages\/124\/revisions\/1517"}],"up":[{"embeddable":true,"href":"https:\/\/molinapanama.com\/es\/wp-json\/wp\/v2\/pages\/81"}],"wp:attachment":[{"href":"https:\/\/molinapanama.com\/es\/wp-json\/wp\/v2\/media?parent=124"}],"curies":[{"name":"wp","href":"https:\/\/api.w.org\/{rel}","templated":true}]}}