{"id":338,"date":"2022-12-20T16:53:44","date_gmt":"2022-12-20T16:53:44","guid":{"rendered":"https:\/\/molinapanama.com\/demoes\/?page_id=338"},"modified":"2023-01-05T14:24:10","modified_gmt":"2023-01-05T14:24:10","slug":"about-us","status":"publish","type":"page","link":"https:\/\/molinapanama.com\/en\/about-us\/","title":{"rendered":"About Us"},"content":{"rendered":"\t\t<div data-elementor-type=\"wp-page\" data-elementor-id=\"338\" class=\"elementor elementor-338\" data-elementor-post-type=\"page\">\n\t\t\t\t\t\t<section class=\"elementor-section elementor-top-section elementor-element elementor-element-764864f elementor-section-height-min-height elementor-section-boxed elementor-section-height-default elementor-section-items-middle\" data-id=\"764864f\" data-element_type=\"section\">\n\t\t\t\t\t\t\t<div class=\"elementor-background-overlay\"><\/div>\n\t\t\t\t\t\t\t<div class=\"elementor-container elementor-column-gap-default\">\n\t\t\t\t\t<div class=\"elementor-column elementor-col-100 elementor-top-column elementor-element elementor-element-df48602\" data-id=\"df48602\" data-element_type=\"column\">\n\t\t\t<div class=\"elementor-widget-wrap elementor-element-populated\">\n\t\t\t\t\t\t<section class=\"elementor-section elementor-inner-section elementor-element elementor-element-74b30ff elementor-section-boxed elementor-section-height-default elementor-section-height-default\" data-id=\"74b30ff\" data-element_type=\"section\">\n\t\t\t\t\t\t<div class=\"elementor-container elementor-column-gap-default\">\n\t\t\t\t\t<div class=\"elementor-column elementor-col-100 elementor-inner-column elementor-element elementor-element-c649022\" data-id=\"c649022\" data-element_type=\"column\">\n\t\t\t<div class=\"elementor-widget-wrap elementor-element-populated\">\n\t\t\t\t\t\t<div class=\"elementor-element elementor-element-67197f4 elementor-widget elementor-widget-heading\" data-id=\"67197f4\" data-element_type=\"widget\" data-widget_type=\"heading.default\">\n\t\t\t\t<div class=\"elementor-widget-container\">\n\t\t\t\t\t<h2 class=\"elementor-heading-title elementor-size-default\">About Us<\/h2>\t\t\t\t<\/div>\n\t\t\t\t<\/div>\n\t\t\t\t\t<\/div>\n\t\t<\/div>\n\t\t\t\t\t<\/div>\n\t\t<\/section>\n\t\t\t\t<section class=\"elementor-section elementor-inner-section elementor-element elementor-element-333e038 elementor-section-boxed elementor-section-height-default elementor-section-height-default\" data-id=\"333e038\" data-element_type=\"section\">\n\t\t\t\t\t\t<div class=\"elementor-container elementor-column-gap-default\">\n\t\t\t\t\t<div class=\"elementor-column elementor-col-50 elementor-inner-column elementor-element elementor-element-29c2f26\" data-id=\"29c2f26\" data-element_type=\"column\">\n\t\t\t<div class=\"elementor-widget-wrap elementor-element-populated\">\n\t\t\t\t\t\t<div class=\"elementor-element elementor-element-9414612 elementor-widget elementor-widget-icon-box\" data-id=\"9414612\" data-element_type=\"widget\" data-widget_type=\"icon-box.default\">\n\t\t\t\t<div class=\"elementor-widget-container\">\n\t\t\t\t\t\t\t<div class=\"elementor-icon-box-wrapper\">\n\n\t\t\t\n\t\t\t\t\t\t<div class=\"elementor-icon-box-content\">\n\n\t\t\t\t\t\t\t\t\t<h5 class=\"elementor-icon-box-title\">\n\t\t\t\t\t\t<a href=\"https:\/\/molinapanama.com\/demoes\/\" >\n\t\t\t\t\t\t\tHome\t\t\t\t\t\t<\/a>\n\t\t\t\t\t<\/h5>\n\t\t\t\t\n\t\t\t\t\n\t\t\t<\/div>\n\t\t\t\n\t\t<\/div>\n\t\t\t\t\t\t<\/div>\n\t\t\t\t<\/div>\n\t\t\t\t\t<\/div>\n\t\t<\/div>\n\t\t\t\t<div class=\"elementor-column elementor-col-50 elementor-inner-column elementor-element elementor-element-bf6d356\" data-id=\"bf6d356\" data-element_type=\"column\">\n\t\t\t<div class=\"elementor-widget-wrap elementor-element-populated\">\n\t\t\t\t\t\t<div class=\"elementor-element elementor-element-dde5159 elementor-widget elementor-widget-icon-box\" data-id=\"dde5159\" data-element_type=\"widget\" data-widget_type=\"icon-box.default\">\n\t\t\t\t<div class=\"elementor-widget-container\">\n\t\t\t\t\t\t\t<div class=\"elementor-icon-box-wrapper\">\n\n\t\t\t\n\t\t\t\t\t\t<div class=\"elementor-icon-box-content\">\n\n\t\t\t\t\t\t\t\t\t<h5 class=\"elementor-icon-box-title\">\n\t\t\t\t\t\t<span  >\n\t\t\t\t\t\t\t&gt;&gt; About Us\t\t\t\t\t\t<\/span>\n\t\t\t\t\t<\/h5>\n\t\t\t\t\n\t\t\t\t\n\t\t\t<\/div>\n\t\t\t\n\t\t<\/div>\n\t\t\t\t\t\t<\/div>\n\t\t\t\t<\/div>\n\t\t\t\t\t<\/div>\n\t\t<\/div>\n\t\t\t\t\t<\/div>\n\t\t<\/section>\n\t\t\t\t\t<\/div>\n\t\t<\/div>\n\t\t\t\t\t<\/div>\n\t\t<\/section>\n\t\t\t\t<section class=\"elementor-section elementor-top-section elementor-element elementor-element-fad39df elementor-section-boxed elementor-section-height-default elementor-section-height-default\" data-id=\"fad39df\" data-element_type=\"section\">\n\t\t\t\t\t\t<div class=\"elementor-container elementor-column-gap-default\">\n\t\t\t\t\t<div class=\"elementor-column elementor-col-50 elementor-top-column elementor-element elementor-element-80d92d7\" data-id=\"80d92d7\" data-element_type=\"column\">\n\t\t\t<div class=\"elementor-widget-wrap elementor-element-populated\">\n\t\t\t\t\t\t<div class=\"elementor-element elementor-element-e3a590d elementor-invisible elementor-widget elementor-widget-image\" data-id=\"e3a590d\" data-element_type=\"widget\" data-settings=\"{&quot;_animation&quot;:&quot;fadeInLeft&quot;}\" data-widget_type=\"image.default\">\n\t\t\t\t<div class=\"elementor-widget-container\">\n\t\t\t\t\t\t\t\t\t\t\t\t\t\t\t<img fetchpriority=\"high\" decoding=\"async\" width=\"1024\" height=\"683\" src=\"https:\/\/molinapanama.com\/en\/wp-content\/uploads\/2022\/12\/pic2.jpg\" class=\"attachment-large size-large wp-image-163\" alt=\"\" srcset=\"https:\/\/molinapanama.com\/en\/wp-content\/uploads\/2022\/12\/pic2.jpg 1024w, https:\/\/molinapanama.com\/en\/wp-content\/uploads\/2022\/12\/pic2-300x200.jpg 300w, https:\/\/molinapanama.com\/en\/wp-content\/uploads\/2022\/12\/pic2-768x512.jpg 768w\" sizes=\"(max-width: 1024px) 100vw, 1024px\" \/>\t\t\t\t\t\t\t\t\t\t\t\t\t\t\t<\/div>\n\t\t\t\t<\/div>\n\t\t\t\t\t<\/div>\n\t\t<\/div>\n\t\t\t\t<div class=\"elementor-column elementor-col-50 elementor-top-column elementor-element elementor-element-4153f93\" data-id=\"4153f93\" data-element_type=\"column\">\n\t\t\t<div class=\"elementor-widget-wrap elementor-element-populated\">\n\t\t\t\t\t\t<div class=\"elementor-element elementor-element-f4515a9 elementor-invisible elementor-widget elementor-widget-text-editor\" data-id=\"f4515a9\" data-element_type=\"widget\" data-settings=\"{&quot;_animation&quot;:&quot;fadeInRight&quot;}\" data-widget_type=\"text-editor.default\">\n\t\t\t\t<div class=\"elementor-widget-container\">\n\t\t\t\t\t\t\t\t\t<p align=\"JUSTIFY\"><strong>Jaime Ra\u00fal Molina<\/strong>\u00a0has a Bachelor of Law and Political Science from the University of Panama (1998), and a Master of Laws (LL.M.) from University of Bristol, England (2000).\u00a0 Mr. Molina has held positions in both the private and public sectors.\u00a0 He has practiced law since 1998.\u00a0 From 2000 through 2004, he the Fiduciary Officer at the Panama Branch of Dresdner Bank (Panama Branch).\u00a0 Thereafter, he was an advisor to the Director of Public Policy of the Ministry of Economy and Finance until 2008. \u00a0Since 2008 Mr. Molina founded the legal practice that in time became Molina y Asociados.<\/p><p>Mr. Molina has also acted as a consultant in several areas, usually related to Economic Analysis of Law.<\/p>\t\t\t\t\t\t\t\t<\/div>\n\t\t\t\t<\/div>\n\t\t\t\t\t<\/div>\n\t\t<\/div>\n\t\t\t\t\t<\/div>\n\t\t<\/section>\n\t\t\t\t<section class=\"elementor-section elementor-top-section elementor-element elementor-element-6ff2673 elementor-section-boxed elementor-section-height-default elementor-section-height-default\" data-id=\"6ff2673\" data-element_type=\"section\">\n\t\t\t\t\t\t<div class=\"elementor-container elementor-column-gap-default\">\n\t\t\t\t\t<div class=\"elementor-column elementor-col-50 elementor-top-column elementor-element elementor-element-d144d20\" data-id=\"d144d20\" data-element_type=\"column\">\n\t\t\t<div class=\"elementor-widget-wrap elementor-element-populated\">\n\t\t\t\t\t\t<div class=\"elementor-element elementor-element-c4e06fa elementor-invisible elementor-widget elementor-widget-text-editor\" data-id=\"c4e06fa\" data-element_type=\"widget\" data-settings=\"{&quot;_animation&quot;:&quot;fadeInUp&quot;}\" data-widget_type=\"text-editor.default\">\n\t\t\t\t<div class=\"elementor-widget-container\">\n\t\t\t\t\t\t\t\t\t<div class=\"wpb_column vc_column_container vc_col-sm-6 sc_layouts_column_icons_position_left\"><div class=\"vc_column-inner \"><div class=\"wpb_wrapper\"><div class=\"wpb_text_column wpb_content_element \"><div class=\"wpb_wrapper\"><p><strong>Written work:<\/strong><\/p><ul><li>OCDE vs. Para\u00edsos Fiscales: el futuro de la competencia fiscal internacional, 2001 (OECD vs. Tax Havens: the Future of International Tax Competition).<\/li><li>The Duty of Disclosure on the Part of the Proposer of an Insurance Contract in the Law of England and Wales, 1999.<\/li><li>La subordinaci\u00f3n jur\u00eddica y la dependencia econ\u00f3mica en la relaci\u00f3n de trabajo, 1998 (Personal Subordination and Economic Dependence in the Labor Relationship).<\/li><\/ul><\/div><\/div><\/div><\/div><\/div>\t\t\t\t\t\t\t\t<\/div>\n\t\t\t\t<\/div>\n\t\t\t\t\t<\/div>\n\t\t<\/div>\n\t\t\t\t<div class=\"elementor-column elementor-col-50 elementor-top-column elementor-element elementor-element-e7cdbb4\" data-id=\"e7cdbb4\" data-element_type=\"column\">\n\t\t\t<div class=\"elementor-widget-wrap elementor-element-populated\">\n\t\t\t\t\t\t<div class=\"elementor-element elementor-element-5eb074b elementor-widget elementor-widget-text-editor\" data-id=\"5eb074b\" data-element_type=\"widget\" data-widget_type=\"text-editor.default\">\n\t\t\t\t<div class=\"elementor-widget-container\">\n\t\t\t\t\t\t\t\t\t<p align=\"JUSTIFY\">Community work:\u00a0<strong>Mr. Molina<\/strong>\u00a0is a founding member of\u00a0<a href=\"http:\/\/www.fundacionlibertad.org.pa\/html\/\" target=\"_blank\" rel=\"noopener\">Fundaci\u00f3n Libertad<\/a>\u00a0(Liberty Foundation). He was a member of the board between 2003 and 2008. \u00a0He is also a member of the Panamanian Association of Business Executives (Asociaci\u00f3n Paname\u00f1a de Ejecutivos de Empresa \u2013 APEDE). He has published more than a hundred articles about Economics, Law and Public Policies, in newspapers and magazines in Panama and other countries.<\/p><p>Languages spoken: Spanish \/ English<\/p>\t\t\t\t\t\t\t\t<\/div>\n\t\t\t\t<\/div>\n\t\t\t\t\t<\/div>\n\t\t<\/div>\n\t\t\t\t\t<\/div>\n\t\t<\/section>\n\t\t\t\t<\/div>\n\t\t","protected":false},"excerpt":{"rendered":"<p>About Us Home >> About Us Jaime Ra\u00fal Molina\u00a0has a Bachelor of Law and Political Science from the University of Panama (1998), and a Master of Laws (LL.M.) from University of Bristol, England (2000).\u00a0 Mr. Molina has held positions in both the private and public sectors.\u00a0 He has practiced law since 1998.\u00a0 From 2000 through [&hellip;]<\/p>\n","protected":false},"author":1,"featured_media":0,"parent":0,"menu_order":0,"comment_status":"closed","ping_status":"closed","template":"elementor_header_footer","meta":{"footnotes":""},"class_list":["post-338","page","type-page","status-publish","hentry","entry"],"_links":{"self":[{"href":"https:\/\/molinapanama.com\/en\/wp-json\/wp\/v2\/pages\/338","targetHints":{"allow":["GET"]}}],"collection":[{"href":"https:\/\/molinapanama.com\/en\/wp-json\/wp\/v2\/pages"}],"about":[{"href":"https:\/\/molinapanama.com\/en\/wp-json\/wp\/v2\/types\/page"}],"author":[{"embeddable":true,"href":"https:\/\/molinapanama.com\/en\/wp-json\/wp\/v2\/users\/1"}],"replies":[{"embeddable":true,"href":"https:\/\/molinapanama.com\/en\/wp-json\/wp\/v2\/comments?post=338"}],"version-history":[{"count":75,"href":"https:\/\/molinapanama.com\/en\/wp-json\/wp\/v2\/pages\/338\/revisions"}],"predecessor-version":[{"id":992,"href":"https:\/\/molinapanama.com\/en\/wp-json\/wp\/v2\/pages\/338\/revisions\/992"}],"wp:attachment":[{"href":"https:\/\/molinapanama.com\/en\/wp-json\/wp\/v2\/media?parent=338"}],"curies":[{"name":"wp","href":"https:\/\/api.w.org\/{rel}","templated":true}]}}